{"id":1000580,"date":"2026-01-09T08:36:34","date_gmt":"2026-01-09T08:36:34","guid":{"rendered":"https:\/\/decoluxekitchens.com\/?page_id=1000580"},"modified":"2026-01-09T10:15:49","modified_gmt":"2026-01-09T10:15:49","slug":"puedes-gestionar-tu-suscripcion-aqui","status":"publish","type":"page","link":"https:\/\/decoluxekitchens.com\/es\/puedes-gestionar-tu-suscripcion-aqui\/","title":{"rendered":"Puedes gestionar tu suscripci\u00f3n aqu\u00ed."},"content":{"rendered":"\t\t<div data-elementor-type=\"wp-page\" data-elementor-id=\"1000580\" class=\"elementor elementor-1000580\" data-elementor-post-type=\"page\">\n\t\t\t\t<div class=\"elementor-element elementor-element-8b2ffd6 e-flex e-con-boxed e-con e-parent\" data-id=\"8b2ffd6\" data-element_type=\"container\" data-e-type=\"container\">\n\t\t\t\t\t<div class=\"e-con-inner\">\n\t\t\t\t<div class=\"elementor-element elementor-element-daad204 elementor-widget elementor-widget-spacer\" data-id=\"daad204\" data-element_type=\"widget\" data-e-type=\"widget\" data-widget_type=\"spacer.default\">\n\t\t\t\t<div class=\"elementor-widget-container\">\n\t\t\t\t\t\t\t<div class=\"elementor-spacer\">\n\t\t\t<div class=\"elementor-spacer-inner\"><\/div>\n\t\t<\/div>\n\t\t\t\t\t\t<\/div>\n\t\t\t\t<\/div>\n\t\t\t\t<div class=\"elementor-element elementor-element-9801f53 elementor-widget elementor-widget-heading\" data-id=\"9801f53\" data-element_type=\"widget\" data-e-type=\"widget\" data-widget_type=\"heading.default\">\n\t\t\t\t<div class=\"elementor-widget-container\">\n\t\t\t\t\t<h2 class=\"elementor-heading-title elementor-size-default\">Puedes gestionar tu suscripci\u00f3n aqu\u00ed.\n\n<\/h2>\t\t\t\t<\/div>\n\t\t\t\t<\/div>\n\t\t\t\t\t<\/div>\n\t\t\t\t<\/div>\n\t\t<div class=\"elementor-element elementor-element-6a350d8 e-flex e-con-boxed e-con e-parent\" data-id=\"6a350d8\" data-element_type=\"container\" data-e-type=\"container\">\n\t\t\t\t\t<div class=\"e-con-inner\">\n\t\t\t\t<div class=\"elementor-element elementor-element-739a3b0 elementor-widget elementor-widget-spacer\" data-id=\"739a3b0\" data-element_type=\"widget\" data-e-type=\"widget\" data-widget_type=\"spacer.default\">\n\t\t\t\t<div class=\"elementor-widget-container\">\n\t\t\t\t\t\t\t<div class=\"elementor-spacer\">\n\t\t\t<div class=\"elementor-spacer-inner\"><\/div>\n\t\t<\/div>\n\t\t\t\t\t\t<\/div>\n\t\t\t\t<\/div>\n\t\t\t\t<div class=\"elementor-element elementor-element-ba1660f elementor-widget elementor-widget-heading\" data-id=\"ba1660f\" data-element_type=\"widget\" data-e-type=\"widget\" data-widget_type=\"heading.default\">\n\t\t\t\t<div class=\"elementor-widget-container\">\n\t\t\t\t\t<p class=\"elementor-heading-title elementor-size-default\">Al confirmar, dejar\u00e1s de recibir nuestras comunicaciones por correo electr\u00f3nico.\nPodr\u00e1s volver a suscribirte cuando lo desees.<\/p>\t\t\t\t<\/div>\n\t\t\t\t<\/div>\n\t\t\t\t\t<\/div>\n\t\t\t\t<\/div>\n\t\t<div class=\"elementor-element elementor-element-7c5f3a8 e-flex e-con-boxed e-con e-parent\" data-id=\"7c5f3a8\" data-element_type=\"container\" data-e-type=\"container\">\n\t\t\t\t\t<div class=\"e-con-inner\">\n\t\t\t\t<div class=\"elementor-element elementor-element-96d9004 elementor-widget elementor-widget-shortcode\" data-id=\"96d9004\" data-element_type=\"widget\" data-e-type=\"widget\" data-widget_type=\"shortcode.default\">\n\t\t\t\t<div class=\"elementor-widget-container\">\n\t\t\t\t\t\t\t<div class=\"elementor-shortcode\">El formulario de gesti\u00f3n de suscripci\u00f3n s\u00f3lo est\u00e1 disponible a los suscriptores de las listas de correo.<\/div>\n\t\t\t\t\t\t<\/div>\n\t\t\t\t<\/div>\n\t\t\t\t\t<\/div>\n\t\t\t\t<\/div>\n\t\t\t\t<\/div>\n\t\t","protected":false},"excerpt":{"rendered":"<p>Puedes gestionar tu suscripci\u00f3n aqu\u00ed. Al confirmar, dejar\u00e1s de recibir nuestras comunicaciones por correo electr\u00f3nico. Podr\u00e1s volver a suscribirte cuando lo desees.<\/p>\n","protected":false},"author":4,"featured_media":0,"parent":0,"menu_order":0,"comment_status":"closed","ping_status":"closed","template":"","meta":{"footnotes":""},"class_list":["post-1000580","page","type-page","status-publish","hentry"],"_links":{"self":[{"href":"https:\/\/decoluxekitchens.com\/es\/wp-json\/wp\/v2\/pages\/1000580","targetHints":{"allow":["GET"]}}],"collection":[{"href":"https:\/\/decoluxekitchens.com\/es\/wp-json\/wp\/v2\/pages"}],"about":[{"href":"https:\/\/decoluxekitchens.com\/es\/wp-json\/wp\/v2\/types\/page"}],"author":[{"embeddable":true,"href":"https:\/\/decoluxekitchens.com\/es\/wp-json\/wp\/v2\/users\/4"}],"replies":[{"embeddable":true,"href":"https:\/\/decoluxekitchens.com\/es\/wp-json\/wp\/v2\/comments?post=1000580"}],"version-history":[{"count":69,"href":"https:\/\/decoluxekitchens.com\/es\/wp-json\/wp\/v2\/pages\/1000580\/revisions"}],"predecessor-version":[{"id":1000664,"href":"https:\/\/decoluxekitchens.com\/es\/wp-json\/wp\/v2\/pages\/1000580\/revisions\/1000664"}],"wp:attachment":[{"href":"https:\/\/decoluxekitchens.com\/es\/wp-json\/wp\/v2\/media?parent=1000580"}],"curies":[{"name":"wp","href":"https:\/\/api.w.org\/{rel}","templated":true}]}}