{"id":1000665,"date":"2026-01-09T10:40:19","date_gmt":"2026-01-09T10:40:19","guid":{"rendered":"https:\/\/decoluxekitchens.com\/?page_id=1000665"},"modified":"2026-01-09T11:30:46","modified_gmt":"2026-01-09T11:30:46","slug":"confirma-que-quieres-darte-de-baja","status":"publish","type":"page","link":"https:\/\/decoluxekitchens.com\/es\/confirma-que-quieres-darte-de-baja\/","title":{"rendered":"Confirma que quieres darte de baja"},"content":{"rendered":"\t\t<div data-elementor-type=\"wp-page\" data-elementor-id=\"1000665\" class=\"elementor elementor-1000665\" data-elementor-post-type=\"page\">\n\t\t\t\t<div class=\"elementor-element elementor-element-5e44347 e-flex e-con-boxed e-con e-parent\" data-id=\"5e44347\" data-element_type=\"container\" data-e-type=\"container\">\n\t\t\t\t\t<div class=\"e-con-inner\">\n\t\t\t\t<div class=\"elementor-element elementor-element-2dbd73d elementor-widget elementor-widget-spacer\" data-id=\"2dbd73d\" data-element_type=\"widget\" data-e-type=\"widget\" data-widget_type=\"spacer.default\">\n\t\t\t\t<div class=\"elementor-widget-container\">\n\t\t\t\t\t\t\t<div class=\"elementor-spacer\">\n\t\t\t<div class=\"elementor-spacer-inner\"><\/div>\n\t\t<\/div>\n\t\t\t\t\t\t<\/div>\n\t\t\t\t<\/div>\n\t\t\t\t\t<\/div>\n\t\t\t\t<\/div>\n\t\t<div class=\"elementor-element elementor-element-b177a13 e-flex e-con-boxed e-con e-parent\" data-id=\"b177a13\" data-element_type=\"container\" data-e-type=\"container\">\n\t\t\t\t\t<div class=\"e-con-inner\">\n\t\t\t\t<div class=\"elementor-element elementor-element-cd52038 elementor-widget elementor-widget-heading\" data-id=\"cd52038\" data-element_type=\"widget\" data-e-type=\"widget\" data-widget_type=\"heading.default\">\n\t\t\t\t<div class=\"elementor-widget-container\">\n\t\t\t\t\t<h2 class=\"elementor-heading-title elementor-size-default\">Confirma que quieres darte de baja\n\n<\/h2>\t\t\t\t<\/div>\n\t\t\t\t<\/div>\n\t\t\t\t\t<\/div>\n\t\t\t\t<\/div>\n\t\t<div class=\"elementor-element elementor-element-4555986 e-flex e-con-boxed e-con e-parent\" data-id=\"4555986\" data-element_type=\"container\" data-e-type=\"container\">\n\t\t\t\t\t<div class=\"e-con-inner\">\n\t\t\t\t<div class=\"elementor-element elementor-element-b7fb209 elementor-widget elementor-widget-spacer\" data-id=\"b7fb209\" data-element_type=\"widget\" data-e-type=\"widget\" data-widget_type=\"spacer.default\">\n\t\t\t\t<div class=\"elementor-widget-container\">\n\t\t\t\t\t\t\t<div class=\"elementor-spacer\">\n\t\t\t<div class=\"elementor-spacer-inner\"><\/div>\n\t\t<\/div>\n\t\t\t\t\t\t<\/div>\n\t\t\t\t<\/div>\n\t\t\t\t<div class=\"elementor-element elementor-element-623dc64 elementor-widget elementor-widget-heading\" data-id=\"623dc64\" data-element_type=\"widget\" data-e-type=\"widget\" data-widget_type=\"heading.default\">\n\t\t\t\t<div class=\"elementor-widget-container\">\n\t\t\t\t\t<p class=\"elementor-heading-title elementor-size-default\">Al confirmar esta acci\u00f3n, tu direcci\u00f3n de correo electr\u00f3nico ser\u00e1 eliminada de nuestra lista de env\u00edos y dejar\u00e1s de recibir futuras comunicaciones.<\/p>\t\t\t\t<\/div>\n\t\t\t\t<\/div>\n\t\t\t\t\t<\/div>\n\t\t\t\t<\/div>\n\t\t<div class=\"elementor-element elementor-element-8c37857 e-flex e-con-boxed e-con e-parent\" data-id=\"8c37857\" data-element_type=\"container\" data-e-type=\"container\">\n\t\t\t\t\t<div class=\"e-con-inner\">\n\t\t\t\t<div class=\"elementor-element elementor-element-8806261 elementor-widget elementor-widget-shortcode\" data-id=\"8806261\" data-element_type=\"widget\" data-e-type=\"widget\" data-widget_type=\"shortcode.default\">\n\t\t\t\t<div class=\"elementor-widget-container\">\n\t\t\t\t\t\t\t<div class=\"elementor-shortcode\">[mailpoet_page]<\/div>\n\t\t\t\t\t\t<\/div>\n\t\t\t\t<\/div>\n\t\t\t\t\t<\/div>\n\t\t\t\t<\/div>\n\t\t\t\t<\/div>\n\t\t","protected":false},"excerpt":{"rendered":"<p>Confirma que quieres darte de baja Al confirmar esta acci\u00f3n, tu direcci\u00f3n de correo electr\u00f3nico ser\u00e1 eliminada de nuestra lista de env\u00edos y dejar\u00e1s de recibir futuras comunicaciones. [mailpoet_page]<\/p>\n","protected":false},"author":4,"featured_media":0,"parent":0,"menu_order":0,"comment_status":"closed","ping_status":"closed","template":"","meta":{"footnotes":""},"class_list":["post-1000665","page","type-page","status-publish","hentry"],"_links":{"self":[{"href":"https:\/\/decoluxekitchens.com\/es\/wp-json\/wp\/v2\/pages\/1000665","targetHints":{"allow":["GET"]}}],"collection":[{"href":"https:\/\/decoluxekitchens.com\/es\/wp-json\/wp\/v2\/pages"}],"about":[{"href":"https:\/\/decoluxekitchens.com\/es\/wp-json\/wp\/v2\/types\/page"}],"author":[{"embeddable":true,"href":"https:\/\/decoluxekitchens.com\/es\/wp-json\/wp\/v2\/users\/4"}],"replies":[{"embeddable":true,"href":"https:\/\/decoluxekitchens.com\/es\/wp-json\/wp\/v2\/comments?post=1000665"}],"version-history":[{"count":43,"href":"https:\/\/decoluxekitchens.com\/es\/wp-json\/wp\/v2\/pages\/1000665\/revisions"}],"predecessor-version":[{"id":1000716,"href":"https:\/\/decoluxekitchens.com\/es\/wp-json\/wp\/v2\/pages\/1000665\/revisions\/1000716"}],"wp:attachment":[{"href":"https:\/\/decoluxekitchens.com\/es\/wp-json\/wp\/v2\/media?parent=1000665"}],"curies":[{"name":"wp","href":"https:\/\/api.w.org\/{rel}","templated":true}]}}