{"id":1000721,"date":"2026-01-09T12:05:14","date_gmt":"2026-01-09T12:05:14","guid":{"rendered":"https:\/\/decoluxekitchens.com\/?page_id=1000721"},"modified":"2026-01-09T12:13:46","modified_gmt":"2026-01-09T12:13:46","slug":"bienvenido-de-nuevo","status":"publish","type":"page","link":"https:\/\/decoluxekitchens.com\/es\/bienvenido-de-nuevo\/","title":{"rendered":"Bienvenido de nuevo"},"content":{"rendered":"\t\t<div data-elementor-type=\"wp-page\" data-elementor-id=\"1000721\" class=\"elementor elementor-1000721\" data-elementor-post-type=\"page\">\n\t\t\t\t<div class=\"elementor-element elementor-element-f5f8b34 e-flex e-con-boxed e-con e-parent\" data-id=\"f5f8b34\" data-element_type=\"container\" data-e-type=\"container\">\n\t\t\t\t\t<div class=\"e-con-inner\">\n\t\t\t\t<div class=\"elementor-element elementor-element-e5210ff elementor-widget elementor-widget-spacer\" data-id=\"e5210ff\" data-element_type=\"widget\" data-e-type=\"widget\" data-widget_type=\"spacer.default\">\n\t\t\t\t<div class=\"elementor-widget-container\">\n\t\t\t\t\t\t\t<div class=\"elementor-spacer\">\n\t\t\t<div class=\"elementor-spacer-inner\"><\/div>\n\t\t<\/div>\n\t\t\t\t\t\t<\/div>\n\t\t\t\t<\/div>\n\t\t\t\t\t<\/div>\n\t\t\t\t<\/div>\n\t\t<div class=\"elementor-element elementor-element-9c1c9d7 e-flex e-con-boxed e-con e-parent\" data-id=\"9c1c9d7\" data-element_type=\"container\" data-e-type=\"container\">\n\t\t\t\t\t<div class=\"e-con-inner\">\n\t\t\t\t<div class=\"elementor-element elementor-element-400b2b1 elementor-widget elementor-widget-heading\" data-id=\"400b2b1\" data-element_type=\"widget\" data-e-type=\"widget\" data-widget_type=\"heading.default\">\n\t\t\t\t<div class=\"elementor-widget-container\">\n\t\t\t\t\t<h2 class=\"elementor-heading-title elementor-size-default\">Bienvenido de nuevo\n<\/h2>\t\t\t\t<\/div>\n\t\t\t\t<\/div>\n\t\t\t\t\t<\/div>\n\t\t\t\t<\/div>\n\t\t<div class=\"elementor-element elementor-element-4f401764 e-flex e-con-boxed e-con e-parent\" data-id=\"4f401764\" data-element_type=\"container\" data-e-type=\"container\">\n\t\t\t\t\t<div class=\"e-con-inner\">\n\t\t\t\t<div class=\"elementor-element elementor-element-5fc5bdb0 elementor-widget elementor-widget-text-editor\" data-id=\"5fc5bdb0\" data-element_type=\"widget\" data-e-type=\"widget\" data-widget_type=\"text-editor.default\">\n\t\t\t\t<div class=\"elementor-widget-container\">\n\t\t\t\t\t\t\t\t\t<p>Gracias por reactivar tu suscripci\u00f3n. Apreciamos mucho tu inter\u00e9s y seguiremos envi\u00e1ndote contenidos e informaci\u00f3n que creemos que te encantar\u00e1n.<\/p>\n<p>\u00a0<\/p>\t\t\t\t\t\t\t\t<\/div>\n\t\t\t\t<\/div>\n\t\t\t\t\t<\/div>\n\t\t\t\t<\/div>\n\t\t<div class=\"elementor-element elementor-element-9fd6410 e-flex e-con-boxed e-con e-parent\" data-id=\"9fd6410\" data-element_type=\"container\" data-e-type=\"container\">\n\t\t\t\t\t<div class=\"e-con-inner\">\n\t\t\t\t<div class=\"elementor-element elementor-element-f4b4cfc elementor-widget elementor-widget-shortcode\" data-id=\"f4b4cfc\" data-element_type=\"widget\" data-e-type=\"widget\" data-widget_type=\"shortcode.default\">\n\t\t\t\t<div class=\"elementor-widget-container\">\n\t\t\t\t\t\t\t<div class=\"elementor-shortcode\">[mailpoet_page]<\/div>\n\t\t\t\t\t\t<\/div>\n\t\t\t\t<\/div>\n\t\t\t\t\t<\/div>\n\t\t\t\t<\/div>\n\t\t\t\t<\/div>\n\t\t","protected":false},"excerpt":{"rendered":"<p>Bienvenido de nuevo Gracias por reactivar tu suscripci\u00f3n. Apreciamos mucho tu inter\u00e9s y seguiremos envi\u00e1ndote contenidos e informaci\u00f3n que creemos que te encantar\u00e1n. \u00a0 [mailpoet_page]<\/p>\n","protected":false},"author":4,"featured_media":0,"parent":0,"menu_order":0,"comment_status":"closed","ping_status":"closed","template":"","meta":{"footnotes":""},"class_list":["post-1000721","page","type-page","status-publish","hentry"],"_links":{"self":[{"href":"https:\/\/decoluxekitchens.com\/es\/wp-json\/wp\/v2\/pages\/1000721","targetHints":{"allow":["GET"]}}],"collection":[{"href":"https:\/\/decoluxekitchens.com\/es\/wp-json\/wp\/v2\/pages"}],"about":[{"href":"https:\/\/decoluxekitchens.com\/es\/wp-json\/wp\/v2\/types\/page"}],"author":[{"embeddable":true,"href":"https:\/\/decoluxekitchens.com\/es\/wp-json\/wp\/v2\/users\/4"}],"replies":[{"embeddable":true,"href":"https:\/\/decoluxekitchens.com\/es\/wp-json\/wp\/v2\/comments?post=1000721"}],"version-history":[{"count":11,"href":"https:\/\/decoluxekitchens.com\/es\/wp-json\/wp\/v2\/pages\/1000721\/revisions"}],"predecessor-version":[{"id":1000738,"href":"https:\/\/decoluxekitchens.com\/es\/wp-json\/wp\/v2\/pages\/1000721\/revisions\/1000738"}],"wp:attachment":[{"href":"https:\/\/decoluxekitchens.com\/es\/wp-json\/wp\/v2\/media?parent=1000721"}],"curies":[{"name":"wp","href":"https:\/\/api.w.org\/{rel}","templated":true}]}}