{"id":987707,"date":"2025-08-07T06:48:10","date_gmt":"2025-08-07T06:48:10","guid":{"rendered":"https:\/\/decoluxekitchens.com\/?page_id=987707"},"modified":"2025-08-12T07:28:15","modified_gmt":"2025-08-12T07:28:15","slug":"politica-de-privacidad","status":"publish","type":"page","link":"https:\/\/decoluxekitchens.com\/es\/politica-de-privacidad\/","title":{"rendered":"Pol\u00edtica de Privacidad"},"content":{"rendered":"\t\t<div data-elementor-type=\"wp-page\" data-elementor-id=\"987707\" class=\"elementor elementor-987707\" data-elementor-post-type=\"page\">\n\t\t\t\t<div class=\"elementor-element elementor-element-3b4a89a e-flex e-con-boxed e-con e-parent\" data-id=\"3b4a89a\" data-element_type=\"container\" data-e-type=\"container\">\n\t\t\t\t\t<div class=\"e-con-inner\">\n\t\t\t\t<div class=\"elementor-element elementor-element-d8f3810 elementor-widget elementor-widget-heading\" data-id=\"d8f3810\" data-element_type=\"widget\" data-e-type=\"widget\" data-widget_type=\"heading.default\">\n\t\t\t\t<div class=\"elementor-widget-container\">\n\t\t\t\t\t<h1 class=\"elementor-heading-title elementor-size-default\">Pol\u00edtica de Privacidad<\/h1>\t\t\t\t<\/div>\n\t\t\t\t<\/div>\n\t\t\t\t<div class=\"elementor-element elementor-element-44f32c9 elementor-widget elementor-widget-heading\" data-id=\"44f32c9\" data-element_type=\"widget\" data-e-type=\"widget\" data-widget_type=\"heading.default\">\n\t\t\t\t<div class=\"elementor-widget-container\">\n\t\t\t\t\t<h2 class=\"elementor-heading-title elementor-size-default\">PROTECCI\u00d3N DE DATOS<\/h2>\t\t\t\t<\/div>\n\t\t\t\t<\/div>\n\t\t\t\t<div class=\"elementor-element elementor-element-cdebd4b elementor-widget elementor-widget-text-editor\" data-id=\"cdebd4b\" data-element_type=\"widget\" data-e-type=\"widget\" data-widget_type=\"text-editor.default\">\n\t\t\t\t<div class=\"elementor-widget-container\">\n\t\t\t\t\t\t\t\t\t<p><strong>DECOLUXE<\/strong> garantiza el cumplimiento de la normativa vigente en materia de protecci\u00f3n de datos personales, reflejada en la Ley Org\u00e1nica 3\/2018, de 5 de diciembre, de Protecci\u00f3n de Datos Personales y de Garant\u00eda de Derechos Digitales (LOPD GDD). Cumple tambi\u00e9n con el Reglamento (UE) 2016\/679 del Parlamento Europeo y del Consejo de 27 de abril de 2016 relativo a la protecci\u00f3n de las personas f\u00edsicas (RGPD).<\/p><p>Identidad del responsable:<\/p><ul><li>Titular: <strong>Decoluxe Design Center S.L.<\/strong><\/li><li>Direcci\u00f3n: <strong>Pol\u00edgono industrial Nueva Campana, 57 C.P. 29660, Marbella (M\u00e1laga).<\/strong><\/li><li>NIF: <strong>B10607356<\/strong><\/li><li>Tel\u00e9fono: <a href=\"tel:+34677602733\"><strong>(+34) 677 602 733<\/strong><\/a><\/li><li>Correo electr\u00f3nico de contacto: <a href=\"mailto:info@decoluxe.es\" target=\"_blank\" rel=\"noopener\">info@decoluxe.es<\/a><\/li><li>Web: <a href=\"https:\/\/decoluxekitchens.com\/\">https:\/\/decoluxekitchens.com\/<\/a><\/li><\/ul><p>En el tratamiento de sus datos personales, el Titular aplicar\u00e1 los siguientes principios que se ajustan a las exigencias del nuevo reglamento europeo de protecci\u00f3n de datos:<\/p><ul><li><strong>Principio de licitud, lealtad y transparencia<\/strong>: El Titular siempre requerir\u00e1 el consentimiento para el tratamiento de sus datos personales que puede ser para uno o varios fines espec\u00edficos sobre los que se le informar\u00e1 previamente con absoluta transparencia.<\/li><li><strong>Principio de minimizaci\u00f3n de datos<\/strong>: El Titular le solicitar\u00e1 solo los datos estrictamente necesarios para el fin o los fines que los solicita.<\/li><li><strong>Principio de limitaci\u00f3n del plazo de conservaci\u00f3n<\/strong>: Los datos se mantendr\u00e1n durante el tiempo estrictamente necesario para el fin o los fines del tratamiento. El Titular le informar\u00e1 del plazo de conservaci\u00f3n correspondiente seg\u00fan la finalidad. En el caso de suscripciones, el Titular revisar\u00e1 peri\u00f3dicamente las listas y eliminar\u00e1 aquellos registros inactivos durante un tiempo considerable.<\/li><li><strong>Principio de integridad y confidencialidad<\/strong>: Sus datos ser\u00e1n tratados de tal manera que su seguridad, confidencialidad e integridad est\u00e9 garantizada. Debe saber que el Titular toma las precauciones necesarias para evitar el acceso no autorizado o uso indebido de los datos de sus usuarios por parte de terceros.<\/li><\/ul><p>El Titular le informa que sobre sus datos personales tiene derecho a:<\/p><ul><li>Solicitar el acceso a los datos almacenados.<\/li><li>Solicitar una rectificaci\u00f3n o la cancelaci\u00f3n.<\/li><li>Solicitar la limitaci\u00f3n de su tratamiento.<\/li><li>Oponerse al tratamiento.<\/li><li>Solicitar la portabilidad de sus datos.<\/li><\/ul><p>El ejercicio de estos derechos es personal y por tanto debe ser ejercido directamente por el interesado, solicit\u00e1ndolo directamente al Titular, lo que significa que cualquier cliente, suscriptor o colaborador que haya facilitado sus datos en alg\u00fan momento puede dirigirse al Titular y pedir informaci\u00f3n sobre los datos que tiene almacenados y c\u00f3mo los ha obtenido, solicitar la rectificaci\u00f3n de los mismos, solicitar la portabilidad de sus datos personales, oponerse al tratamiento, limitar su uso o solicitar la cancelaci\u00f3n de esos datos en los ficheros del Titular.<\/p><p>Para ejercitar sus derechos de acceso, rectificaci\u00f3n, cancelaci\u00f3n, portabilidad y oposici\u00f3n tiene que enviar un correo electr\u00f3nico a <a href=\"mailto:info@decoluxe.es\" target=\"_blank\" rel=\"noopener\">info@decoluxe.es<\/a> junto con la prueba v\u00e1lida en derecho como una fotocopia del DNI o equivalente.<\/p><p>Tiene derecho a la tutela judicial efectiva y a presentar una reclamaci\u00f3n ante la autoridad de control, en este caso, la Agencia Espa\u00f1ola de Protecci\u00f3n de Datos, si considera que el tratamiento de datos personales que le conciernen infringe el Reglamento.<\/p>\t\t\t\t\t\t\t\t<\/div>\n\t\t\t\t<\/div>\n\t\t\t\t<div class=\"elementor-element elementor-element-531d6a1 elementor-widget elementor-widget-heading\" data-id=\"531d6a1\" data-element_type=\"widget\" data-e-type=\"widget\" data-widget_type=\"heading.default\">\n\t\t\t\t<div class=\"elementor-widget-container\">\n\t\t\t\t\t<h2 class=\"elementor-heading-title elementor-size-default\">PROPIEDAD INTELECTUAL E INDUSTRIAL<\/h2>\t\t\t\t<\/div>\n\t\t\t\t<\/div>\n\t\t\t\t<div class=\"elementor-element elementor-element-7367bdf elementor-widget elementor-widget-text-editor\" data-id=\"7367bdf\" data-element_type=\"widget\" data-e-type=\"widget\" data-widget_type=\"text-editor.default\">\n\t\t\t\t<div class=\"elementor-widget-container\">\n\t\t\t\t\t\t\t\t\t<p><strong>DECOLUXE<\/strong> por s\u00ed o como cesionaria, es titular de todos los derechos de propiedad intelectual e industrial de su p\u00e1gina web, as\u00ed como de los elementos contenidos en la misma (a t\u00edtulo enunciativo, im\u00e1genes, sonido, audio, v\u00eddeo, software o textos; marcas o logotipos, combinaciones de colores, estructura y dise\u00f1o, selecci\u00f3n de materiales usados, programas de ordenador necesarios para su funcionamiento, acceso y uso, etc.), titularidad de <strong>DECOLUXE<\/strong> o bien de sus licenciantes.<\/p><p>Todos los derechos reservados.<\/p><p>En virtud de lo dispuesto en los art\u00edculos 8 y 32.1, p\u00e1rrafo segundo, de la Ley de Propiedad Intelectual, quedan expresamente prohibidas la reproducci\u00f3n, la distribuci\u00f3n y la comunicaci\u00f3n p\u00fablica, incluida su modalidad de puesta a disposici\u00f3n, de la totalidad o parte de los contenidos de esta p\u00e1gina web, con fines comerciales, en cualquier soporte y por cualquier medio t\u00e9cnico, sin la autorizaci\u00f3n de <strong>DECOLUXE<\/strong>.<\/p><p>El USUARIO se compromete a respetar los derechos de Propiedad Intelectual e Industrial titularidad de <strong>DECOLUXE<\/strong>. Podr\u00e1 visualizar los elementos del portal e incluso imprimirlos, copiarlos y almacenarlos en el disco duro de su ordenador o en cualquier otro soporte f\u00edsico siempre y cuando sea, \u00fanica y exclusivamente, para su uso personal y privado.<\/p><p>El USUARIO deber\u00e1 abstenerse de suprimir, alterar, eludir o manipular cualquier dispositivo de protecci\u00f3n o sistema de seguridad que estuviera instalado en las p\u00e1ginas de <strong>DECOLUXE<\/strong>.<\/p>\t\t\t\t\t\t\t\t<\/div>\n\t\t\t\t<\/div>\n\t\t\t\t<div class=\"elementor-element elementor-element-cfbe881 elementor-widget elementor-widget-heading\" data-id=\"cfbe881\" data-element_type=\"widget\" data-e-type=\"widget\" data-widget_type=\"heading.default\">\n\t\t\t\t<div class=\"elementor-widget-container\">\n\t\t\t\t\t<h2 class=\"elementor-heading-title elementor-size-default\">EXCLUSI\u00d3N DE GARANT\u00cdA Y RESPONSABILIDAD<\/h2>\t\t\t\t<\/div>\n\t\t\t\t<\/div>\n\t\t\t\t<div class=\"elementor-element elementor-element-26ef0d9 elementor-widget elementor-widget-text-editor\" data-id=\"26ef0d9\" data-element_type=\"widget\" data-e-type=\"widget\" data-widget_type=\"text-editor.default\">\n\t\t\t\t<div class=\"elementor-widget-container\">\n\t\t\t\t\t\t\t\t\t<p><strong>DECOLUXE<\/strong> no se hace responsable, en ning\u00fan caso, de los da\u00f1os y perjuicios de cualquier naturaleza que pudieran ocasionar, a t\u00edtulo enunciativo: errores u omisiones en los contenidos, falta de disponibilidad del portal o la transmisi\u00f3n de virus o programas maliciosos o lesivos en los contenidos, a pesar de haber adoptado todas las medidas tecnol\u00f3gicas necesarias para evitarlo.<\/p>\t\t\t\t\t\t\t\t<\/div>\n\t\t\t\t<\/div>\n\t\t\t\t<div class=\"elementor-element elementor-element-ead8895 elementor-widget elementor-widget-heading\" data-id=\"ead8895\" data-element_type=\"widget\" data-e-type=\"widget\" data-widget_type=\"heading.default\">\n\t\t\t\t<div class=\"elementor-widget-container\">\n\t\t\t\t\t<h2 class=\"elementor-heading-title elementor-size-default\">MODIFICACIONES<\/h2>\t\t\t\t<\/div>\n\t\t\t\t<\/div>\n\t\t\t\t<div class=\"elementor-element elementor-element-ec85e2f elementor-widget elementor-widget-text-editor\" data-id=\"ec85e2f\" data-element_type=\"widget\" data-e-type=\"widget\" data-widget_type=\"text-editor.default\">\n\t\t\t\t<div class=\"elementor-widget-container\">\n\t\t\t\t\t\t\t\t\t<p><strong>DECOLUXE<\/strong> se reserva el derecho de efectuar sin previo aviso las modificaciones que considere oportunas en su portal, pudiendo cambiar, suprimir o a\u00f1adir tanto los contenidos y servicios que se presten a trav\u00e9s de la misma como la forma en la que \u00e9stos aparezcan presentados o localizados en su portal.<\/p>\t\t\t\t\t\t\t\t<\/div>\n\t\t\t\t<\/div>\n\t\t\t\t<div class=\"elementor-element elementor-element-ea1c84b elementor-widget elementor-widget-heading\" data-id=\"ea1c84b\" data-element_type=\"widget\" data-e-type=\"widget\" data-widget_type=\"heading.default\">\n\t\t\t\t<div class=\"elementor-widget-container\">\n\t\t\t\t\t<h2 class=\"elementor-heading-title elementor-size-default\">ENLACES<\/h2>\t\t\t\t<\/div>\n\t\t\t\t<\/div>\n\t\t\t\t<div class=\"elementor-element elementor-element-0741eef elementor-widget elementor-widget-text-editor\" data-id=\"0741eef\" data-element_type=\"widget\" data-e-type=\"widget\" data-widget_type=\"text-editor.default\">\n\t\t\t\t<div class=\"elementor-widget-container\">\n\t\t\t\t\t\t\t\t\t<p>En el caso de que en <strong>DECOLUXE<\/strong> se dispusiesen enlaces o hiperv\u00ednculos hac\u00eda otros sitios de Internet, <strong>DECOLUXE<\/strong> no ejercer\u00e1 ning\u00fan tipo de control sobre dichos sitios y contenidos.<\/p><p>En ning\u00fan caso <strong>DECOLUXE<\/strong> asumir\u00e1 responsabilidad alguna por los contenidos de alg\u00fan enlace perteneciente a un sitio web ajeno, ni garantizar\u00e1 la disponibilidad t\u00e9cnica, calidad, fiabilidad, exactitud, amplitud, veracidad, validez y constitucionalidad de cualquier material o informaci\u00f3n contenida en ninguno de dichos hiperv\u00ednculos u otros sitios de Internet. Igualmente la inclusi\u00f3n de estas conexiones externas no implicar\u00e1 ning\u00fan tipo de asociaci\u00f3n, fusi\u00f3n o participaci\u00f3n con las entidades conectadas.<\/p>\t\t\t\t\t\t\t\t<\/div>\n\t\t\t\t<\/div>\n\t\t\t\t<div class=\"elementor-element elementor-element-3153bca elementor-widget elementor-widget-heading\" data-id=\"3153bca\" data-element_type=\"widget\" data-e-type=\"widget\" data-widget_type=\"heading.default\">\n\t\t\t\t<div class=\"elementor-widget-container\">\n\t\t\t\t\t<h2 class=\"elementor-heading-title elementor-size-default\">DERECHO DE EXCLUSI\u00d3N<\/h2>\t\t\t\t<\/div>\n\t\t\t\t<\/div>\n\t\t\t\t<div class=\"elementor-element elementor-element-ef1f6d0 elementor-widget elementor-widget-text-editor\" data-id=\"ef1f6d0\" data-element_type=\"widget\" data-e-type=\"widget\" data-widget_type=\"text-editor.default\">\n\t\t\t\t<div class=\"elementor-widget-container\">\n\t\t\t\t\t\t\t\t\t<p><strong>DECOLUXE<\/strong> se reserva el derecho a denegar o retirar el acceso a portal y\/o los servicios ofrecidos sin necesidad de preaviso, a instancia propia o de un tercero, a aquellos usuarios que incumplan las presentes Condiciones Generales de Uso.<\/p>\t\t\t\t\t\t\t\t<\/div>\n\t\t\t\t<\/div>\n\t\t\t\t<div class=\"elementor-element elementor-element-0d77ab9 elementor-widget elementor-widget-heading\" data-id=\"0d77ab9\" data-element_type=\"widget\" data-e-type=\"widget\" data-widget_type=\"heading.default\">\n\t\t\t\t<div class=\"elementor-widget-container\">\n\t\t\t\t\t<h2 class=\"elementor-heading-title elementor-size-default\">GENERALIDADES<\/h2>\t\t\t\t<\/div>\n\t\t\t\t<\/div>\n\t\t\t\t<div class=\"elementor-element elementor-element-0f9cdfb elementor-widget elementor-widget-text-editor\" data-id=\"0f9cdfb\" data-element_type=\"widget\" data-e-type=\"widget\" data-widget_type=\"text-editor.default\">\n\t\t\t\t<div class=\"elementor-widget-container\">\n\t\t\t\t\t\t\t\t\t<p><strong>DECOLUXE<\/strong> perseguir\u00e1 el incumplimiento de las presentes condiciones as\u00ed como cualquier utilizaci\u00f3n indebida de su portal ejerciendo todas las acciones civiles y penales que le puedan corresponder en derecho.<\/p>\t\t\t\t\t\t\t\t<\/div>\n\t\t\t\t<\/div>\n\t\t\t\t<div class=\"elementor-element elementor-element-2613672 elementor-widget elementor-widget-heading\" data-id=\"2613672\" data-element_type=\"widget\" data-e-type=\"widget\" data-widget_type=\"heading.default\">\n\t\t\t\t<div class=\"elementor-widget-container\">\n\t\t\t\t\t<h2 class=\"elementor-heading-title elementor-size-default\">MODIFICACI\u00d3N DE LAS PRESENTES CONDICIONES Y DURACI\u00d3N<\/h2>\t\t\t\t<\/div>\n\t\t\t\t<\/div>\n\t\t\t\t<div class=\"elementor-element elementor-element-c62e393 elementor-widget elementor-widget-text-editor\" data-id=\"c62e393\" data-element_type=\"widget\" data-e-type=\"widget\" data-widget_type=\"text-editor.default\">\n\t\t\t\t<div class=\"elementor-widget-container\">\n\t\t\t\t\t\t\t\t\t<p><strong>DECOLUXE<\/strong> podr\u00e1 modificar en cualquier momento las condiciones aqu\u00ed determinadas, siendo debidamente publicadas como aqu\u00ed aparecen. La vigencia de las citadas condiciones ir\u00e1 en funci\u00f3n de su exposici\u00f3n y estar\u00e1n vigentes hasta que sean modificadas por otras debidamente publicadas.<\/p>\t\t\t\t\t\t\t\t<\/div>\n\t\t\t\t<\/div>\n\t\t\t\t<div class=\"elementor-element elementor-element-c475e65 elementor-widget elementor-widget-heading\" data-id=\"c475e65\" data-element_type=\"widget\" data-e-type=\"widget\" data-widget_type=\"heading.default\">\n\t\t\t\t<div class=\"elementor-widget-container\">\n\t\t\t\t\t<h2 class=\"elementor-heading-title elementor-size-default\">LEGISLACI\u00d3N APLICABLE Y JURISDICCI\u00d3N<\/h2>\t\t\t\t<\/div>\n\t\t\t\t<\/div>\n\t\t\t\t<div class=\"elementor-element elementor-element-fcec4b2 elementor-widget elementor-widget-text-editor\" data-id=\"fcec4b2\" data-element_type=\"widget\" data-e-type=\"widget\" data-widget_type=\"text-editor.default\">\n\t\t\t\t<div class=\"elementor-widget-container\">\n\t\t\t\t\t\t\t\t\t<p>La relaci\u00f3n entre <strong>DECOLUXE<\/strong> y el USUARIO se regir\u00e1 por la normativa espa\u00f1ola vigente y cualquier controversia se someter\u00e1 a los Juzgados y tribunales de la ciudad de <strong>Marbella<\/strong>.<\/p>\t\t\t\t\t\t\t\t<\/div>\n\t\t\t\t<\/div>\n\t\t\t\t\t<\/div>\n\t\t\t\t<\/div>\n\t\t\t\t<\/div>\n\t\t","protected":false},"excerpt":{"rendered":"<p>Pol\u00edtica de Privacidad PROTECCI\u00d3N DE DATOS DECOLUXE garantiza el cumplimiento de la normativa vigente en materia de protecci\u00f3n de datos personales, reflejada en la Ley Org\u00e1nica 3\/2018, de 5 de diciembre, de Protecci\u00f3n de Datos Personales y de Garant\u00eda de Derechos Digitales (LOPD GDD). Cumple tambi\u00e9n con el Reglamento (UE) 2016\/679 del Parlamento Europeo y&#8230;<\/p>\n","protected":false},"author":5,"featured_media":0,"parent":0,"menu_order":0,"comment_status":"closed","ping_status":"closed","template":"elementor_header_footer","meta":{"footnotes":""},"class_list":["post-987707","page","type-page","status-publish","hentry"],"_links":{"self":[{"href":"https:\/\/decoluxekitchens.com\/es\/wp-json\/wp\/v2\/pages\/987707","targetHints":{"allow":["GET"]}}],"collection":[{"href":"https:\/\/decoluxekitchens.com\/es\/wp-json\/wp\/v2\/pages"}],"about":[{"href":"https:\/\/decoluxekitchens.com\/es\/wp-json\/wp\/v2\/types\/page"}],"author":[{"embeddable":true,"href":"https:\/\/decoluxekitchens.com\/es\/wp-json\/wp\/v2\/users\/5"}],"replies":[{"embeddable":true,"href":"https:\/\/decoluxekitchens.com\/es\/wp-json\/wp\/v2\/comments?post=987707"}],"version-history":[{"count":20,"href":"https:\/\/decoluxekitchens.com\/es\/wp-json\/wp\/v2\/pages\/987707\/revisions"}],"predecessor-version":[{"id":988327,"href":"https:\/\/decoluxekitchens.com\/es\/wp-json\/wp\/v2\/pages\/987707\/revisions\/988327"}],"wp:attachment":[{"href":"https:\/\/decoluxekitchens.com\/es\/wp-json\/wp\/v2\/media?parent=987707"}],"curies":[{"name":"wp","href":"https:\/\/api.w.org\/{rel}","templated":true}]}}