{"id":987721,"date":"2025-08-07T06:57:18","date_gmt":"2025-08-07T06:57:18","guid":{"rendered":"https:\/\/decoluxekitchens.com\/?page_id=987721"},"modified":"2025-11-28T07:08:22","modified_gmt":"2025-11-28T07:08:22","slug":"politica-de-cookies","status":"publish","type":"page","link":"https:\/\/decoluxekitchens.com\/es\/politica-de-cookies\/","title":{"rendered":"Pol\u00edtica de Cookies"},"content":{"rendered":"\t\t<div data-elementor-type=\"wp-page\" data-elementor-id=\"987721\" class=\"elementor elementor-987721\" data-elementor-post-type=\"page\">\n\t\t\t\t<div class=\"elementor-element elementor-element-0a7a8cc e-flex e-con-boxed e-con e-parent\" data-id=\"0a7a8cc\" data-element_type=\"container\" data-e-type=\"container\">\n\t\t\t\t\t<div class=\"e-con-inner\">\n\t\t\t\t<div class=\"elementor-element elementor-element-0a85ad4 elementor-widget elementor-widget-heading\" data-id=\"0a85ad4\" data-element_type=\"widget\" data-e-type=\"widget\" data-widget_type=\"heading.default\">\n\t\t\t\t<div class=\"elementor-widget-container\">\n\t\t\t\t\t<h2 class=\"elementor-heading-title elementor-size-default\">Pol\u00edtica de cookies<\/h2>\t\t\t\t<\/div>\n\t\t\t\t<\/div>\n\t\t\t\t\t<\/div>\n\t\t\t\t<\/div>\n\t\t<div class=\"elementor-element elementor-element-af4d151 e-flex e-con-boxed e-con e-parent\" data-id=\"af4d151\" data-element_type=\"container\" data-e-type=\"container\">\n\t\t\t\t\t<div class=\"e-con-inner\">\n\t\t\t\t<div class=\"elementor-element elementor-element-dfa1434 elementor-widget elementor-widget-heading\" data-id=\"dfa1434\" data-element_type=\"widget\" data-e-type=\"widget\" data-widget_type=\"heading.default\">\n\t\t\t\t<div class=\"elementor-widget-container\">\n\t\t\t\t\t<h1 class=\"elementor-heading-title elementor-size-default\">Pol\u00edtica de Cookies<\/h1>\t\t\t\t<\/div>\n\t\t\t\t<\/div>\n\t\t\t\t<div class=\"elementor-element elementor-element-c4d86f6 elementor-widget elementor-widget-text-editor\" data-id=\"c4d86f6\" data-element_type=\"widget\" data-e-type=\"widget\" data-widget_type=\"text-editor.default\">\n\t\t\t\t<div class=\"elementor-widget-container\">\n\t\t\t\t\t\t\t\t\t<p>La empresa titular de <strong>DECOLUXE<\/strong> es <strong>Decoluxe DesIgn Center S.L.<\/strong> (en adelante \u201c<strong>DECOLUXE<\/strong>\u201d), con domicilio a estos efectos en <strong>Pol\u00edgono industrial nueva campana, 57 C.P. 29660, Marbella (M\u00e1laga)<\/strong> con n\u00famero de NIF: <strong>B10607356<\/strong> inscrita en el Registro Mercantil de Madrid en el Tomo <strong>6284<\/strong>., Libro <strong>5192<\/strong>, Folio <strong>18<\/strong>, Secci\u00f3n <strong>7<\/strong>, Hoja <strong>MA-172022<\/strong>, Inscripci\u00f3n <strong>1<\/strong>.<\/p><p>Detalles de contacto:<\/p><ul><li>Tel\u00e9fono: <a href=\"tel:+34621148339\"><strong>(+34) 621 14 83 39<\/strong><\/a><\/li><li>Correo electr\u00f3nico de contacto: <a href=\"mailto:info@decoluxe.es\" target=\"_blank\" rel=\"noopener\">info@decoluxe.es<\/a><\/li><\/ul><p><strong>DECOLUXE<\/strong> utiliza cookies para identificar a los usuarios que visitan <a href=\"https:\/\/decoluxekitchens.com\/\"><strong>kitchens.decoluxeinteriordesign.com<\/strong><\/a>, recordar las preferencias de los usuarios, as\u00ed como para hacer un seguimiento de la utilizaci\u00f3n del <a href=\"https:\/\/decoluxekitchens.com\/\"><strong>kitchens.decoluxeinteriordesign.com<\/strong><\/a>. Puede configurar su navegador para que rechace la instalaci\u00f3n de cookies. Sin embargo, determinadas \u00e1reas o servicios del Sitio Web podr\u00edan no estar disponibles en caso de elegir esta opci\u00f3n.<\/p><p>Asimismo, el <a href=\"https:\/\/decoluxekitchens.com\/\"><strong>kitchens.decoluxeinteriordesign.com<\/strong><\/a> puede incluir cookies de terceros proveedores de servicios y\/o contenidos. <strong>DECOLUXE<\/strong> no controla la introducci\u00f3n de tales cookies y en consecuencia no ser\u00e1 en ning\u00fan caso responsable por cualesquiera actividades de tratamiento llevadas a cabo por dichos terceros en relaci\u00f3n con los Datos recogidos a trav\u00e9s de las cookies introducidas por los mismos en el <a href=\"https:\/\/decoluxekitchens.com\/\"><strong>kitchens.decoluxeinteriordesign.com<\/strong><\/a>.<\/p><p>Asimismo, <strong>DECOLUXE<\/strong> informa al usuario de que tiene la posibilidad de configurar su navegador de modo que se le informe de la recepci\u00f3n de cookies, pudiendo, si as\u00ed lo desea, impedir que sean instaladas en su disco duro.<\/p><p>A continuaci\u00f3n, le proporcionamos los enlaces de diversos navegadores, a trav\u00e9s de los cuales podr\u00e1 realizar dicha configuraci\u00f3n:<\/p><ul><li>Firefox desde aqu\u00ed: <a href=\"http:\/\/support.mozilla.org\/es\/kb\/habilitar-y-deshabilitar-cookies-que-lossitios-we\" target=\"_blank\" rel=\"noopener\">http:\/\/support.mozilla.org\/es\/kb\/habilitar-y-deshabilitar-cookies-que-lossitios-we<\/a><\/li><li>Chrome desde aqu\u00ed:\u00a0<a href=\"https:\/\/support.google.com\/chrome\/bin\/answer.py?hl=es&amp;answer=95647\" target=\"_blank\" rel=\"noopener\">http:\/\/support.google.com\/chrome\/bin\/answer.py?hl=es&amp;answer=95647<\/a><\/li><li>Explorer desde aqu\u00ed: <a href=\"http:\/\/windows.microsoft.com\/es-es\/internet-explorer\/delete-managecookies#ie=ie-10\" target=\"_blank\" rel=\"noopener\">http:\/\/windows.microsoft.com\/es-es\/internet-explorer\/delete-managecookies#ie=ie-10<\/a><\/li><li>Safari desde aqu\u00ed:\u00a0<a href=\"https:\/\/support.apple.com\/kb\/ph17191?locale=es_ES\" target=\"_blank\" rel=\"noopener\">https:\/\/support.apple.com\/kb\/ph17191?locale=es_ES<\/a><\/li><li>Opera desde aqu\u00ed:\u00a0<a href=\"https:\/\/help.opera.com\/en\/latest\/web-preferences\/#cookies\" target=\"_blank\" rel=\"noopener\">https:\/\/help.opera.com\/en\/latest\/web-preferences\/#cookies<\/a><\/li><\/ul>\t\t\t\t\t\t\t\t<\/div>\n\t\t\t\t<\/div>\n\t\t\t\t\t<\/div>\n\t\t\t\t<\/div>\n\t\t\t\t<\/div>\n\t\t","protected":false},"excerpt":{"rendered":"<p>Pol\u00edtica de cookies Pol\u00edtica de Cookies La empresa titular de DECOLUXE es Decoluxe DesIgn Center S.L. (en adelante \u201cDECOLUXE\u201d), con domicilio a estos efectos en Pol\u00edgono industrial nueva campana, 57 C.P. 29660, Marbella (M\u00e1laga) con n\u00famero de NIF: B10607356 inscrita en el Registro Mercantil de Madrid en el Tomo 6284., Libro 5192, Folio 18, Secci\u00f3n&#8230;<\/p>\n","protected":false},"author":5,"featured_media":0,"parent":0,"menu_order":0,"comment_status":"closed","ping_status":"closed","template":"elementor_header_footer","meta":{"footnotes":""},"class_list":["post-987721","page","type-page","status-publish","hentry"],"_links":{"self":[{"href":"https:\/\/decoluxekitchens.com\/es\/wp-json\/wp\/v2\/pages\/987721","targetHints":{"allow":["GET"]}}],"collection":[{"href":"https:\/\/decoluxekitchens.com\/es\/wp-json\/wp\/v2\/pages"}],"about":[{"href":"https:\/\/decoluxekitchens.com\/es\/wp-json\/wp\/v2\/types\/page"}],"author":[{"embeddable":true,"href":"https:\/\/decoluxekitchens.com\/es\/wp-json\/wp\/v2\/users\/5"}],"replies":[{"embeddable":true,"href":"https:\/\/decoluxekitchens.com\/es\/wp-json\/wp\/v2\/comments?post=987721"}],"version-history":[{"count":29,"href":"https:\/\/decoluxekitchens.com\/es\/wp-json\/wp\/v2\/pages\/987721\/revisions"}],"predecessor-version":[{"id":995736,"href":"https:\/\/decoluxekitchens.com\/es\/wp-json\/wp\/v2\/pages\/987721\/revisions\/995736"}],"wp:attachment":[{"href":"https:\/\/decoluxekitchens.com\/es\/wp-json\/wp\/v2\/media?parent=987721"}],"curies":[{"name":"wp","href":"https:\/\/api.w.org\/{rel}","templated":true}]}}