{"id":987731,"date":"2025-08-07T07:31:56","date_gmt":"2025-08-07T07:31:56","guid":{"rendered":"https:\/\/decoluxekitchens.com\/?page_id=987731"},"modified":"2025-11-25T08:31:11","modified_gmt":"2025-11-25T08:31:11","slug":"blog","status":"publish","type":"page","link":"https:\/\/decoluxekitchens.com\/es\/blog\/","title":{"rendered":"Blog"},"content":{"rendered":"\t\t<div data-elementor-type=\"wp-page\" data-elementor-id=\"987731\" class=\"elementor elementor-987731\" data-elementor-post-type=\"page\">\n\t\t\t\t<div class=\"elementor-element elementor-element-a1708ac e-flex e-con-boxed e-con e-parent\" data-id=\"a1708ac\" data-element_type=\"container\" data-e-type=\"container\" data-settings=\"{&quot;background_background&quot;:&quot;classic&quot;}\">\n\t\t\t\t\t<div class=\"e-con-inner\">\n\t\t<div class=\"elementor-element elementor-element-fb96fd7 e-con-full e-flex e-con e-child\" data-id=\"fb96fd7\" data-element_type=\"container\" data-e-type=\"container\" data-settings=\"{&quot;background_background&quot;:&quot;classic&quot;,&quot;position&quot;:&quot;absolute&quot;}\">\n\t\t\t\t<div class=\"elementor-element elementor-element-b5cda8b elementor-widget__width-initial elementor-widget elementor-widget-heading\" data-id=\"b5cda8b\" data-element_type=\"widget\" data-e-type=\"widget\" data-widget_type=\"heading.default\">\n\t\t\t\t<div class=\"elementor-widget-container\">\n\t\t\t\t\t<h2 class=\"elementor-heading-title elementor-size-default\">Blog<\/h2>\t\t\t\t<\/div>\n\t\t\t\t<\/div>\n\t\t\t\t<\/div>\n\t\t\t\t\t<\/div>\n\t\t\t\t<\/div>\n\t\t<div class=\"elementor-element elementor-element-176cb6b e-flex e-con-boxed e-con e-parent\" data-id=\"176cb6b\" data-element_type=\"container\" data-e-type=\"container\">\n\t\t\t\t\t<div class=\"e-con-inner\">\n\t\t\t\t<div class=\"elementor-element elementor-element-5a334ae elementor-widget elementor-widget-spacer\" data-id=\"5a334ae\" data-element_type=\"widget\" data-e-type=\"widget\" data-widget_type=\"spacer.default\">\n\t\t\t\t<div class=\"elementor-widget-container\">\n\t\t\t\t\t\t\t<div class=\"elementor-spacer\">\n\t\t\t<div class=\"elementor-spacer-inner\"><\/div>\n\t\t<\/div>\n\t\t\t\t\t\t<\/div>\n\t\t\t\t<\/div>\n\t\t\t\t\t<\/div>\n\t\t\t\t<\/div>\n\t\t<div class=\"elementor-element elementor-element-93f6195 e-flex e-con-boxed e-con e-parent\" data-id=\"93f6195\" data-element_type=\"container\" data-e-type=\"container\">\n\t\t\t\t\t<div class=\"e-con-inner\">\n\t\t\t\t<div class=\"elementor-element elementor-element-d10dee4 elementor-widget elementor-widget-spacer\" data-id=\"d10dee4\" data-element_type=\"widget\" data-e-type=\"widget\" data-widget_type=\"spacer.default\">\n\t\t\t\t<div class=\"elementor-widget-container\">\n\t\t\t\t\t\t\t<div class=\"elementor-spacer\">\n\t\t\t<div class=\"elementor-spacer-inner\"><\/div>\n\t\t<\/div>\n\t\t\t\t\t\t<\/div>\n\t\t\t\t<\/div>\n\t\t<div class=\"elementor-element elementor-element-7e5bea7 e-con-full e-flex e-con e-child\" data-id=\"7e5bea7\" data-element_type=\"container\" data-e-type=\"container\">\n\t\t<div class=\"elementor-element elementor-element-3a2ef69 e-con-full e-flex e-con e-child\" data-id=\"3a2ef69\" data-element_type=\"container\" data-e-type=\"container\">\n\t\t\t\t<div class=\"elementor-element elementor-element-e9d4a09 elementor-widget elementor-widget-heading\" data-id=\"e9d4a09\" data-element_type=\"widget\" data-e-type=\"widget\" data-widget_type=\"heading.default\">\n\t\t\t\t<div class=\"elementor-widget-container\">\n\t\t\t\t\t<h2 class=\"elementor-heading-title elementor-size-default\">BLOG<\/h2>\t\t\t\t<\/div>\n\t\t\t\t<\/div>\n\t\t<div class=\"elementor-element elementor-element-80806cd e-con-full e-flex e-con e-child\" data-id=\"80806cd\" data-element_type=\"container\" data-e-type=\"container\">\n\t\t\t\t<div class=\"elementor-element elementor-element-63dcbbd elementor-invisible elementor-widget-divider--view-line elementor-widget elementor-widget-divider\" data-id=\"63dcbbd\" data-element_type=\"widget\" data-e-type=\"widget\" data-settings=\"{&quot;_animation&quot;:&quot;fadeInLeft&quot;}\" data-widget_type=\"divider.default\">\n\t\t\t\t<div class=\"elementor-widget-container\">\n\t\t\t\t\t\t\t<div class=\"elementor-divider\">\n\t\t\t<span class=\"elementor-divider-separator\">\n\t\t\t\t\t\t<\/span>\n\t\t<\/div>\n\t\t\t\t\t\t<\/div>\n\t\t\t\t<\/div>\n\t\t\t\t<div class=\"elementor-element elementor-element-d2ab726 elementor-widget elementor-widget-heading\" data-id=\"d2ab726\" data-element_type=\"widget\" data-e-type=\"widget\" data-widget_type=\"heading.default\">\n\t\t\t\t<div class=\"elementor-widget-container\">\n\t\t\t\t\t<h2 class=\"elementor-heading-title elementor-size-default\">Historias con salero<\/h2>\t\t\t\t<\/div>\n\t\t\t\t<\/div>\n\t\t\t\t<\/div>\n\t\t\t\t<div class=\"elementor-element elementor-element-490929f elementor-widget__width-initial elementor-widget-mobile__width-initial elementor-widget elementor-widget-heading\" data-id=\"490929f\" data-element_type=\"widget\" data-e-type=\"widget\" data-widget_type=\"heading.default\">\n\t\t\t\t<div class=\"elementor-widget-container\">\n\t\t\t\t\t<p class=\"elementor-heading-title elementor-size-default\">Aqu\u00ed empiezan las lecturas que se saborean: historias, consejos y tendencias que despiertan creatividad y te invitan a imaginar tu cocina ideal. Insp\u00edrate, descubre y disfruta de contenidos dise\u00f1ados para abrirte el apetito.<\/p>\t\t\t\t<\/div>\n\t\t\t\t<\/div>\n\t\t\t\t<\/div>\n\t\t\t\t<\/div>\n\t\t\t\t\t<\/div>\n\t\t\t\t<\/div>\n\t\t<div class=\"elementor-element elementor-element-696ea4a e-flex e-con-boxed e-con e-parent\" data-id=\"696ea4a\" data-element_type=\"container\" data-e-type=\"container\">\n\t\t\t\t\t<div class=\"e-con-inner\">\n\t\t\t\t<div class=\"elementor-element elementor-element-6ace661 elementor-grid-3 elementor-grid-tablet-2 elementor-grid-mobile-1 elementor-posts--thumbnail-top elementor-card-shadow-yes elementor-posts__hover-gradient elementor-widget elementor-widget-posts\" data-id=\"6ace661\" data-element_type=\"widget\" data-e-type=\"widget\" data-settings=\"{&quot;pagination_type&quot;:&quot;numbers_and_prev_next&quot;,&quot;cards_columns&quot;:&quot;3&quot;,&quot;cards_columns_tablet&quot;:&quot;2&quot;,&quot;cards_columns_mobile&quot;:&quot;1&quot;,&quot;cards_row_gap&quot;:{&quot;unit&quot;:&quot;px&quot;,&quot;size&quot;:35,&quot;sizes&quot;:[]},&quot;cards_row_gap_tablet&quot;:{&quot;unit&quot;:&quot;px&quot;,&quot;size&quot;:&quot;&quot;,&quot;sizes&quot;:[]},&quot;cards_row_gap_mobile&quot;:{&quot;unit&quot;:&quot;px&quot;,&quot;size&quot;:&quot;&quot;,&quot;sizes&quot;:[]}}\" data-widget_type=\"posts.cards\">\n\t\t\t\t<div class=\"elementor-widget-container\">\n\t\t\t\t\t\t\t<div class=\"elementor-posts-container elementor-posts elementor-posts--skin-cards elementor-grid\" role=\"list\">\n\t\t\t\t<article class=\"elementor-post elementor-grid-item post-1002464 post type-post status-publish format-standard has-post-thumbnail hentry category-tendencias category-materiales tag-color tag-diseno tag-material tag-tecnologia tag-tendencia\" role=\"listitem\">\n\t\t\t<div class=\"elementor-post__card\">\n\t\t\t\t<a class=\"elementor-post__thumbnail__link\" href=\"https:\/\/decoluxekitchens.com\/es\/cocinas-coloridas\/\" tabindex=\"-1\" ><div class=\"elementor-post__thumbnail\"><img fetchpriority=\"high\" decoding=\"async\" width=\"1600\" height=\"1067\" src=\"https:\/\/decoluxekitchens.com\/wp-content\/uploads\/2025\/10\/elba1.jpg\" class=\"attachment-full size-full wp-image-990941\" alt=\"\" srcset=\"https:\/\/decoluxekitchens.com\/wp-content\/uploads\/2025\/10\/elba1.jpg 1600w, https:\/\/decoluxekitchens.com\/wp-content\/uploads\/2025\/10\/elba1-300x200.jpg 300w, https:\/\/decoluxekitchens.com\/wp-content\/uploads\/2025\/10\/elba1-1024x683.jpg 1024w, https:\/\/decoluxekitchens.com\/wp-content\/uploads\/2025\/10\/elba1-768x512.jpg 768w, https:\/\/decoluxekitchens.com\/wp-content\/uploads\/2025\/10\/elba1-1536x1024.jpg 1536w\" sizes=\"(max-width: 1600px) 100vw, 1600px\" \/><\/div><\/a>\n\t\t\t\t<div class=\"elementor-post__badge\">Tendencias &amp; Dise\u00f1o<\/div>\n\t\t\t\t<div class=\"elementor-post__text\">\n\t\t\t\t<h2 class=\"elementor-post__title\">\n\t\t\t<a href=\"https:\/\/decoluxekitchens.com\/es\/cocinas-coloridas\/\" >\n\t\t\t\tCocinas coloridas: 6 poderosas razones para transformar tu espacio\t\t\t<\/a>\n\t\t<\/h2>\n\t\t\t\t<div class=\"elementor-post__excerpt\">\n\t\t\t<p>El color ha dejado de ser un detalle secundario para convertirse en un elemento clave en el dise\u00f1o de cocinas. Aporta personalidad, calidez y estilo, transformando este espacio en un lugar m\u00e1s acogedor, actual y lleno de vida.<\/p>\n\t\t<\/div>\n\t\t\n\t\t<a class=\"elementor-post__read-more\" href=\"https:\/\/decoluxekitchens.com\/es\/cocinas-coloridas\/\" aria-label=\"M\u00e1s informaci\u00f3n sobre Cocinas coloridas: 6 poderosas razones para transformar tu espacio\" tabindex=\"-1\" >\n\t\t\tLeer m\u00e1s \u00bb\t\t<\/a>\n\n\t\t\t\t<\/div>\n\t\t\t\t<div class=\"elementor-post__meta-data\">\n\t\t\t\t\t<span class=\"elementor-post-date\">\n\t\t\tmarzo 27, 2026\t\t<\/span>\n\t\t\t\t<span class=\"elementor-post-avatar\">\n\t\t\tNo hay comentarios\t\t<\/span>\n\t\t\t\t<\/div>\n\t\t\t\t\t<\/div>\n\t\t<\/article>\n\t\t\t\t<article class=\"elementor-post elementor-grid-item post-1002453 post type-post status-publish format-standard has-post-thumbnail hentry category-tendencias category-materiales tag-color tag-diseno tag-material tag-tecnologia tag-tendencia\" role=\"listitem\">\n\t\t\t<div class=\"elementor-post__card\">\n\t\t\t\t<a class=\"elementor-post__thumbnail__link\" href=\"https:\/\/decoluxekitchens.com\/es\/cocinas-electrodomesticos\/\" tabindex=\"-1\" ><div class=\"elementor-post__thumbnail\"><img decoding=\"async\" width=\"2560\" height=\"1613\" data-src=\"https:\/\/decoluxekitchens.com\/wp-content\/uploads\/2025\/09\/descarga-2025-08-21T091618.785-1-scaled.png\" class=\"attachment-full size-full wp-image-989023 lazyload\" alt=\"\" data-srcset=\"https:\/\/decoluxekitchens.com\/wp-content\/uploads\/2025\/09\/descarga-2025-08-21T091618.785-1-scaled.png 2560w, https:\/\/decoluxekitchens.com\/wp-content\/uploads\/2025\/09\/descarga-2025-08-21T091618.785-1-300x189.png 300w, https:\/\/decoluxekitchens.com\/wp-content\/uploads\/2025\/09\/descarga-2025-08-21T091618.785-1-1024x645.png 1024w, https:\/\/decoluxekitchens.com\/wp-content\/uploads\/2025\/09\/descarga-2025-08-21T091618.785-1-768x484.png 768w, https:\/\/decoluxekitchens.com\/wp-content\/uploads\/2025\/09\/descarga-2025-08-21T091618.785-1-1536x968.png 1536w, https:\/\/decoluxekitchens.com\/wp-content\/uploads\/2025\/09\/descarga-2025-08-21T091618.785-1-2048x1291.png 2048w\" data-sizes=\"(max-width: 2560px) 100vw, 2560px\" src=\"data:image\/svg+xml;base64,PHN2ZyB3aWR0aD0iMSIgaGVpZ2h0PSIxIiB4bWxucz0iaHR0cDovL3d3dy53My5vcmcvMjAwMC9zdmciPjwvc3ZnPg==\" style=\"--smush-placeholder-width: 2560px; --smush-placeholder-aspect-ratio: 2560\/1613;\" \/><\/div><\/a>\n\t\t\t\t<div class=\"elementor-post__badge\">Tendencias &amp; Dise\u00f1o<\/div>\n\t\t\t\t<div class=\"elementor-post__text\">\n\t\t\t\t<h2 class=\"elementor-post__title\">\n\t\t\t<a href=\"https:\/\/decoluxekitchens.com\/es\/cocinas-electrodomesticos\/\" >\n\t\t\t\tElectrodom\u00e9sticos integrados en las cocinas: 6 poderosas razones para elegir una cocina de dise\u00f1o uniforme\t\t\t<\/a>\n\t\t<\/h2>\n\t\t\t\t<div class=\"elementor-post__excerpt\">\n\t\t\t<p>Los electrodom\u00e9sticos integrados se han convertido en una de las claves del dise\u00f1o de cocinas actuales. Aportan orden visual, elegancia y funcionalidad, creando espacios m\u00e1s serenos, coherentes y pensados para la vida moderna.<\/p>\n\t\t<\/div>\n\t\t\n\t\t<a class=\"elementor-post__read-more\" href=\"https:\/\/decoluxekitchens.com\/es\/cocinas-electrodomesticos\/\" aria-label=\"M\u00e1s informaci\u00f3n sobre Electrodom\u00e9sticos integrados en las cocinas: 6 poderosas razones para elegir una cocina de dise\u00f1o uniforme\" tabindex=\"-1\" >\n\t\t\tLeer m\u00e1s \u00bb\t\t<\/a>\n\n\t\t\t\t<\/div>\n\t\t\t\t<div class=\"elementor-post__meta-data\">\n\t\t\t\t\t<span class=\"elementor-post-date\">\n\t\t\tmarzo 27, 2026\t\t<\/span>\n\t\t\t\t<span class=\"elementor-post-avatar\">\n\t\t\tNo hay comentarios\t\t<\/span>\n\t\t\t\t<\/div>\n\t\t\t\t\t<\/div>\n\t\t<\/article>\n\t\t\t\t<article class=\"elementor-post elementor-grid-item post-1002444 post type-post status-publish format-standard has-post-thumbnail hentry category-tendencias tag-color tag-diseno tag-tecnologia tag-tendencia\" role=\"listitem\">\n\t\t\t<div class=\"elementor-post__card\">\n\t\t\t\t<a class=\"elementor-post__thumbnail__link\" href=\"https:\/\/decoluxekitchens.com\/es\/cocinas-islas\/\" tabindex=\"-1\" ><div class=\"elementor-post__thumbnail\"><img decoding=\"async\" width=\"1600\" height=\"1067\" data-src=\"https:\/\/decoluxekitchens.com\/wp-content\/uploads\/2025\/10\/unigloss.jpg\" class=\"attachment-full size-full wp-image-990977 lazyload\" alt=\"\" data-srcset=\"https:\/\/decoluxekitchens.com\/wp-content\/uploads\/2025\/10\/unigloss.jpg 1600w, https:\/\/decoluxekitchens.com\/wp-content\/uploads\/2025\/10\/unigloss-300x200.jpg 300w, https:\/\/decoluxekitchens.com\/wp-content\/uploads\/2025\/10\/unigloss-1024x683.jpg 1024w, https:\/\/decoluxekitchens.com\/wp-content\/uploads\/2025\/10\/unigloss-768x512.jpg 768w, https:\/\/decoluxekitchens.com\/wp-content\/uploads\/2025\/10\/unigloss-1536x1024.jpg 1536w\" data-sizes=\"(max-width: 1600px) 100vw, 1600px\" src=\"data:image\/svg+xml;base64,PHN2ZyB3aWR0aD0iMSIgaGVpZ2h0PSIxIiB4bWxucz0iaHR0cDovL3d3dy53My5vcmcvMjAwMC9zdmciPjwvc3ZnPg==\" style=\"--smush-placeholder-width: 1600px; --smush-placeholder-aspect-ratio: 1600\/1067;\" \/><\/div><\/a>\n\t\t\t\t<div class=\"elementor-post__badge\">Tendencias &amp; Dise\u00f1o<\/div>\n\t\t\t\t<div class=\"elementor-post__text\">\n\t\t\t\t<h2 class=\"elementor-post__title\">\n\t\t\t<a href=\"https:\/\/decoluxekitchens.com\/es\/cocinas-islas\/\" >\n\t\t\t\tIslas de cocina: el coraz\u00f3n de tu hogar\t\t\t<\/a>\n\t\t<\/h2>\n\t\t\t\t<div class=\"elementor-post__excerpt\">\n\t\t\t<p>La isla de cocina se ha convertido en mucho m\u00e1s que una tendencia: es un elemento que aporta funcionalidad, estilo y conexi\u00f3n al hogar. Vers\u00e1til, pr\u00e1ctica y pensada para compartir, transforma la cocina en un espacio m\u00e1s abierto, acogedor y adaptado a la vida moderna<\/p>\n\t\t<\/div>\n\t\t\n\t\t<a class=\"elementor-post__read-more\" href=\"https:\/\/decoluxekitchens.com\/es\/cocinas-islas\/\" aria-label=\"M\u00e1s informaci\u00f3n sobre Islas de cocina: el coraz\u00f3n de tu hogar\" tabindex=\"-1\" >\n\t\t\tLeer m\u00e1s \u00bb\t\t<\/a>\n\n\t\t\t\t<\/div>\n\t\t\t\t<div class=\"elementor-post__meta-data\">\n\t\t\t\t\t<span class=\"elementor-post-date\">\n\t\t\tmarzo 27, 2026\t\t<\/span>\n\t\t\t\t<span class=\"elementor-post-avatar\">\n\t\t\tNo hay comentarios\t\t<\/span>\n\t\t\t\t<\/div>\n\t\t\t\t\t<\/div>\n\t\t<\/article>\n\t\t\t\t<article class=\"elementor-post elementor-grid-item post-1002437 post type-post status-publish format-standard has-post-thumbnail hentry category-tendencias category-materiales tag-color tag-diseno tag-material tag-tecnologia tag-tendencia\" role=\"listitem\">\n\t\t\t<div class=\"elementor-post__card\">\n\t\t\t\t<a class=\"elementor-post__thumbnail__link\" href=\"https:\/\/decoluxekitchens.com\/es\/cocinas-lujo-silencioso\/\" tabindex=\"-1\" ><div class=\"elementor-post__thumbnail\"><img decoding=\"async\" width=\"1920\" height=\"988\" data-src=\"https:\/\/decoluxekitchens.com\/wp-content\/uploads\/2025\/10\/csm_Schueller_ELB_K023_Hauptaufnahme_44c9297400-2.jpeg\" class=\"attachment-full size-full wp-image-992094 lazyload\" alt=\"\" data-srcset=\"https:\/\/decoluxekitchens.com\/wp-content\/uploads\/2025\/10\/csm_Schueller_ELB_K023_Hauptaufnahme_44c9297400-2.jpeg 1920w, https:\/\/decoluxekitchens.com\/wp-content\/uploads\/2025\/10\/csm_Schueller_ELB_K023_Hauptaufnahme_44c9297400-2-300x154.jpeg 300w, https:\/\/decoluxekitchens.com\/wp-content\/uploads\/2025\/10\/csm_Schueller_ELB_K023_Hauptaufnahme_44c9297400-2-1024x527.jpeg 1024w, https:\/\/decoluxekitchens.com\/wp-content\/uploads\/2025\/10\/csm_Schueller_ELB_K023_Hauptaufnahme_44c9297400-2-768x395.jpeg 768w, https:\/\/decoluxekitchens.com\/wp-content\/uploads\/2025\/10\/csm_Schueller_ELB_K023_Hauptaufnahme_44c9297400-2-1536x790.jpeg 1536w\" data-sizes=\"(max-width: 1920px) 100vw, 1920px\" src=\"data:image\/svg+xml;base64,PHN2ZyB3aWR0aD0iMSIgaGVpZ2h0PSIxIiB4bWxucz0iaHR0cDovL3d3dy53My5vcmcvMjAwMC9zdmciPjwvc3ZnPg==\" style=\"--smush-placeholder-width: 1920px; --smush-placeholder-aspect-ratio: 1920\/988;\" \/><\/div><\/a>\n\t\t\t\t<div class=\"elementor-post__badge\">Tendencias &amp; Dise\u00f1o<\/div>\n\t\t\t\t<div class=\"elementor-post__text\">\n\t\t\t\t<h2 class=\"elementor-post__title\">\n\t\t\t<a href=\"https:\/\/decoluxekitchens.com\/es\/cocinas-lujo-silencioso\/\" >\n\t\t\t\tCocinas de lujo discreto: el arte de la elegancia sutil en la vida moderna\t\t\t<\/a>\n\t\t<\/h2>\n\t\t\t\t<div class=\"elementor-post__excerpt\">\n\t\t\t<p>El lujo silencioso en cocinas apuesta por la elegancia serena, la calidad de los materiales y un dise\u00f1o pensado al detalle. M\u00e1s que una tendencia, representa una forma de vivir donde la funcionalidad, la calma y la sofisticaci\u00f3n se unen de manera natural.<\/p>\n\t\t<\/div>\n\t\t\n\t\t<a class=\"elementor-post__read-more\" href=\"https:\/\/decoluxekitchens.com\/es\/cocinas-lujo-silencioso\/\" aria-label=\"M\u00e1s informaci\u00f3n sobre Cocinas de lujo discreto: el arte de la elegancia sutil en la vida moderna\" tabindex=\"-1\" >\n\t\t\tLeer m\u00e1s \u00bb\t\t<\/a>\n\n\t\t\t\t<\/div>\n\t\t\t\t<div class=\"elementor-post__meta-data\">\n\t\t\t\t\t<span class=\"elementor-post-date\">\n\t\t\tmarzo 25, 2026\t\t<\/span>\n\t\t\t\t<span class=\"elementor-post-avatar\">\n\t\t\tNo hay comentarios\t\t<\/span>\n\t\t\t\t<\/div>\n\t\t\t\t\t<\/div>\n\t\t<\/article>\n\t\t\t\t<article class=\"elementor-post elementor-grid-item post-1002430 post type-post status-publish format-standard has-post-thumbnail hentry category-tendencias category-materiales tag-color tag-diseno tag-material tag-tecnologia tag-tendencia\" role=\"listitem\">\n\t\t\t<div class=\"elementor-post__card\">\n\t\t\t\t<a class=\"elementor-post__thumbnail__link\" href=\"https:\/\/decoluxekitchens.com\/es\/cocinas-sostenibles\/\" tabindex=\"-1\" ><div class=\"elementor-post__thumbnail\"><img decoding=\"async\" width=\"1920\" height=\"1281\" data-src=\"https:\/\/decoluxekitchens.com\/wp-content\/uploads\/2025\/10\/descarga-94-1-scaled.webp\" class=\"attachment-full size-full wp-image-995262 lazyload\" alt=\"\" data-srcset=\"https:\/\/decoluxekitchens.com\/wp-content\/uploads\/2025\/10\/descarga-94-1-scaled.webp 1920w, https:\/\/decoluxekitchens.com\/wp-content\/uploads\/2025\/10\/descarga-94-1-300x200.webp 300w, https:\/\/decoluxekitchens.com\/wp-content\/uploads\/2025\/10\/descarga-94-1-1024x683.webp 1024w, https:\/\/decoluxekitchens.com\/wp-content\/uploads\/2025\/10\/descarga-94-1-768x512.webp 768w, https:\/\/decoluxekitchens.com\/wp-content\/uploads\/2025\/10\/descarga-94-1-1536x1024.webp 1536w\" data-sizes=\"(max-width: 1920px) 100vw, 1920px\" src=\"data:image\/svg+xml;base64,PHN2ZyB3aWR0aD0iMSIgaGVpZ2h0PSIxIiB4bWxucz0iaHR0cDovL3d3dy53My5vcmcvMjAwMC9zdmciPjwvc3ZnPg==\" style=\"--smush-placeholder-width: 1920px; --smush-placeholder-aspect-ratio: 1920\/1281;\" \/><\/div><\/a>\n\t\t\t\t<div class=\"elementor-post__badge\">Tendencias &amp; Dise\u00f1o<\/div>\n\t\t\t\t<div class=\"elementor-post__text\">\n\t\t\t\t<h2 class=\"elementor-post__title\">\n\t\t\t<a href=\"https:\/\/decoluxekitchens.com\/es\/cocinas-sostenibles\/\" >\n\t\t\t\tCocinas sostenibles: dise\u00f1o duradero, materiales responsables y un estilo de vida preparado para el futuro\t\t\t<\/a>\n\t\t<\/h2>\n\t\t\t\t<div class=\"elementor-post__excerpt\">\n\t\t\t<p>Las cocinas sostenibles representan una nueva forma de entender el hogar: espacios dise\u00f1ados para durar, adaptarse y funcionar de manera m\u00e1s eficiente. A trav\u00e9s de materiales responsables, una planificaci\u00f3n inteligente y una est\u00e9tica atemporal, combinan dise\u00f1o, practicidad y conciencia medioambiental en el coraz\u00f3n de la vida diaria.<\/p>\n\t\t<\/div>\n\t\t\n\t\t<a class=\"elementor-post__read-more\" href=\"https:\/\/decoluxekitchens.com\/es\/cocinas-sostenibles\/\" aria-label=\"M\u00e1s informaci\u00f3n sobre Cocinas sostenibles: dise\u00f1o duradero, materiales responsables y un estilo de vida preparado para el futuro\" tabindex=\"-1\" >\n\t\t\tLeer m\u00e1s \u00bb\t\t<\/a>\n\n\t\t\t\t<\/div>\n\t\t\t\t<div class=\"elementor-post__meta-data\">\n\t\t\t\t\t<span class=\"elementor-post-date\">\n\t\t\tmarzo 25, 2026\t\t<\/span>\n\t\t\t\t<span class=\"elementor-post-avatar\">\n\t\t\tNo hay comentarios\t\t<\/span>\n\t\t\t\t<\/div>\n\t\t\t\t\t<\/div>\n\t\t<\/article>\n\t\t\t\t<article class=\"elementor-post elementor-grid-item post-991113 post type-post status-publish format-standard has-post-thumbnail hentry category-tendencias tag-color tag-diseno tag-material tag-tecnologia tag-tendencia\" role=\"listitem\">\n\t\t\t<div class=\"elementor-post__card\">\n\t\t\t\t<a class=\"elementor-post__thumbnail__link\" href=\"https:\/\/decoluxekitchens.com\/es\/tendencias-cocinas-2025\/\" tabindex=\"-1\" ><div class=\"elementor-post__thumbnail\"><img decoding=\"async\" width=\"1280\" height=\"1072\" data-src=\"https:\/\/decoluxekitchens.com\/wp-content\/uploads\/2025\/11\/descargar-11-e1764154612217.webp\" class=\"attachment-full size-full wp-image-995263 lazyload\" alt=\"\" data-srcset=\"https:\/\/decoluxekitchens.com\/wp-content\/uploads\/2025\/11\/descargar-11-e1764154612217.webp 1280w, https:\/\/decoluxekitchens.com\/wp-content\/uploads\/2025\/11\/descargar-11-e1764154612217-300x251.webp 300w, https:\/\/decoluxekitchens.com\/wp-content\/uploads\/2025\/11\/descargar-11-e1764154612217-1024x858.webp 1024w, https:\/\/decoluxekitchens.com\/wp-content\/uploads\/2025\/11\/descargar-11-e1764154612217-768x643.webp 768w\" data-sizes=\"(max-width: 1280px) 100vw, 1280px\" src=\"data:image\/svg+xml;base64,PHN2ZyB3aWR0aD0iMSIgaGVpZ2h0PSIxIiB4bWxucz0iaHR0cDovL3d3dy53My5vcmcvMjAwMC9zdmciPjwvc3ZnPg==\" style=\"--smush-placeholder-width: 1280px; --smush-placeholder-aspect-ratio: 1280\/1072;\" \/><\/div><\/a>\n\t\t\t\t<div class=\"elementor-post__badge\">Tendencias &amp; Dise\u00f1o<\/div>\n\t\t\t\t<div class=\"elementor-post__text\">\n\t\t\t\t<h2 class=\"elementor-post__title\">\n\t\t\t<a href=\"https:\/\/decoluxekitchens.com\/es\/tendencias-cocinas-2025\/\" >\n\t\t\t\tTendencias en cocinas 2025\/2026:      lo que se queda, lo que se transforma y lo que viene\t\t\t<\/a>\n\t\t<\/h2>\n\t\t\t\t<div class=\"elementor-post__excerpt\">\n\t\t\t<p>El dise\u00f1o de cocinas est\u00e1 viviendo una evoluci\u00f3n apasionante. En los \u00faltimos a\u00f1os, pasamos de espacios puramente funcionales a ambientes de convivencia, bienestar y estilo. El 2025 consolid\u00f3 algunas de las transformaciones m\u00e1s notables en la manera en que entendemos la cocina moderna, y el 2026 promete ir todav\u00eda m\u00e1s all\u00e1, fusionando tecnolog\u00eda, dise\u00f1o emocional y materiales sostenibles.<\/p>\n<p>En DecoLuxe Kitchens, trabajamos d\u00eda a d\u00eda con marcas l\u00edderes como Sch\u00fcller que anticipan las tendencias internacionales, y hoy te contamos qu\u00e9 estilos marcaron el 2025 y hacia d\u00f3nde se dirige el dise\u00f1o de cocinas en 2026.<\/p>\n\t\t<\/div>\n\t\t\n\t\t<a class=\"elementor-post__read-more\" href=\"https:\/\/decoluxekitchens.com\/es\/tendencias-cocinas-2025\/\" aria-label=\"M\u00e1s informaci\u00f3n sobre Tendencias en cocinas 2025\/2026:      lo que se queda, lo que se transforma y lo que viene\" tabindex=\"-1\" >\n\t\t\tLeer m\u00e1s \u00bb\t\t<\/a>\n\n\t\t\t\t<\/div>\n\t\t\t\t<div class=\"elementor-post__meta-data\">\n\t\t\t\t\t<span class=\"elementor-post-date\">\n\t\t\tnoviembre 26, 2025\t\t<\/span>\n\t\t\t\t<span class=\"elementor-post-avatar\">\n\t\t\tNo hay comentarios\t\t<\/span>\n\t\t\t\t<\/div>\n\t\t\t\t\t<\/div>\n\t\t<\/article>\n\t\t\t\t<\/div>\n\t\t\n\t\t\t\t<div class=\"e-load-more-anchor\" data-page=\"1\" data-max-page=\"2\" data-next-page=\"https:\/\/decoluxekitchens.com\/es\/wp-json\/wp\/v2\/pages\/987731\/page\/2\/\"><\/div>\n\t\t\t\t<nav class=\"elementor-pagination\" aria-label=\"Paginaci\u00f3n\">\n\t\t\t<span class=\"page-numbers prev\">&laquo; Anterior<\/span>\n<span aria-current=\"page\" class=\"page-numbers current\"><span class=\"elementor-screen-only\">P\u00e1gina<\/span>1<\/span>\n<a class=\"page-numbers\" href=\"https:\/\/decoluxekitchens.com\/es\/wp-json\/wp\/v2\/pages\/987731\/page\/2\/\"><span class=\"elementor-screen-only\">P\u00e1gina<\/span>2<\/a>\n<a class=\"page-numbers next\" href=\"https:\/\/decoluxekitchens.com\/es\/wp-json\/wp\/v2\/pages\/987731\/page\/2\/\">Siguiente &raquo;<\/a>\t\t<\/nav>\n\t\t\t\t\t\t<\/div>\n\t\t\t\t<\/div>\n\t\t\t\t\t<\/div>\n\t\t\t\t<\/div>\n\t\t<div class=\"elementor-element elementor-element-a4018fc e-flex e-con-boxed e-con e-parent\" data-id=\"a4018fc\" data-element_type=\"container\" data-e-type=\"container\">\n\t\t\t\t\t<div class=\"e-con-inner\">\n\t\t\t\t<div class=\"elementor-element elementor-element-6d8b2d1 elementor-widget elementor-widget-spacer\" data-id=\"6d8b2d1\" data-element_type=\"widget\" data-e-type=\"widget\" data-widget_type=\"spacer.default\">\n\t\t\t\t<div class=\"elementor-widget-container\">\n\t\t\t\t\t\t\t<div class=\"elementor-spacer\">\n\t\t\t<div class=\"elementor-spacer-inner\"><\/div>\n\t\t<\/div>\n\t\t\t\t\t\t<\/div>\n\t\t\t\t<\/div>\n\t\t\t\t\t<\/div>\n\t\t\t\t<\/div>\n\t\t\t\t<\/div>\n\t\t","protected":false},"excerpt":{"rendered":"<p>Blog BLOG Historias con salero Aqu\u00ed empiezan las lecturas que se saborean: historias, consejos y tendencias que despiertan creatividad y te invitan a imaginar tu cocina ideal. Insp\u00edrate, descubre y disfruta de contenidos dise\u00f1ados para abrirte el apetito.<\/p>\n","protected":false},"author":5,"featured_media":0,"parent":0,"menu_order":0,"comment_status":"closed","ping_status":"closed","template":"elementor_header_footer","meta":{"footnotes":""},"class_list":["post-987731","page","type-page","status-publish","hentry"],"_links":{"self":[{"href":"https:\/\/decoluxekitchens.com\/es\/wp-json\/wp\/v2\/pages\/987731","targetHints":{"allow":["GET"]}}],"collection":[{"href":"https:\/\/decoluxekitchens.com\/es\/wp-json\/wp\/v2\/pages"}],"about":[{"href":"https:\/\/decoluxekitchens.com\/es\/wp-json\/wp\/v2\/types\/page"}],"author":[{"embeddable":true,"href":"https:\/\/decoluxekitchens.com\/es\/wp-json\/wp\/v2\/users\/5"}],"replies":[{"embeddable":true,"href":"https:\/\/decoluxekitchens.com\/es\/wp-json\/wp\/v2\/comments?post=987731"}],"version-history":[{"count":65,"href":"https:\/\/decoluxekitchens.com\/es\/wp-json\/wp\/v2\/pages\/987731\/revisions"}],"predecessor-version":[{"id":995107,"href":"https:\/\/decoluxekitchens.com\/es\/wp-json\/wp\/v2\/pages\/987731\/revisions\/995107"}],"wp:attachment":[{"href":"https:\/\/decoluxekitchens.com\/es\/wp-json\/wp\/v2\/media?parent=987731"}],"curies":[{"name":"wp","href":"https:\/\/api.w.org\/{rel}","templated":true}]}}