{"id":988254,"date":"2025-08-12T06:52:15","date_gmt":"2025-08-12T06:52:15","guid":{"rendered":"https:\/\/decoluxekitchens.com\/?page_id=988254"},"modified":"2026-01-15T10:54:26","modified_gmt":"2026-01-15T10:54:26","slug":"aviso-legal","status":"publish","type":"page","link":"https:\/\/decoluxekitchens.com\/es\/aviso-legal\/","title":{"rendered":"Aviso Legal"},"content":{"rendered":"\t\t<div data-elementor-type=\"wp-page\" data-elementor-id=\"988254\" class=\"elementor elementor-988254\" data-elementor-post-type=\"page\">\n\t\t\t\t<div class=\"elementor-element elementor-element-d92e79a e-flex e-con-boxed e-con e-parent\" data-id=\"d92e79a\" data-element_type=\"container\" data-e-type=\"container\">\n\t\t\t\t\t<div class=\"e-con-inner\">\n\t\t\t\t<div class=\"elementor-element elementor-element-af344ab elementor-widget elementor-widget-spacer\" data-id=\"af344ab\" data-element_type=\"widget\" data-e-type=\"widget\" data-widget_type=\"spacer.default\">\n\t\t\t\t<div class=\"elementor-widget-container\">\n\t\t\t\t\t\t\t<div class=\"elementor-spacer\">\n\t\t\t<div class=\"elementor-spacer-inner\"><\/div>\n\t\t<\/div>\n\t\t\t\t\t\t<\/div>\n\t\t\t\t<\/div>\n\t\t\t\t\t<\/div>\n\t\t\t\t<\/div>\n\t\t<div class=\"elementor-element elementor-element-b88b860 e-flex e-con-boxed e-con e-parent\" data-id=\"b88b860\" data-element_type=\"container\" data-e-type=\"container\">\n\t\t\t\t\t<div class=\"e-con-inner\">\n\t\t\t\t<div class=\"elementor-element elementor-element-2cb5306 elementor-widget elementor-widget-heading\" data-id=\"2cb5306\" data-element_type=\"widget\" data-e-type=\"widget\" data-widget_type=\"heading.default\">\n\t\t\t\t<div class=\"elementor-widget-container\">\n\t\t\t\t\t<h1 class=\"elementor-heading-title elementor-size-default\">Aviso Legal<\/h1>\t\t\t\t<\/div>\n\t\t\t\t<\/div>\n\t\t\t\t<div class=\"elementor-element elementor-element-c719d0a elementor-widget elementor-widget-text-editor\" data-id=\"c719d0a\" data-element_type=\"widget\" data-e-type=\"widget\" data-widget_type=\"text-editor.default\">\n\t\t\t\t<div class=\"elementor-widget-container\">\n\t\t\t\t\t\t\t\t\t<p>El presente documento regula el acceso, navegaci\u00f3n y uso de la web de la entidad <strong>Decoluxe Design Center S.L.<\/strong> (en adelante, \u201c<strong>DECOLUXE<\/strong>\u201d) ubicada en la URL <a href=\"https:\/\/decoluxekitchens.com\/\">https:\/\/decoluxekitchens.com\/<\/a> (en adelante, \u201c<strong> DECOLUXE KITCHENS<\/strong>\u201d).<\/p><p>Mediante el acceso, navegaci\u00f3n y utilizaci\u00f3n de la presente p\u00e1gina web el USUARIO acepta expresamente las condiciones recogidas en el presente Aviso Legal.<\/p><p>En cumplimiento con el deber de informaci\u00f3n recogido en art\u00edculo 10 de la Ley 34\/2002, de 11 de julio, de Servicios de la Sociedad de la Informaci\u00f3n y del Comercio Electr\u00f3nico, a continuaci\u00f3n, se reflejan los siguientes datos: la empresa titular <strong>Decoluxe<\/strong>, con domicilio social en <strong>Pol\u00edgono Industrial Nueva campana 57 C.P. 29660, Marbella (M\u00e1laga)<\/strong> n\u00famero de NIF: <strong>B10607356<\/strong> inscrita en el Registro Mercantil de M\u00e1laga en el Tomo <strong>6284<\/strong>., Libro <strong>5192<\/strong>, Folio <strong>7<\/strong>, Hoja <strong>MA-172022<\/strong>, Inscripci\u00f3n <strong>1<\/strong>.<\/p><p>Detalles de contacto:<\/p><ul><li>Organizaci\u00f3n: <strong>Decoluxe Design Center S.L.<\/strong><\/li><li>Direcci\u00f3n: <strong>Pol\u00edgono Industrial nueva campana 57 C.P. 29660, Marbella (M\u00e1laga).<\/strong><\/li><li>NIF: <strong>ESB 10607356<\/strong><\/li><li>Tel\u00e9fono: <a href=\"tel:+34951 207 127\"><strong>(+34) 951 207 127\u00a0<\/strong><\/a><\/li><li>Correo electr\u00f3nico de contacto: <a href=\"mailto:info@decoluxe.es\" target=\"_blank\" rel=\"noopener\">info@decoluxe.es<\/a><\/li><li>Web: <a href=\"https:\/\/decoluxekitchens.com\/\">https:\/\/decoluxekitchens.com\/<\/a><\/li><\/ul>\t\t\t\t\t\t\t\t<\/div>\n\t\t\t\t<\/div>\n\t\t\t\t<div class=\"elementor-element elementor-element-06d3bfd elementor-widget elementor-widget-heading\" data-id=\"06d3bfd\" data-element_type=\"widget\" data-e-type=\"widget\" data-widget_type=\"heading.default\">\n\t\t\t\t<div class=\"elementor-widget-container\">\n\t\t\t\t\t<h2 class=\"elementor-heading-title elementor-size-default\">USUARIOS<\/h2>\t\t\t\t<\/div>\n\t\t\t\t<\/div>\n\t\t\t\t<div class=\"elementor-element elementor-element-e0c9184 elementor-widget elementor-widget-text-editor\" data-id=\"e0c9184\" data-element_type=\"widget\" data-e-type=\"widget\" data-widget_type=\"text-editor.default\">\n\t\t\t\t<div class=\"elementor-widget-container\">\n\t\t\t\t\t\t\t\t\t<p>El acceso y\/o uso de este portal de <strong>DECOLUXE<\/strong> atribuye la condici\u00f3n de USUARIO, que acepta, desde dicho acceso y\/o uso, las Condiciones Generales de Uso aqu\u00ed reflejadas. Las citadas Condiciones ser\u00e1n de aplicaci\u00f3n independientemente de las Condiciones Generales de Contrataci\u00f3n que en su caso resulten de obligado cumplimiento.<\/p>\t\t\t\t\t\t\t\t<\/div>\n\t\t\t\t<\/div>\n\t\t\t\t<div class=\"elementor-element elementor-element-1145e1e elementor-widget elementor-widget-heading\" data-id=\"1145e1e\" data-element_type=\"widget\" data-e-type=\"widget\" data-widget_type=\"heading.default\">\n\t\t\t\t<div class=\"elementor-widget-container\">\n\t\t\t\t\t<h2 class=\"elementor-heading-title elementor-size-default\">USO DEL PORTAL<\/h2>\t\t\t\t<\/div>\n\t\t\t\t<\/div>\n\t\t\t\t<div class=\"elementor-element elementor-element-c18f446 elementor-widget elementor-widget-text-editor\" data-id=\"c18f446\" data-element_type=\"widget\" data-e-type=\"widget\" data-widget_type=\"text-editor.default\">\n\t\t\t\t<div class=\"elementor-widget-container\">\n\t\t\t\t\t\t\t\t\t<p><a href=\"https:\/\/decoluxekitchens.com\/\">Kitchens.decoluxeinteriordesign.com<\/a> proporciona el acceso a multitud de informaciones, servicios, programas o datos (en adelante, \u00ablos contenidos\u00bb) en Internet pertenecientes a <strong>Decoluxe<\/strong> o a sus licenciantes a los que el USUARIO pueda tener acceso.<\/p><p>El USUARIO asume la responsabilidad del uso del portal. Dicha responsabilidad se extiende al registro que fuese necesario para acceder a determinados servicios o contenidos. En dicho registro el USUARIO ser\u00e1 responsable de aportar informaci\u00f3n veraz y l\u00edcita. Como consecuencia de este registro, al USUARIO se le puede proporcionar una contrase\u00f1a de la que ser\u00e1 responsable, comprometi\u00e9ndose a hacer un uso diligente y confidencial de la misma.<\/p><p>El USUARIO se compromete a hacer un uso adecuado de los contenidos y servicios que <strong>Decoluxe<\/strong> ofrece a trav\u00e9s de su portal y con car\u00e1cter enunciativo, pero no limitativo, a no emplearlos para:<\/p><ul><li>Incurrir en actividades il\u00edcitas, ilegales o contrarias a la buena fe y al orden p\u00fablico.<\/li><li>Difundir contenidos o propaganda de car\u00e1cter racista, xen\u00f3fobo, pornogr\u00e1fico-ilegal, de apolog\u00eda del terrorismo o atentatorio contra los derechos humanos.<\/li><li>Provocar da\u00f1os en los sistemas f\u00edsicos y l\u00f3gicos de <strong>Decoluxe<\/strong>, de sus proveedores o de terceras personas, introducir o difundir en la red virus inform\u00e1ticos o cualesquiera otros sistemas f\u00edsicos o l\u00f3gicos que sean susceptibles de provocar los da\u00f1os anteriormente mencionados.<\/li><li>Intentar acceder y, en su caso, utilizar las cuentas de correo electr\u00f3nico de otros usuarios y modificar o manipular sus mensajes.<\/li><\/ul><p><strong>DECOLUXE<\/strong> se reserva el derecho de retirar todos aquellos comentarios y aportaciones que vulneren el respeto a la dignidad de la persona, que sean discriminatorios, xen\u00f3fobos, racistas, pornogr\u00e1ficos, que atenten contra la juventud o la infancia, el orden o la seguridad p\u00fablica o que, a su juicio, no resultan adecuados para su publicaci\u00f3n. En cualquier caso, <strong>DECOLUXE<\/strong> no ser\u00e1 responsable de las opiniones vertidas por los usuarios a trav\u00e9s de los foros, chats, u otras herramientas de participaci\u00f3n.<\/p>\t\t\t\t\t\t\t\t<\/div>\n\t\t\t\t<\/div>\n\t\t\t\t\t<\/div>\n\t\t\t\t<\/div>\n\t\t\t\t<\/div>\n\t\t","protected":false},"excerpt":{"rendered":"<p>El presente documento regula el acceso, navegaci\u00f3n y uso de la web de la entidad Decoluxe Design Center S.L. (en adelante, \u201cDECOLUXE\u201d) ubicada en la URL https:\/\/decoluxekitchens.com\/ (en adelante, \u201cKITCHENS DECOLUXE\u201d).<\/p>\n","protected":false},"author":5,"featured_media":0,"parent":0,"menu_order":0,"comment_status":"closed","ping_status":"closed","template":"elementor_header_footer","meta":{"footnotes":""},"class_list":["post-988254","page","type-page","status-publish","hentry"],"_links":{"self":[{"href":"https:\/\/decoluxekitchens.com\/es\/wp-json\/wp\/v2\/pages\/988254","targetHints":{"allow":["GET"]}}],"collection":[{"href":"https:\/\/decoluxekitchens.com\/es\/wp-json\/wp\/v2\/pages"}],"about":[{"href":"https:\/\/decoluxekitchens.com\/es\/wp-json\/wp\/v2\/types\/page"}],"author":[{"embeddable":true,"href":"https:\/\/decoluxekitchens.com\/es\/wp-json\/wp\/v2\/users\/5"}],"replies":[{"embeddable":true,"href":"https:\/\/decoluxekitchens.com\/es\/wp-json\/wp\/v2\/comments?post=988254"}],"version-history":[{"count":20,"href":"https:\/\/decoluxekitchens.com\/es\/wp-json\/wp\/v2\/pages\/988254\/revisions"}],"predecessor-version":[{"id":1001593,"href":"https:\/\/decoluxekitchens.com\/es\/wp-json\/wp\/v2\/pages\/988254\/revisions\/1001593"}],"wp:attachment":[{"href":"https:\/\/decoluxekitchens.com\/es\/wp-json\/wp\/v2\/media?parent=988254"}],"curies":[{"name":"wp","href":"https:\/\/api.w.org\/{rel}","templated":true}]}}