{"id":989371,"date":"2025-10-01T11:09:18","date_gmt":"2025-10-01T11:09:18","guid":{"rendered":"https:\/\/decoluxekitchens.com\/?page_id=989371"},"modified":"2026-01-22T08:22:53","modified_gmt":"2026-01-22T08:22:53","slug":"natural-y-calido","status":"publish","type":"page","link":"https:\/\/decoluxekitchens.com\/es\/modelos-de-cocina\/natural-y-calido\/","title":{"rendered":"Natural y c\u00e1lido"},"content":{"rendered":"\t\t<div data-elementor-type=\"wp-page\" data-elementor-id=\"989371\" class=\"elementor elementor-989371\" data-elementor-post-type=\"page\">\n\t\t\t\t<div class=\"elementor-element elementor-element-3c77667 e-flex e-con-boxed e-con e-parent\" data-id=\"3c77667\" data-element_type=\"container\" data-e-type=\"container\">\n\t\t\t\t\t<div class=\"e-con-inner\">\n\t\t<div class=\"elementor-element elementor-element-6244ddd e-con-full e-flex e-con e-child\" data-id=\"6244ddd\" data-element_type=\"container\" data-e-type=\"container\">\n\t\t\t\t<div class=\"elementor-element elementor-element-62a2493 elementor-widget__width-initial elementor-widget elementor-widget-shortcode\" data-id=\"62a2493\" data-element_type=\"widget\" data-e-type=\"widget\" data-widget_type=\"shortcode.default\">\n\t\t\t\t<div class=\"elementor-widget-container\">\n\t\t\t\t\t\t\t<div class=\"elementor-shortcode\"><nav aria-label=\"breadcrumbs\" class=\"rank-math-breadcrumb\"><p><span class=\"last\">Inicio<\/span><\/p><\/nav><\/div>\n\t\t\t\t\t\t<\/div>\n\t\t\t\t<\/div>\n\t\t\t\t<div class=\"elementor-element elementor-element-092b10a elementor-invisible elementor-widget__width-initial elementor-widget-mobile__width-inherit animated-fast elementor-widget elementor-widget-heading\" data-id=\"092b10a\" data-element_type=\"widget\" data-e-type=\"widget\" data-settings=\"{&quot;_animation&quot;:&quot;slideInUp&quot;}\" data-widget_type=\"heading.default\">\n\t\t\t\t<div class=\"elementor-widget-container\">\n\t\t\t\t\t<h1 class=\"elementor-heading-title elementor-size-default\">Natural Y c\u00e1lido<\/h1>\t\t\t\t<\/div>\n\t\t\t\t<\/div>\n\t\t<div class=\"elementor-element elementor-element-982c25e e-con-full e-flex e-con e-child\" data-id=\"982c25e\" data-element_type=\"container\" data-e-type=\"container\">\n\t\t<div class=\"elementor-element elementor-element-0e1e1b3 e-con-full e-flex e-con e-child\" data-id=\"0e1e1b3\" data-element_type=\"container\" data-e-type=\"container\">\n\t\t\t\t<div class=\"vamtam-has-theme-widget-styles elementor-element elementor-element-845f50b elementor-invisible elementor-widget elementor-widget-image\" data-id=\"845f50b\" data-element_type=\"widget\" data-e-type=\"widget\" data-settings=\"{&quot;_animation&quot;:&quot;imageGrowWithScaleBottom&quot;}\" data-widget_type=\"image.default\">\n\t\t\t\t<div class=\"elementor-widget-container\">\n\t\t\t\t\t\t\t\t\t<div class=\"elementor-image\">\n\t\t\t\t\t\t\t\t\t\t\t<div class=\"vamtam-image-wrapper\">\n\t\t\t\t\t\t\t\t\t\t\t\t\t\t\t\t\t\t\t\t\t<img fetchpriority=\"high\" decoding=\"async\" width=\"1536\" height=\"1024\" src=\"https:\/\/decoluxekitchens.com\/wp-content\/uploads\/2025\/09\/descargar-41-1536x1024.png\" class=\"attachment-1536x1536 size-1536x1536 wp-image-989022\" alt=\"\" srcset=\"https:\/\/decoluxekitchens.com\/wp-content\/uploads\/2025\/09\/descargar-41-1536x1024.png 1536w, https:\/\/decoluxekitchens.com\/wp-content\/uploads\/2025\/09\/descargar-41-300x200.png 300w, https:\/\/decoluxekitchens.com\/wp-content\/uploads\/2025\/09\/descargar-41-1024x683.png 1024w, https:\/\/decoluxekitchens.com\/wp-content\/uploads\/2025\/09\/descargar-41-768x512.png 768w, https:\/\/decoluxekitchens.com\/wp-content\/uploads\/2025\/09\/descargar-41-2048x1365.png 2048w\" sizes=\"(max-width: 1536px) 100vw, 1536px\" \/>\t\t\t\t\t\t\t\t\t\t\t\t\t\t\t\t\t\t\t\t\t\t\t\t\t\t<\/div>\n\t\t\t\t\t\t\t\t\t<\/div>\n\t\t\t\t\t\t\t\t<\/div>\n\t\t\t\t<\/div>\n\t\t\t\t<\/div>\n\t\t<div class=\"elementor-element elementor-element-7822fdd e-con-full e-flex e-con e-child\" data-id=\"7822fdd\" data-element_type=\"container\" data-e-type=\"container\">\n\t\t\t\t<div class=\"vamtam-has-theme-widget-styles elementor-element elementor-element-a4075f4 elementor-invisible elementor-widget elementor-widget-image\" data-id=\"a4075f4\" data-element_type=\"widget\" data-e-type=\"widget\" data-settings=\"{&quot;_animation&quot;:&quot;imageGrowWithScaleBottom&quot;}\" data-widget_type=\"image.default\">\n\t\t\t\t<div class=\"elementor-widget-container\">\n\t\t\t\t\t\t\t\t\t<div class=\"elementor-image\">\n\t\t\t\t\t\t\t\t\t\t\t<div class=\"vamtam-image-wrapper\">\n\t\t\t\t\t\t\t\t\t\t\t\t\t\t\t\t\t\t\t\t\t<img decoding=\"async\" width=\"849\" height=\"1074\" data-src=\"https:\/\/decoluxekitchens.com\/wp-content\/uploads\/2025\/09\/csm_MAT-L097T_GS_2025_a96598aeb4.jpeg\" class=\"attachment-1536x1536 size-1536x1536 wp-image-989065 lazyload\" alt=\"\" data-srcset=\"https:\/\/decoluxekitchens.com\/wp-content\/uploads\/2025\/09\/csm_MAT-L097T_GS_2025_a96598aeb4.jpeg 849w, https:\/\/decoluxekitchens.com\/wp-content\/uploads\/2025\/09\/csm_MAT-L097T_GS_2025_a96598aeb4-237x300.jpeg 237w, https:\/\/decoluxekitchens.com\/wp-content\/uploads\/2025\/09\/csm_MAT-L097T_GS_2025_a96598aeb4-809x1024.jpeg 809w, https:\/\/decoluxekitchens.com\/wp-content\/uploads\/2025\/09\/csm_MAT-L097T_GS_2025_a96598aeb4-768x972.jpeg 768w\" data-sizes=\"(max-width: 849px) 100vw, 849px\" src=\"data:image\/svg+xml;base64,PHN2ZyB3aWR0aD0iMSIgaGVpZ2h0PSIxIiB4bWxucz0iaHR0cDovL3d3dy53My5vcmcvMjAwMC9zdmciPjwvc3ZnPg==\" style=\"--smush-placeholder-width: 849px; --smush-placeholder-aspect-ratio: 849\/1074;\" \/>\t\t\t\t\t\t\t\t\t\t\t\t\t\t\t\t\t\t\t\t\t\t\t\t\t\t<\/div>\n\t\t\t\t\t\t\t\t\t<\/div>\n\t\t\t\t\t\t\t\t<\/div>\n\t\t\t\t<\/div>\n\t\t\t\t<\/div>\n\t\t\t\t<\/div>\n\t\t\t\t<\/div>\n\t\t<div class=\"elementor-element elementor-element-72fa140 e-con-full e-flex e-con e-child\" data-id=\"72fa140\" data-element_type=\"container\" data-e-type=\"container\">\n\t\t\t\t<div class=\"vamtam-has-theme-widget-styles elementor-element elementor-element-e80a65c elementor-invisible animated-fast elementor-widget elementor-widget-image\" data-id=\"e80a65c\" data-element_type=\"widget\" data-e-type=\"widget\" data-settings=\"{&quot;_animation&quot;:&quot;imageGrowWithScaleBottom&quot;}\" data-widget_type=\"image.default\">\n\t\t\t\t<div class=\"elementor-widget-container\">\n\t\t\t\t\t\t\t\t\t<div class=\"elementor-image\">\n\t\t\t\t\t\t\t\t\t\t\t<div class=\"vamtam-image-wrapper\">\n\t\t\t\t\t\t\t\t\t\t\t\t\t\t\t\t\t\t\t\t\t<img decoding=\"async\" width=\"1680\" height=\"1120\" data-src=\"https:\/\/decoluxekitchens.com\/wp-content\/uploads\/2025\/09\/csm_Schueller_Elba_Schiefer_sand_Paneelsystem_7f43495f4e.jpeg\" class=\"attachment-2048x2048 size-2048x2048 wp-image-989067 lazyload\" alt=\"\" data-srcset=\"https:\/\/decoluxekitchens.com\/wp-content\/uploads\/2025\/09\/csm_Schueller_Elba_Schiefer_sand_Paneelsystem_7f43495f4e.jpeg 1680w, https:\/\/decoluxekitchens.com\/wp-content\/uploads\/2025\/09\/csm_Schueller_Elba_Schiefer_sand_Paneelsystem_7f43495f4e-300x200.jpeg 300w, https:\/\/decoluxekitchens.com\/wp-content\/uploads\/2025\/09\/csm_Schueller_Elba_Schiefer_sand_Paneelsystem_7f43495f4e-1024x683.jpeg 1024w, https:\/\/decoluxekitchens.com\/wp-content\/uploads\/2025\/09\/csm_Schueller_Elba_Schiefer_sand_Paneelsystem_7f43495f4e-768x512.jpeg 768w, https:\/\/decoluxekitchens.com\/wp-content\/uploads\/2025\/09\/csm_Schueller_Elba_Schiefer_sand_Paneelsystem_7f43495f4e-1536x1024.jpeg 1536w\" data-sizes=\"(max-width: 1680px) 100vw, 1680px\" src=\"data:image\/svg+xml;base64,PHN2ZyB3aWR0aD0iMSIgaGVpZ2h0PSIxIiB4bWxucz0iaHR0cDovL3d3dy53My5vcmcvMjAwMC9zdmciPjwvc3ZnPg==\" style=\"--smush-placeholder-width: 1680px; --smush-placeholder-aspect-ratio: 1680\/1120;\" \/>\t\t\t\t\t\t\t\t\t\t\t\t\t\t\t\t\t\t\t\t\t\t\t\t\t\t<\/div>\n\t\t\t\t\t\t\t\t\t<\/div>\n\t\t\t\t\t\t\t\t<\/div>\n\t\t\t\t<\/div>\n\t\t\t\t<\/div>\n\t\t\t\t\t<\/div>\n\t\t\t\t<\/div>\n\t\t<div class=\"elementor-element elementor-element-900e38d e-flex e-con-boxed e-con e-parent\" data-id=\"900e38d\" data-element_type=\"container\" data-e-type=\"container\">\n\t\t\t\t\t<div class=\"e-con-inner\">\n\t\t\t\t<div class=\"elementor-element elementor-element-1066b71 elementor-widget elementor-widget-heading\" data-id=\"1066b71\" data-element_type=\"widget\" data-e-type=\"widget\" data-widget_type=\"heading.default\">\n\t\t\t\t<div class=\"elementor-widget-container\">\n\t\t\t\t\t<h6 class=\"elementor-heading-title elementor-size-default\">TODOS LOS MODELOS NATURAL Y CALIDO<\/h6>\t\t\t\t<\/div>\n\t\t\t\t<\/div>\n\t\t\t\t<div class=\"elementor-element elementor-element-fad5903 elementor-widget elementor-widget-heading\" data-id=\"fad5903\" data-element_type=\"widget\" data-e-type=\"widget\" data-widget_type=\"heading.default\">\n\t\t\t\t<div class=\"elementor-widget-container\">\n\t\t\t\t\t<h6 class=\"elementor-heading-title elementor-size-default\">Para quienes buscan la armon\u00eda de la naturaleza y la calidez del hogar<\/h6>\t\t\t\t<\/div>\n\t\t\t\t<\/div>\n\t\t\t\t\t<\/div>\n\t\t\t\t<\/div>\n\t\t<div class=\"elementor-element elementor-element-b36f0fe e-flex e-con-boxed e-con e-parent\" data-id=\"b36f0fe\" data-element_type=\"container\" data-e-type=\"container\">\n\t\t\t\t\t<div class=\"e-con-inner\">\n\t\t<div class=\"elementor-element elementor-element-a3d773f e-con-full e-flex e-con e-child\" data-id=\"a3d773f\" data-element_type=\"container\" data-e-type=\"container\" data-settings=\"{&quot;background_background&quot;:&quot;slideshow&quot;,&quot;background_slideshow_gallery&quot;:[],&quot;background_slideshow_loop&quot;:&quot;yes&quot;,&quot;background_slideshow_slide_duration&quot;:5000,&quot;background_slideshow_slide_transition&quot;:&quot;fade&quot;,&quot;background_slideshow_transition_duration&quot;:500}\">\n\t\t<div class=\"elementor-element elementor-element-342e46f elementor-invisible e-con-full animated-fast e-flex e-con e-child\" data-id=\"342e46f\" data-element_type=\"container\" data-e-type=\"container\" data-settings=\"{&quot;animation&quot;:&quot;slideInUp&quot;,&quot;background_background&quot;:&quot;slideshow&quot;,&quot;background_slideshow_gallery&quot;:[],&quot;background_slideshow_loop&quot;:&quot;yes&quot;,&quot;background_slideshow_slide_duration&quot;:5000,&quot;background_slideshow_slide_transition&quot;:&quot;fade&quot;,&quot;background_slideshow_transition_duration&quot;:500}\">\n\t\t\t\t<div class=\"vamtam-has-theme-widget-styles elementor-element elementor-element-ca8988b elementor-widget elementor-widget-image\" data-id=\"ca8988b\" data-element_type=\"widget\" data-e-type=\"widget\" data-widget_type=\"image.default\">\n\t\t\t\t<div class=\"elementor-widget-container\">\n\t\t\t\t\t\t\t\t\t<div class=\"elementor-image\">\n\t\t\t\t\t\t\t\t\t\t\t\t\t\t\t\t\t\t\t\t\t\t<a href=\"https:\/\/decoluxekitchens.com\/es\/modelos-de-cocina\/lineo\/\">\n\t\t\t\t\t\t\t\t\t\t\t<img decoding=\"async\" width=\"1600\" height=\"1067\" data-src=\"https:\/\/decoluxekitchens.com\/wp-content\/uploads\/2025\/10\/lineo2.jpg\" class=\"elementor-animation-shrink attachment-full size-full wp-image-990685 lazyload\" alt=\"\" data-srcset=\"https:\/\/decoluxekitchens.com\/wp-content\/uploads\/2025\/10\/lineo2.jpg 1600w, https:\/\/decoluxekitchens.com\/wp-content\/uploads\/2025\/10\/lineo2-300x200.jpg 300w, https:\/\/decoluxekitchens.com\/wp-content\/uploads\/2025\/10\/lineo2-1024x683.jpg 1024w, https:\/\/decoluxekitchens.com\/wp-content\/uploads\/2025\/10\/lineo2-768x512.jpg 768w, https:\/\/decoluxekitchens.com\/wp-content\/uploads\/2025\/10\/lineo2-1536x1024.jpg 1536w\" data-sizes=\"(max-width: 1600px) 100vw, 1600px\" src=\"data:image\/svg+xml;base64,PHN2ZyB3aWR0aD0iMSIgaGVpZ2h0PSIxIiB4bWxucz0iaHR0cDovL3d3dy53My5vcmcvMjAwMC9zdmciPjwvc3ZnPg==\" style=\"--smush-placeholder-width: 1600px; --smush-placeholder-aspect-ratio: 1600\/1067;\" \/>\t\t\t\t\t\t\t\t\t\t\t\t<\/a>\n\t\t\t\t\t\t\t\t\t\t\t\t\t\t\t\t\t\t\t\t\t\t\t\t<\/div>\n\t\t\t\t\t\t\t\t<\/div>\n\t\t\t\t<\/div>\n\t\t\t\t<div class=\"elementor-element elementor-element-f8c2118 elementor-widget elementor-widget-heading\" data-id=\"f8c2118\" data-element_type=\"widget\" data-e-type=\"widget\" data-widget_type=\"heading.default\">\n\t\t\t\t<div class=\"elementor-widget-container\">\n\t\t\t\t\t<h4 class=\"elementor-heading-title elementor-size-default\"><a href=\"https:\/\/decoluxekitchens.com\/lineo\/\">Lineo<\/a><\/h4>\t\t\t\t<\/div>\n\t\t\t\t<\/div>\n\t\t\t\t<div class=\"elementor-element elementor-element-7f1c917 elementor-widget elementor-widget-heading\" data-id=\"7f1c917\" data-element_type=\"widget\" data-e-type=\"widget\" data-widget_type=\"heading.default\">\n\t\t\t\t<div class=\"elementor-widget-container\">\n\t\t\t\t\t<h4 class=\"elementor-heading-title elementor-size-default\">L\u00edneas puras<\/h4>\t\t\t\t<\/div>\n\t\t\t\t<\/div>\n\t\t\t\t<\/div>\n\t\t<div class=\"elementor-element elementor-element-c020719 elementor-invisible e-con-full animated-fast e-flex e-con e-child\" data-id=\"c020719\" data-element_type=\"container\" data-e-type=\"container\" data-settings=\"{&quot;animation&quot;:&quot;slideInUp&quot;,&quot;animation_delay&quot;:50}\">\n\t\t\t\t<div class=\"vamtam-has-theme-widget-styles elementor-element elementor-element-811d477 elementor-widget elementor-widget-image\" data-id=\"811d477\" data-element_type=\"widget\" data-e-type=\"widget\" data-widget_type=\"image.default\">\n\t\t\t\t<div class=\"elementor-widget-container\">\n\t\t\t\t\t\t\t\t\t<div class=\"elementor-image\">\n\t\t\t\t\t\t\t\t\t\t\t\t\t\t\t\t\t\t\t\t\t\t<a href=\"https:\/\/decoluxekitchens.com\/es\/modelos-de-cocina\/modena\/\">\n\t\t\t\t\t\t\t\t\t\t\t<img decoding=\"async\" width=\"1600\" height=\"1067\" data-src=\"https:\/\/decoluxekitchens.com\/wp-content\/uploads\/2025\/10\/modena2.jpg\" class=\"elementor-animation-shrink attachment-full size-full wp-image-990681 lazyload\" alt=\"\" data-srcset=\"https:\/\/decoluxekitchens.com\/wp-content\/uploads\/2025\/10\/modena2.jpg 1600w, https:\/\/decoluxekitchens.com\/wp-content\/uploads\/2025\/10\/modena2-300x200.jpg 300w, https:\/\/decoluxekitchens.com\/wp-content\/uploads\/2025\/10\/modena2-1024x683.jpg 1024w, https:\/\/decoluxekitchens.com\/wp-content\/uploads\/2025\/10\/modena2-768x512.jpg 768w, https:\/\/decoluxekitchens.com\/wp-content\/uploads\/2025\/10\/modena2-1536x1024.jpg 1536w\" data-sizes=\"(max-width: 1600px) 100vw, 1600px\" src=\"data:image\/svg+xml;base64,PHN2ZyB3aWR0aD0iMSIgaGVpZ2h0PSIxIiB4bWxucz0iaHR0cDovL3d3dy53My5vcmcvMjAwMC9zdmciPjwvc3ZnPg==\" style=\"--smush-placeholder-width: 1600px; --smush-placeholder-aspect-ratio: 1600\/1067;\" \/>\t\t\t\t\t\t\t\t\t\t\t\t<\/a>\n\t\t\t\t\t\t\t\t\t\t\t\t\t\t\t\t\t\t\t\t\t\t\t\t<\/div>\n\t\t\t\t\t\t\t\t<\/div>\n\t\t\t\t<\/div>\n\t\t\t\t<div class=\"elementor-element elementor-element-537b4bd elementor-widget elementor-widget-heading\" data-id=\"537b4bd\" data-element_type=\"widget\" data-e-type=\"widget\" data-widget_type=\"heading.default\">\n\t\t\t\t<div class=\"elementor-widget-container\">\n\t\t\t\t\t<h4 class=\"elementor-heading-title elementor-size-default\"><a href=\"https:\/\/decoluxekitchens.com\/modena\/\">Modena<\/a><\/h4>\t\t\t\t<\/div>\n\t\t\t\t<\/div>\n\t\t\t\t<div class=\"elementor-element elementor-element-2b7e87f elementor-widget elementor-widget-heading\" data-id=\"2b7e87f\" data-element_type=\"widget\" data-e-type=\"widget\" data-widget_type=\"heading.default\">\n\t\t\t\t<div class=\"elementor-widget-container\">\n\t\t\t\t\t<h4 class=\"elementor-heading-title elementor-size-default\">Calidez contempor\u00e1nea<\/h4>\t\t\t\t<\/div>\n\t\t\t\t<\/div>\n\t\t\t\t<\/div>\n\t\t<div class=\"elementor-element elementor-element-a7e9799 elementor-invisible e-con-full animated-fast e-flex e-con e-child\" data-id=\"a7e9799\" data-element_type=\"container\" data-e-type=\"container\" data-settings=\"{&quot;animation&quot;:&quot;slideInUp&quot;,&quot;animation_delay&quot;:100}\">\n\t\t\t\t<div class=\"vamtam-has-theme-widget-styles elementor-element elementor-element-3a23bb9 elementor-widget elementor-widget-image\" data-id=\"3a23bb9\" data-element_type=\"widget\" data-e-type=\"widget\" data-widget_type=\"image.default\">\n\t\t\t\t<div class=\"elementor-widget-container\">\n\t\t\t\t\t\t\t\t\t<div class=\"elementor-image\">\n\t\t\t\t\t\t\t\t\t\t\t\t\t\t\t\t\t\t\t\t\t\t<a href=\"https:\/\/decoluxekitchens.com\/es\/modelos-de-cocina\/biella\/\">\n\t\t\t\t\t\t\t\t\t\t\t<img decoding=\"async\" width=\"1600\" height=\"1067\" data-src=\"https:\/\/decoluxekitchens.com\/wp-content\/uploads\/2025\/10\/biella-1.jpg\" class=\"elementor-animation-shrink attachment-full size-full wp-image-991915 lazyload\" alt=\"\" data-srcset=\"https:\/\/decoluxekitchens.com\/wp-content\/uploads\/2025\/10\/biella-1.jpg 1600w, https:\/\/decoluxekitchens.com\/wp-content\/uploads\/2025\/10\/biella-1-300x200.jpg 300w, https:\/\/decoluxekitchens.com\/wp-content\/uploads\/2025\/10\/biella-1-1024x683.jpg 1024w, https:\/\/decoluxekitchens.com\/wp-content\/uploads\/2025\/10\/biella-1-768x512.jpg 768w, https:\/\/decoluxekitchens.com\/wp-content\/uploads\/2025\/10\/biella-1-1536x1024.jpg 1536w\" data-sizes=\"(max-width: 1600px) 100vw, 1600px\" src=\"data:image\/svg+xml;base64,PHN2ZyB3aWR0aD0iMSIgaGVpZ2h0PSIxIiB4bWxucz0iaHR0cDovL3d3dy53My5vcmcvMjAwMC9zdmciPjwvc3ZnPg==\" style=\"--smush-placeholder-width: 1600px; --smush-placeholder-aspect-ratio: 1600\/1067;\" \/>\t\t\t\t\t\t\t\t\t\t\t\t<\/a>\n\t\t\t\t\t\t\t\t\t\t\t\t\t\t\t\t\t\t\t\t\t\t\t\t<\/div>\n\t\t\t\t\t\t\t\t<\/div>\n\t\t\t\t<\/div>\n\t\t\t\t<div class=\"elementor-element elementor-element-0773739 elementor-widget elementor-widget-heading\" data-id=\"0773739\" data-element_type=\"widget\" data-e-type=\"widget\" data-widget_type=\"heading.default\">\n\t\t\t\t<div class=\"elementor-widget-container\">\n\t\t\t\t\t<h4 class=\"elementor-heading-title elementor-size-default\">Biella<\/h4>\t\t\t\t<\/div>\n\t\t\t\t<\/div>\n\t\t\t\t<div class=\"elementor-element elementor-element-a31a8c8 elementor-widget elementor-widget-heading\" data-id=\"a31a8c8\" data-element_type=\"widget\" data-e-type=\"widget\" data-widget_type=\"heading.default\">\n\t\t\t\t<div class=\"elementor-widget-container\">\n\t\t\t\t\t<h4 class=\"elementor-heading-title elementor-size-default\"> Cl\u00e1sico renovado<\/h4>\t\t\t\t<\/div>\n\t\t\t\t<\/div>\n\t\t\t\t<\/div>\n\t\t<div class=\"elementor-element elementor-element-47af997 elementor-invisible e-con-full animated-fast e-flex e-con e-child\" data-id=\"47af997\" data-element_type=\"container\" data-e-type=\"container\" data-settings=\"{&quot;animation&quot;:&quot;slideInUp&quot;,&quot;animation_delay&quot;:100}\">\n\t\t\t\t<div class=\"vamtam-has-theme-widget-styles elementor-element elementor-element-d51790f elementor-widget elementor-widget-image\" data-id=\"d51790f\" data-element_type=\"widget\" data-e-type=\"widget\" data-widget_type=\"image.default\">\n\t\t\t\t<div class=\"elementor-widget-container\">\n\t\t\t\t\t\t\t\t\t<div class=\"elementor-image\">\n\t\t\t\t\t\t\t\t\t\t\t\t\t\t\t\t\t\t\t\t\t\t<a href=\"https:\/\/decoluxekitchens.com\/es\/modelos-de-cocina\/rocca\/\">\n\t\t\t\t\t\t\t\t\t\t\t<img decoding=\"async\" width=\"1600\" height=\"1067\" data-src=\"https:\/\/decoluxekitchens.com\/wp-content\/uploads\/2025\/10\/rocca.jpg\" class=\"elementor-animation-shrink attachment-full size-full wp-image-992153 lazyload\" alt=\"\" data-srcset=\"https:\/\/decoluxekitchens.com\/wp-content\/uploads\/2025\/10\/rocca.jpg 1600w, https:\/\/decoluxekitchens.com\/wp-content\/uploads\/2025\/10\/rocca-300x200.jpg 300w, https:\/\/decoluxekitchens.com\/wp-content\/uploads\/2025\/10\/rocca-1024x683.jpg 1024w, https:\/\/decoluxekitchens.com\/wp-content\/uploads\/2025\/10\/rocca-768x512.jpg 768w, https:\/\/decoluxekitchens.com\/wp-content\/uploads\/2025\/10\/rocca-1536x1024.jpg 1536w\" data-sizes=\"(max-width: 1600px) 100vw, 1600px\" src=\"data:image\/svg+xml;base64,PHN2ZyB3aWR0aD0iMSIgaGVpZ2h0PSIxIiB4bWxucz0iaHR0cDovL3d3dy53My5vcmcvMjAwMC9zdmciPjwvc3ZnPg==\" style=\"--smush-placeholder-width: 1600px; --smush-placeholder-aspect-ratio: 1600\/1067;\" \/>\t\t\t\t\t\t\t\t\t\t\t\t<\/a>\n\t\t\t\t\t\t\t\t\t\t\t\t\t\t\t\t\t\t\t\t\t\t\t\t<\/div>\n\t\t\t\t\t\t\t\t<\/div>\n\t\t\t\t<\/div>\n\t\t\t\t<div class=\"elementor-element elementor-element-1038450 elementor-widget elementor-widget-heading\" data-id=\"1038450\" data-element_type=\"widget\" data-e-type=\"widget\" data-widget_type=\"heading.default\">\n\t\t\t\t<div class=\"elementor-widget-container\">\n\t\t\t\t\t<h4 class=\"elementor-heading-title elementor-size-default\"><a href=\"https:\/\/decoluxekitchens.com\/rocca\/\">Rocca<\/a><\/h4>\t\t\t\t<\/div>\n\t\t\t\t<\/div>\n\t\t\t\t<div class=\"elementor-element elementor-element-8db103e elementor-widget elementor-widget-heading\" data-id=\"8db103e\" data-element_type=\"widget\" data-e-type=\"widget\" data-widget_type=\"heading.default\">\n\t\t\t\t<div class=\"elementor-widget-container\">\n\t\t\t\t\t<h4 class=\"elementor-heading-title elementor-size-default\">Fuerza natural<\/h4>\t\t\t\t<\/div>\n\t\t\t\t<\/div>\n\t\t\t\t<\/div>\n\t\t\t\t<\/div>\n\t\t\t\t\t<\/div>\n\t\t\t\t<\/div>\n\t\t<div class=\"elementor-element elementor-element-882761a e-con-full e-flex e-con e-child\" data-id=\"882761a\" data-element_type=\"container\" data-e-type=\"container\" data-settings=\"{&quot;background_background&quot;:&quot;classic&quot;}\">\n\t\t<div class=\"elementor-element elementor-element-4e304f2 e-flex e-con-boxed e-con e-child\" data-id=\"4e304f2\" data-element_type=\"container\" data-e-type=\"container\">\n\t\t\t\t\t<div class=\"e-con-inner\">\n\t\t<div class=\"elementor-element elementor-element-7bb6c97 e-con-full e-flex e-con e-child\" data-id=\"7bb6c97\" data-element_type=\"container\" data-e-type=\"container\">\n\t\t\t\t<\/div>\n\t\t\t\t\t<\/div>\n\t\t\t\t<\/div>\n\t\t<div class=\"elementor-element elementor-element-4f9b74f e-flex e-con-boxed e-con e-child\" data-id=\"4f9b74f\" data-element_type=\"container\" data-e-type=\"container\">\n\t\t\t\t\t<div class=\"e-con-inner\">\n\t\t<div class=\"elementor-element elementor-element-be56471 e-con-full blur-background e-flex e-con e-child\" data-id=\"be56471\" data-element_type=\"container\" data-e-type=\"container\">\n\t\t\t\t<div class=\"elementor-element elementor-element-5c3dc15 elementor-invisible animated-fast elementor-widget elementor-widget-heading\" data-id=\"5c3dc15\" data-element_type=\"widget\" data-e-type=\"widget\" data-settings=\"{&quot;_animation&quot;:&quot;slideInUp&quot;}\" data-widget_type=\"heading.default\">\n\t\t\t\t<div class=\"elementor-widget-container\">\n\t\t\t\t\t<h2 class=\"elementor-heading-title elementor-size-default\">Contacta con nosotros para resolver tus dudas.<\/h2>\t\t\t\t<\/div>\n\t\t\t\t<\/div>\n\t\t<div class=\"elementor-element elementor-element-8b353ed e-con-full e-flex e-con e-child\" data-id=\"8b353ed\" data-element_type=\"container\" data-e-type=\"container\">\n\t\t\t\t<div class=\"elementor-element elementor-element-30143bc elementor-invisible elementor-widget__width-initial animated-fast elementor-widget elementor-widget-heading\" data-id=\"30143bc\" data-element_type=\"widget\" data-e-type=\"widget\" data-settings=\"{&quot;_animation&quot;:&quot;slideInUp&quot;,&quot;_animation_delay&quot;:50}\" data-widget_type=\"heading.default\">\n\t\t\t\t<div class=\"elementor-widget-container\">\n\t\t\t\t\t<h5 class=\"elementor-heading-title elementor-size-default\">Conoce a nuestros agentes especializados en cocinas para asesorarte.<\/h5>\t\t\t\t<\/div>\n\t\t\t\t<\/div>\n\t\t\t\t<div class=\"vamtam-has-theme-widget-styles elementor-element elementor-element-6d3ad9a elementor-invisible animated-fast vamtam-has-underline-anim elementor-widget elementor-widget-button\" data-id=\"6d3ad9a\" data-element_type=\"widget\" data-e-type=\"widget\" data-settings=\"{&quot;_animation&quot;:&quot;slideInUp&quot;,&quot;_animation_delay&quot;:100}\" data-widget_type=\"button.default\">\n\t\t\t\t<div class=\"elementor-widget-container\">\n\t\t\t\t\t\t\t\t\t<div class=\"elementor-button-wrapper\">\n\t\t\t\t\t<a class=\"elementor-button elementor-button-link elementor-size-sm\" href=\"https:\/\/decoluxekitchens.com\/es\/contacto\/\">\n\t\t\t\t\t\t<span class=\"elementor-button-content-wrapper\">\n\t\t\t\t\t\t\t\t\t<span class=\"elementor-button-text\">Solicitar informaci\u00f3n<\/span>\n\t\t\t\t\t<\/span>\n\t\t\t\t\t<\/a>\n\t\t\t\t<\/div>\n\t\t\t\t\t\t\t\t<\/div>\n\t\t\t\t<\/div>\n\t\t\t\t<\/div>\n\t\t\t\t<\/div>\n\t\t\t\t\t<\/div>\n\t\t\t\t<\/div>\n\t\t<div class=\"elementor-element elementor-element-12d1429 e-flex e-con-boxed e-con e-child\" data-id=\"12d1429\" data-element_type=\"container\" data-e-type=\"container\">\n\t\t\t\t\t<div class=\"e-con-inner\">\n\t\t<div class=\"elementor-element elementor-element-cc67336 e-con-full e-flex e-con e-child\" data-id=\"cc67336\" data-element_type=\"container\" data-e-type=\"container\">\n\t\t\t\t<\/div>\n\t\t\t\t\t<\/div>\n\t\t\t\t<\/div>\n\t\t\t\t<\/div>\n\t\t\t\t<\/div>\n\t\t","protected":false},"excerpt":{"rendered":"<p>Natural Y c\u00e1lido TODOS LOS MODELOS NATURAL Y CALIDO Para quienes buscan la armon\u00eda de la naturaleza y la calidez del hogar Lineo L\u00edneas puras Modena Calidez contempor\u00e1nea Biella Cl\u00e1sico renovado Rocca Fuerza natural Contacta con nosotros para resolver tus dudas. Conoce a nuestros agentes especializados en cocinas para asesorarte. Solicitar informaci\u00f3n<\/p>\n","protected":false},"author":4,"featured_media":0,"parent":990499,"menu_order":0,"comment_status":"closed","ping_status":"closed","template":"elementor_header_footer","meta":{"footnotes":""},"class_list":["post-989371","page","type-page","status-publish","hentry"],"_links":{"self":[{"href":"https:\/\/decoluxekitchens.com\/es\/wp-json\/wp\/v2\/pages\/989371","targetHints":{"allow":["GET"]}}],"collection":[{"href":"https:\/\/decoluxekitchens.com\/es\/wp-json\/wp\/v2\/pages"}],"about":[{"href":"https:\/\/decoluxekitchens.com\/es\/wp-json\/wp\/v2\/types\/page"}],"author":[{"embeddable":true,"href":"https:\/\/decoluxekitchens.com\/es\/wp-json\/wp\/v2\/users\/4"}],"replies":[{"embeddable":true,"href":"https:\/\/decoluxekitchens.com\/es\/wp-json\/wp\/v2\/comments?post=989371"}],"version-history":[{"count":46,"href":"https:\/\/decoluxekitchens.com\/es\/wp-json\/wp\/v2\/pages\/989371\/revisions"}],"predecessor-version":[{"id":1002304,"href":"https:\/\/decoluxekitchens.com\/es\/wp-json\/wp\/v2\/pages\/989371\/revisions\/1002304"}],"up":[{"embeddable":true,"href":"https:\/\/decoluxekitchens.com\/es\/wp-json\/wp\/v2\/pages\/990499"}],"wp:attachment":[{"href":"https:\/\/decoluxekitchens.com\/es\/wp-json\/wp\/v2\/media?parent=989371"}],"curies":[{"name":"wp","href":"https:\/\/api.w.org\/{rel}","templated":true}]}}