{"id":991077,"date":"2025-10-16T08:39:01","date_gmt":"2025-10-16T08:39:01","guid":{"rendered":"https:\/\/decoluxekitchens.com\/?page_id=991077"},"modified":"2026-01-14T11:35:14","modified_gmt":"2026-01-14T11:35:14","slug":"biella-satin","status":"publish","type":"page","link":"https:\/\/decoluxekitchens.com\/es\/modelos-de-cocina\/biella-satin\/","title":{"rendered":"Biella Satin"},"content":{"rendered":"\t\t<div data-elementor-type=\"wp-page\" data-elementor-id=\"991077\" class=\"elementor elementor-991077\" data-elementor-post-type=\"page\">\n\t\t\t\t<div class=\"elementor-element elementor-element-d68da6f e-con-full e-flex e-con e-parent\" data-id=\"d68da6f\" data-element_type=\"container\" data-e-type=\"container\" data-settings=\"{&quot;background_background&quot;:&quot;classic&quot;}\">\n\t\t<div class=\"elementor-element elementor-element-ac95dbe e-flex e-con-boxed e-con e-child\" data-id=\"ac95dbe\" data-element_type=\"container\" data-e-type=\"container\">\n\t\t\t\t\t<div class=\"e-con-inner\">\n\t\t<div class=\"elementor-element elementor-element-053c5af e-con-full e-flex e-con e-child\" data-id=\"053c5af\" data-element_type=\"container\" data-e-type=\"container\">\n\t\t\t\t<\/div>\n\t\t\t\t\t<\/div>\n\t\t\t\t<\/div>\n\t\t<div class=\"elementor-element elementor-element-2699a31 e-flex e-con-boxed e-con e-child\" data-id=\"2699a31\" data-element_type=\"container\" data-e-type=\"container\">\n\t\t\t\t\t<div class=\"e-con-inner\">\n\t\t<div class=\"elementor-element elementor-element-6b9e3e9 e-con-full blur-background e-flex e-con e-child\" data-id=\"6b9e3e9\" data-element_type=\"container\" data-e-type=\"container\">\n\t\t\t\t<div class=\"elementor-element elementor-element-f73b997 elementor-invisible animated-fast elementor-widget__width-initial elementor-widget elementor-widget-heading\" data-id=\"f73b997\" data-element_type=\"widget\" data-e-type=\"widget\" data-settings=\"{&quot;_animation&quot;:&quot;slideInUp&quot;}\" data-widget_type=\"heading.default\">\n\t\t\t\t<div class=\"elementor-widget-container\">\n\t\t\t\t\t<h2 class=\"elementor-heading-title elementor-size-default\">Espacios que fluyen: cocina, sala y \u00e1rea de trabajo en perfecta armon\u00eda.\nBiella<\/h2>\t\t\t\t<\/div>\n\t\t\t\t<\/div>\n\t\t\t\t<\/div>\n\t\t\t\t\t<\/div>\n\t\t\t\t<\/div>\n\t\t<div class=\"elementor-element elementor-element-e70a1df e-flex e-con-boxed e-con e-child\" data-id=\"e70a1df\" data-element_type=\"container\" data-e-type=\"container\">\n\t\t\t\t\t<div class=\"e-con-inner\">\n\t\t<div class=\"elementor-element elementor-element-5909aed e-con-full e-flex e-con e-child\" data-id=\"5909aed\" data-element_type=\"container\" data-e-type=\"container\">\n\t\t\t\t<\/div>\n\t\t\t\t\t<\/div>\n\t\t\t\t<\/div>\n\t\t\t\t<\/div>\n\t\t<div class=\"elementor-element elementor-element-5d8d408 e-flex e-con-boxed e-con e-parent\" data-id=\"5d8d408\" data-element_type=\"container\" data-e-type=\"container\">\n\t\t\t\t\t<div class=\"e-con-inner\">\n\t\t\t\t<div class=\"elementor-element elementor-element-f5a3ba8 elementor-widget__width-initial elementor-widget elementor-widget-shortcode\" data-id=\"f5a3ba8\" data-element_type=\"widget\" data-e-type=\"widget\" data-widget_type=\"shortcode.default\">\n\t\t\t\t<div class=\"elementor-widget-container\">\n\t\t\t\t\t\t\t<div class=\"elementor-shortcode\"><nav aria-label=\"breadcrumbs\" class=\"rank-math-breadcrumb\"><p><span class=\"last\">Inicio<\/span><\/p><\/nav><\/div>\n\t\t\t\t\t\t<\/div>\n\t\t\t\t<\/div>\n\t\t\t\t<div class=\"elementor-element elementor-element-1d42f57 elementor-invisible elementor-widget-tablet__width-initial elementor-widget-mobile__width-inherit animated-fast elementor-widget elementor-widget-text-editor\" data-id=\"1d42f57\" data-element_type=\"widget\" data-e-type=\"widget\" data-settings=\"{&quot;_animation&quot;:&quot;slideInUp&quot;}\" data-widget_type=\"text-editor.default\">\n\t\t\t\t<div class=\"elementor-widget-container\">\n\t\t\t\t\t\t\t\t\t<div class=\"text\"><p>El estilo de vida urbano implica que la vida, la cocina, el estilo de vida y el trabajo se fusionan cada vez m\u00e1s. Es agradable cuando la cocina ayuda a crear transiciones fluidas pero estructuradas. La sofisticada est\u00e9tica de la estanter\u00eda con un c\u00e1lido aspecto de madera y la barra de la cocina separan las zonas, y el espacio de trabajo tambi\u00e9n tiene un espacio claramente definido.<\/p><\/div><div class=\"anchor-menu\">\u00a0<\/div>\t\t\t\t\t\t\t\t<\/div>\n\t\t\t\t<\/div>\n\t\t\t\t\t<\/div>\n\t\t\t\t<\/div>\n\t\t<div class=\"elementor-element elementor-element-b59311b e-flex e-con-boxed e-con e-parent\" data-id=\"b59311b\" data-element_type=\"container\" data-e-type=\"container\">\n\t\t\t\t\t<div class=\"e-con-inner\">\n\t\t\t\t<div class=\"elementor-element elementor-element-65c2e39 elementor-widget elementor-widget-heading\" data-id=\"65c2e39\" data-element_type=\"widget\" data-e-type=\"widget\" data-widget_type=\"heading.default\">\n\t\t\t\t<div class=\"elementor-widget-container\">\n\t\t\t\t\t<h2 class=\"elementor-heading-title elementor-size-default\">Detalles<\/h2>\t\t\t\t<\/div>\n\t\t\t\t<\/div>\n\t\t\t\t\t<\/div>\n\t\t\t\t<\/div>\n\t\t<div class=\"elementor-element elementor-element-d3c8bc2 e-flex e-con-boxed e-con e-parent\" data-id=\"d3c8bc2\" data-element_type=\"container\" data-e-type=\"container\">\n\t\t\t\t\t<div class=\"e-con-inner\">\n\t\t\t\t<div class=\"vamtam-has-theme-widget-styles elementor-element elementor-element-13bf498 elementor-widget__width-initial elementor-widget elementor-widget-image\" data-id=\"13bf498\" data-element_type=\"widget\" data-e-type=\"widget\" data-widget_type=\"image.default\">\n\t\t\t\t<div class=\"elementor-widget-container\">\n\t\t\t\t\t\t\t\t\t<div class=\"elementor-image\">\n\t\t\t\t\t\t\t\t\t\t\t\t\t\t\t\t\t\t\t\t\t<img fetchpriority=\"high\" decoding=\"async\" width=\"1024\" height=\"528\" src=\"https:\/\/decoluxekitchens.com\/wp-content\/uploads\/2025\/10\/csm_BIE_L535_GS_2024_d9816dfdb6-1-1024x528.jpeg\" class=\"attachment-large size-large wp-image-991089\" alt=\"\" srcset=\"https:\/\/decoluxekitchens.com\/wp-content\/uploads\/2025\/10\/csm_BIE_L535_GS_2024_d9816dfdb6-1-1024x528.jpeg 1024w, https:\/\/decoluxekitchens.com\/wp-content\/uploads\/2025\/10\/csm_BIE_L535_GS_2024_d9816dfdb6-1-300x155.jpeg 300w, https:\/\/decoluxekitchens.com\/wp-content\/uploads\/2025\/10\/csm_BIE_L535_GS_2024_d9816dfdb6-1-768x396.jpeg 768w, https:\/\/decoluxekitchens.com\/wp-content\/uploads\/2025\/10\/csm_BIE_L535_GS_2024_d9816dfdb6-1-1536x793.jpeg 1536w, https:\/\/decoluxekitchens.com\/wp-content\/uploads\/2025\/10\/csm_BIE_L535_GS_2024_d9816dfdb6-1.jpeg 1680w\" sizes=\"(max-width: 1024px) 100vw, 1024px\" \/>\t\t\t\t\t\t\t\t\t\t\t\t\t\t\t\t\t\t\t\t\t\t\t\t<\/div>\n\t\t\t\t\t\t\t\t<\/div>\n\t\t\t\t<\/div>\n\t\t\t\t\t<\/div>\n\t\t\t\t<\/div>\n\t\t<div class=\"elementor-element elementor-element-8c8387f e-flex e-con-boxed e-con e-parent\" data-id=\"8c8387f\" data-element_type=\"container\" data-e-type=\"container\">\n\t\t\t\t\t<div class=\"e-con-inner\">\n\t\t\t\t<div class=\"elementor-element elementor-element-309ef59 elementor-widget elementor-widget-spacer\" data-id=\"309ef59\" data-element_type=\"widget\" data-e-type=\"widget\" data-widget_type=\"spacer.default\">\n\t\t\t\t<div class=\"elementor-widget-container\">\n\t\t\t\t\t\t\t<div class=\"elementor-spacer\">\n\t\t\t<div class=\"elementor-spacer-inner\"><\/div>\n\t\t<\/div>\n\t\t\t\t\t\t<\/div>\n\t\t\t\t<\/div>\n\t\t\t\t\t<\/div>\n\t\t\t\t<\/div>\n\t\t<div class=\"elementor-element elementor-element-0d85813 e-flex e-con-boxed e-con e-parent\" data-id=\"0d85813\" data-element_type=\"container\" data-e-type=\"container\">\n\t\t\t\t\t<div class=\"e-con-inner\">\n\t\t\t\t<div class=\"elementor-element elementor-element-04379d5 elementor-widget elementor-widget-heading\" data-id=\"04379d5\" data-element_type=\"widget\" data-e-type=\"widget\" data-widget_type=\"heading.default\">\n\t\t\t\t<div class=\"elementor-widget-container\">\n\t\t\t\t\t<h4 class=\"elementor-heading-title elementor-size-default\">C\u00f3mo vivir y disfrutar con naturalidad el esp\u00edritu de nuestro tiempo . \n<\/h4>\t\t\t\t<\/div>\n\t\t\t\t<\/div>\n\t\t\t\t\t<\/div>\n\t\t\t\t<\/div>\n\t\t<div class=\"elementor-element elementor-element-9a3217b e-flex e-con-boxed e-con e-parent\" data-id=\"9a3217b\" data-element_type=\"container\" data-e-type=\"container\">\n\t\t\t\t\t<div class=\"e-con-inner\">\n\t\t\t\t<div class=\"elementor-element elementor-element-e66982f elementor-widget elementor-widget-spacer\" data-id=\"e66982f\" data-element_type=\"widget\" data-e-type=\"widget\" data-widget_type=\"spacer.default\">\n\t\t\t\t<div class=\"elementor-widget-container\">\n\t\t\t\t\t\t\t<div class=\"elementor-spacer\">\n\t\t\t<div class=\"elementor-spacer-inner\"><\/div>\n\t\t<\/div>\n\t\t\t\t\t\t<\/div>\n\t\t\t\t<\/div>\n\t\t\t\t\t<\/div>\n\t\t\t\t<\/div>\n\t\t<div class=\"elementor-element elementor-element-88785a7 e-flex e-con-boxed e-con e-parent\" data-id=\"88785a7\" data-element_type=\"container\" data-e-type=\"container\">\n\t\t\t\t\t<div class=\"e-con-inner\">\n\t\t\t\t<div class=\"elementor-element elementor-element-99d3b1d elementor-widget elementor-widget-heading\" data-id=\"99d3b1d\" data-element_type=\"widget\" data-e-type=\"widget\" data-widget_type=\"heading.default\">\n\t\t\t\t<div class=\"elementor-widget-container\">\n\t\t\t\t\t<h2 class=\"elementor-heading-title elementor-size-default\">Organizaci\u00f3n<\/h2>\t\t\t\t<\/div>\n\t\t\t\t<\/div>\n\t\t\t\t\t<\/div>\n\t\t\t\t<\/div>\n\t\t<div class=\"elementor-element elementor-element-73401f6 e-flex e-con-boxed e-con e-parent\" data-id=\"73401f6\" data-element_type=\"container\" data-e-type=\"container\">\n\t\t\t\t\t<div class=\"e-con-inner\">\n\t\t\t\t<div class=\"elementor-element elementor-element-af1bdbd elementor-widget__width-initial elementor-widget elementor-widget-heading\" data-id=\"af1bdbd\" data-element_type=\"widget\" data-e-type=\"widget\" data-widget_type=\"heading.default\">\n\t\t\t\t<div class=\"elementor-widget-container\">\n\t\t\t\t\t<h4 class=\"elementor-heading-title elementor-size-default\">El armario extra\u00edble de cuerpo entero (una maravilla de espacio de almacenamiento) y el mueble bajo fregadero con un moderno sistema de separaci\u00f3n de residuos y bolsa de reciclaje. Todos los extra\u00edbles cuentan con el sistema de apertura electr\u00f3nica C-Drive, que se activa con una ligera presi\u00f3n. Vivir aqu\u00ed es un verdadero placer.\n\n<\/h4>\t\t\t\t<\/div>\n\t\t\t\t<\/div>\n\t\t\t\t\t<\/div>\n\t\t\t\t<\/div>\n\t\t<div class=\"elementor-element elementor-element-7e5b1ae e-flex e-con-boxed e-con e-parent\" data-id=\"7e5b1ae\" data-element_type=\"container\" data-e-type=\"container\">\n\t\t\t\t\t<div class=\"e-con-inner\">\n\t\t\t\t<div class=\"elementor-element elementor-element-3d711d4 elementor-widget elementor-widget-spacer\" data-id=\"3d711d4\" data-element_type=\"widget\" data-e-type=\"widget\" data-widget_type=\"spacer.default\">\n\t\t\t\t<div class=\"elementor-widget-container\">\n\t\t\t\t\t\t\t<div class=\"elementor-spacer\">\n\t\t\t<div class=\"elementor-spacer-inner\"><\/div>\n\t\t<\/div>\n\t\t\t\t\t\t<\/div>\n\t\t\t\t<\/div>\n\t\t\t\t\t<\/div>\n\t\t\t\t<\/div>\n\t\t<div class=\"elementor-element elementor-element-8c88ce7 e-flex e-con-boxed e-con e-parent\" data-id=\"8c88ce7\" data-element_type=\"container\" data-e-type=\"container\">\n\t\t\t\t\t<div class=\"e-con-inner\">\n\t\t<div class=\"elementor-element elementor-element-7ad91ba e-con-full e-flex e-con e-child\" data-id=\"7ad91ba\" data-element_type=\"container\" data-e-type=\"container\">\n\t\t<div class=\"elementor-element elementor-element-62d8dc7 e-con-full e-flex e-con e-child\" data-id=\"62d8dc7\" data-element_type=\"container\" data-e-type=\"container\">\n\t\t\t\t<div class=\"vamtam-has-theme-widget-styles elementor-element elementor-element-3a1a084 elementor-widget elementor-widget-image\" data-id=\"3a1a084\" data-element_type=\"widget\" data-e-type=\"widget\" data-widget_type=\"image.default\">\n\t\t\t\t<div class=\"elementor-widget-container\">\n\t\t\t\t\t\t\t\t\t<div class=\"elementor-image\">\n\t\t\t\t\t\t\t\t\t\t\t\t\t\t\t\t\t\t\t\t\t<img decoding=\"async\" width=\"1024\" height=\"1024\" data-src=\"https:\/\/decoluxekitchens.com\/wp-content\/uploads\/2025\/10\/csm_arosa-urban-kitchen-auszugschrank_c1d1f9dc7d-1024x1024.jpeg\" class=\"attachment-large size-large wp-image-991093 lazyload\" alt=\"\" data-srcset=\"https:\/\/decoluxekitchens.com\/wp-content\/uploads\/2025\/10\/csm_arosa-urban-kitchen-auszugschrank_c1d1f9dc7d-1024x1024.jpeg 1024w, https:\/\/decoluxekitchens.com\/wp-content\/uploads\/2025\/10\/csm_arosa-urban-kitchen-auszugschrank_c1d1f9dc7d-300x300.jpeg 300w, https:\/\/decoluxekitchens.com\/wp-content\/uploads\/2025\/10\/csm_arosa-urban-kitchen-auszugschrank_c1d1f9dc7d-150x150.jpeg 150w, https:\/\/decoluxekitchens.com\/wp-content\/uploads\/2025\/10\/csm_arosa-urban-kitchen-auszugschrank_c1d1f9dc7d-768x768.jpeg 768w, https:\/\/decoluxekitchens.com\/wp-content\/uploads\/2025\/10\/csm_arosa-urban-kitchen-auszugschrank_c1d1f9dc7d.jpeg 1032w\" data-sizes=\"(max-width: 1024px) 100vw, 1024px\" src=\"data:image\/svg+xml;base64,PHN2ZyB3aWR0aD0iMSIgaGVpZ2h0PSIxIiB4bWxucz0iaHR0cDovL3d3dy53My5vcmcvMjAwMC9zdmciPjwvc3ZnPg==\" style=\"--smush-placeholder-width: 1024px; --smush-placeholder-aspect-ratio: 1024\/1024;\" \/>\t\t\t\t\t\t\t\t\t\t\t\t\t\t\t\t\t\t\t\t\t\t\t\t<\/div>\n\t\t\t\t\t\t\t\t<\/div>\n\t\t\t\t<\/div>\n\t\t\t\t<\/div>\n\t\t<div class=\"elementor-element elementor-element-edbc516 e-con-full e-flex e-con e-child\" data-id=\"edbc516\" data-element_type=\"container\" data-e-type=\"container\">\n\t\t\t\t<div class=\"vamtam-has-theme-widget-styles elementor-element elementor-element-22a3395 elementor-widget elementor-widget-image\" data-id=\"22a3395\" data-element_type=\"widget\" data-e-type=\"widget\" data-widget_type=\"image.default\">\n\t\t\t\t<div class=\"elementor-widget-container\">\n\t\t\t\t\t\t\t\t\t<div class=\"elementor-image\">\n\t\t\t\t\t\t\t\t\t\t\t\t\t\t\t\t\t\t\t\t\t<img decoding=\"async\" width=\"1024\" height=\"1024\" data-src=\"https:\/\/decoluxekitchens.com\/wp-content\/uploads\/2025\/10\/csm_arosa-l490p-mokkabraun-detail-c-drive-muellauszug_0e3fbb6028-1024x1024.jpeg\" class=\"attachment-large size-large wp-image-991094 lazyload\" alt=\"\" data-srcset=\"https:\/\/decoluxekitchens.com\/wp-content\/uploads\/2025\/10\/csm_arosa-l490p-mokkabraun-detail-c-drive-muellauszug_0e3fbb6028-1024x1024.jpeg 1024w, https:\/\/decoluxekitchens.com\/wp-content\/uploads\/2025\/10\/csm_arosa-l490p-mokkabraun-detail-c-drive-muellauszug_0e3fbb6028-300x300.jpeg 300w, https:\/\/decoluxekitchens.com\/wp-content\/uploads\/2025\/10\/csm_arosa-l490p-mokkabraun-detail-c-drive-muellauszug_0e3fbb6028-150x150.jpeg 150w, https:\/\/decoluxekitchens.com\/wp-content\/uploads\/2025\/10\/csm_arosa-l490p-mokkabraun-detail-c-drive-muellauszug_0e3fbb6028-768x768.jpeg 768w, https:\/\/decoluxekitchens.com\/wp-content\/uploads\/2025\/10\/csm_arosa-l490p-mokkabraun-detail-c-drive-muellauszug_0e3fbb6028.jpeg 1032w\" data-sizes=\"(max-width: 1024px) 100vw, 1024px\" src=\"data:image\/svg+xml;base64,PHN2ZyB3aWR0aD0iMSIgaGVpZ2h0PSIxIiB4bWxucz0iaHR0cDovL3d3dy53My5vcmcvMjAwMC9zdmciPjwvc3ZnPg==\" style=\"--smush-placeholder-width: 1024px; --smush-placeholder-aspect-ratio: 1024\/1024;\" \/>\t\t\t\t\t\t\t\t\t\t\t\t\t\t\t\t\t\t\t\t\t\t\t\t<\/div>\n\t\t\t\t\t\t\t\t<\/div>\n\t\t\t\t<\/div>\n\t\t\t\t<\/div>\n\t\t\t\t<\/div>\n\t\t\t\t\t<\/div>\n\t\t\t\t<\/div>\n\t\t<div class=\"elementor-element elementor-element-2ccd788 e-flex e-con-boxed e-con e-parent\" data-id=\"2ccd788\" data-element_type=\"container\" data-e-type=\"container\">\n\t\t\t\t\t<div class=\"e-con-inner\">\n\t\t<div class=\"elementor-element elementor-element-c9fe3eb e-con-full e-flex e-con e-child\" data-id=\"c9fe3eb\" data-element_type=\"container\" data-e-type=\"container\">\n\t\t<div class=\"elementor-element elementor-element-8e3322d e-con-full e-flex e-con e-child\" data-id=\"8e3322d\" data-element_type=\"container\" data-e-type=\"container\">\n\t\t\t\t<div class=\"vamtam-has-theme-widget-styles elementor-element elementor-element-8742c38 elementor-widget elementor-widget-image\" data-id=\"8742c38\" data-element_type=\"widget\" data-e-type=\"widget\" data-widget_type=\"image.default\">\n\t\t\t\t<div class=\"elementor-widget-container\">\n\t\t\t\t\t\t\t\t\t<div class=\"elementor-image\">\n\t\t\t\t\t\t\t\t\t\t\t\t\t\t\t\t\t\t\t\t\t<img decoding=\"async\" width=\"1024\" height=\"1024\" data-src=\"https:\/\/decoluxekitchens.com\/wp-content\/uploads\/2025\/10\/csm_arosa-l490p-mokkabraun-detail-spaceflexx-ordnungssystem_77bdf2e2c8-1024x1024.jpeg\" class=\"attachment-large size-large wp-image-991095 lazyload\" alt=\"\" data-srcset=\"https:\/\/decoluxekitchens.com\/wp-content\/uploads\/2025\/10\/csm_arosa-l490p-mokkabraun-detail-spaceflexx-ordnungssystem_77bdf2e2c8-1024x1024.jpeg 1024w, https:\/\/decoluxekitchens.com\/wp-content\/uploads\/2025\/10\/csm_arosa-l490p-mokkabraun-detail-spaceflexx-ordnungssystem_77bdf2e2c8-300x300.jpeg 300w, https:\/\/decoluxekitchens.com\/wp-content\/uploads\/2025\/10\/csm_arosa-l490p-mokkabraun-detail-spaceflexx-ordnungssystem_77bdf2e2c8-150x150.jpeg 150w, https:\/\/decoluxekitchens.com\/wp-content\/uploads\/2025\/10\/csm_arosa-l490p-mokkabraun-detail-spaceflexx-ordnungssystem_77bdf2e2c8-768x769.jpeg 768w, https:\/\/decoluxekitchens.com\/wp-content\/uploads\/2025\/10\/csm_arosa-l490p-mokkabraun-detail-spaceflexx-ordnungssystem_77bdf2e2c8.jpeg 1032w\" data-sizes=\"(max-width: 1024px) 100vw, 1024px\" src=\"data:image\/svg+xml;base64,PHN2ZyB3aWR0aD0iMSIgaGVpZ2h0PSIxIiB4bWxucz0iaHR0cDovL3d3dy53My5vcmcvMjAwMC9zdmciPjwvc3ZnPg==\" style=\"--smush-placeholder-width: 1024px; --smush-placeholder-aspect-ratio: 1024\/1024;\" \/>\t\t\t\t\t\t\t\t\t\t\t\t\t\t\t\t\t\t\t\t\t\t\t\t<\/div>\n\t\t\t\t\t\t\t\t<\/div>\n\t\t\t\t<\/div>\n\t\t\t\t<\/div>\n\t\t<div class=\"elementor-element elementor-element-2493a45 e-con-full e-flex e-con e-child\" data-id=\"2493a45\" data-element_type=\"container\" data-e-type=\"container\">\n\t\t\t\t<div class=\"vamtam-has-theme-widget-styles elementor-element elementor-element-1817f24 elementor-widget elementor-widget-image\" data-id=\"1817f24\" data-element_type=\"widget\" data-e-type=\"widget\" data-widget_type=\"image.default\">\n\t\t\t\t<div class=\"elementor-widget-container\">\n\t\t\t\t\t\t\t\t\t<div class=\"elementor-image\">\n\t\t\t\t\t\t\t\t\t\t\t\t\t\t\t\t\t\t\t\t\t<img decoding=\"async\" width=\"1024\" height=\"1024\" data-src=\"https:\/\/decoluxekitchens.com\/wp-content\/uploads\/2025\/10\/csm_arosa-l490p-mokkabraun-detail-topfdeckelhalter_0d8f3b3717-1024x1024.jpeg\" class=\"attachment-large size-large wp-image-991096 lazyload\" alt=\"\" data-srcset=\"https:\/\/decoluxekitchens.com\/wp-content\/uploads\/2025\/10\/csm_arosa-l490p-mokkabraun-detail-topfdeckelhalter_0d8f3b3717-1024x1024.jpeg 1024w, https:\/\/decoluxekitchens.com\/wp-content\/uploads\/2025\/10\/csm_arosa-l490p-mokkabraun-detail-topfdeckelhalter_0d8f3b3717-300x300.jpeg 300w, https:\/\/decoluxekitchens.com\/wp-content\/uploads\/2025\/10\/csm_arosa-l490p-mokkabraun-detail-topfdeckelhalter_0d8f3b3717-150x150.jpeg 150w, https:\/\/decoluxekitchens.com\/wp-content\/uploads\/2025\/10\/csm_arosa-l490p-mokkabraun-detail-topfdeckelhalter_0d8f3b3717-768x768.jpeg 768w, https:\/\/decoluxekitchens.com\/wp-content\/uploads\/2025\/10\/csm_arosa-l490p-mokkabraun-detail-topfdeckelhalter_0d8f3b3717.jpeg 1032w\" data-sizes=\"(max-width: 1024px) 100vw, 1024px\" src=\"data:image\/svg+xml;base64,PHN2ZyB3aWR0aD0iMSIgaGVpZ2h0PSIxIiB4bWxucz0iaHR0cDovL3d3dy53My5vcmcvMjAwMC9zdmciPjwvc3ZnPg==\" style=\"--smush-placeholder-width: 1024px; --smush-placeholder-aspect-ratio: 1024\/1024;\" \/>\t\t\t\t\t\t\t\t\t\t\t\t\t\t\t\t\t\t\t\t\t\t\t\t<\/div>\n\t\t\t\t\t\t\t\t<\/div>\n\t\t\t\t<\/div>\n\t\t\t\t<\/div>\n\t\t\t\t<\/div>\n\t\t\t\t\t<\/div>\n\t\t\t\t<\/div>\n\t\t<div class=\"elementor-element elementor-element-7d13254 e-flex e-con-boxed e-con e-parent\" data-id=\"7d13254\" data-element_type=\"container\" data-e-type=\"container\">\n\t\t\t\t\t<div class=\"e-con-inner\">\n\t\t\t\t\t<\/div>\n\t\t\t\t<\/div>\n\t\t\t\t<\/div>\n\t\t","protected":false},"excerpt":{"rendered":"<p>No two kitchens are the same. Be inspired by our different styles, colours and room layouts. Get ideas for your dream kitchen. <\/p>\n","protected":false},"author":4,"featured_media":989066,"parent":990499,"menu_order":0,"comment_status":"closed","ping_status":"closed","template":"elementor_header_footer","meta":{"footnotes":""},"class_list":["post-991077","page","type-page","status-publish","has-post-thumbnail","hentry"],"_links":{"self":[{"href":"https:\/\/decoluxekitchens.com\/es\/wp-json\/wp\/v2\/pages\/991077","targetHints":{"allow":["GET"]}}],"collection":[{"href":"https:\/\/decoluxekitchens.com\/es\/wp-json\/wp\/v2\/pages"}],"about":[{"href":"https:\/\/decoluxekitchens.com\/es\/wp-json\/wp\/v2\/types\/page"}],"author":[{"embeddable":true,"href":"https:\/\/decoluxekitchens.com\/es\/wp-json\/wp\/v2\/users\/4"}],"replies":[{"embeddable":true,"href":"https:\/\/decoluxekitchens.com\/es\/wp-json\/wp\/v2\/comments?post=991077"}],"version-history":[{"count":29,"href":"https:\/\/decoluxekitchens.com\/es\/wp-json\/wp\/v2\/pages\/991077\/revisions"}],"predecessor-version":[{"id":1001362,"href":"https:\/\/decoluxekitchens.com\/es\/wp-json\/wp\/v2\/pages\/991077\/revisions\/1001362"}],"up":[{"embeddable":true,"href":"https:\/\/decoluxekitchens.com\/es\/wp-json\/wp\/v2\/pages\/990499"}],"wp:featuredmedia":[{"embeddable":true,"href":"https:\/\/decoluxekitchens.com\/es\/wp-json\/wp\/v2\/media\/989066"}],"wp:attachment":[{"href":"https:\/\/decoluxekitchens.com\/es\/wp-json\/wp\/v2\/media?parent=991077"}],"curies":[{"name":"wp","href":"https:\/\/api.w.org\/{rel}","templated":true}]}}