{"id":991442,"date":"2025-10-20T05:47:39","date_gmt":"2025-10-20T05:47:39","guid":{"rendered":"https:\/\/decoluxekitchens.com\/?page_id=991442"},"modified":"2026-01-14T11:39:43","modified_gmt":"2026-01-14T11:39:43","slug":"alea-matt","status":"publish","type":"page","link":"https:\/\/decoluxekitchens.com\/es\/modelos-de-cocina\/alea-matt\/","title":{"rendered":"Alea Matt"},"content":{"rendered":"\t\t<div data-elementor-type=\"wp-page\" data-elementor-id=\"991442\" class=\"elementor elementor-991442\" data-elementor-post-type=\"page\">\n\t\t\t\t<div class=\"elementor-element elementor-element-d68da6f e-con-full e-flex e-con e-parent\" data-id=\"d68da6f\" data-element_type=\"container\" data-e-type=\"container\" data-settings=\"{&quot;background_background&quot;:&quot;classic&quot;}\">\n\t\t<div class=\"elementor-element elementor-element-ac95dbe e-flex e-con-boxed e-con e-child\" data-id=\"ac95dbe\" data-element_type=\"container\" data-e-type=\"container\">\n\t\t\t\t\t<div class=\"e-con-inner\">\n\t\t<div class=\"elementor-element elementor-element-053c5af e-con-full e-flex e-con e-child\" data-id=\"053c5af\" data-element_type=\"container\" data-e-type=\"container\">\n\t\t\t\t<\/div>\n\t\t\t\t\t<\/div>\n\t\t\t\t<\/div>\n\t\t<div class=\"elementor-element elementor-element-2699a31 e-flex e-con-boxed e-con e-child\" data-id=\"2699a31\" data-element_type=\"container\" data-e-type=\"container\">\n\t\t\t\t\t<div class=\"e-con-inner\">\n\t\t<div class=\"elementor-element elementor-element-6b9e3e9 e-con-full blur-background e-flex e-con e-child\" data-id=\"6b9e3e9\" data-element_type=\"container\" data-e-type=\"container\">\n\t\t\t\t<div class=\"elementor-element elementor-element-f73b997 elementor-invisible animated-fast elementor-widget__width-initial elementor-widget elementor-widget-heading\" data-id=\"f73b997\" data-element_type=\"widget\" data-e-type=\"widget\" data-settings=\"{&quot;_animation&quot;:&quot;slideInUp&quot;}\" data-widget_type=\"heading.default\">\n\t\t\t\t<div class=\"elementor-widget-container\">\n\t\t\t\t\t<h2 class=\"elementor-heading-title elementor-size-default\">La cocina con una cantidad extra de almacenamiento espacio.\nAlea Matt<\/h2>\t\t\t\t<\/div>\n\t\t\t\t<\/div>\n\t\t\t\t<\/div>\n\t\t\t\t\t<\/div>\n\t\t\t\t<\/div>\n\t\t<div class=\"elementor-element elementor-element-e70a1df e-flex e-con-boxed e-con e-child\" data-id=\"e70a1df\" data-element_type=\"container\" data-e-type=\"container\">\n\t\t\t\t\t<div class=\"e-con-inner\">\n\t\t<div class=\"elementor-element elementor-element-5909aed e-con-full e-flex e-con e-child\" data-id=\"5909aed\" data-element_type=\"container\" data-e-type=\"container\">\n\t\t\t\t<\/div>\n\t\t\t\t\t<\/div>\n\t\t\t\t<\/div>\n\t\t\t\t<\/div>\n\t\t<div class=\"elementor-element elementor-element-5d8d408 e-flex e-con-boxed e-con e-parent\" data-id=\"5d8d408\" data-element_type=\"container\" data-e-type=\"container\">\n\t\t\t\t\t<div class=\"e-con-inner\">\n\t\t\t\t<div class=\"elementor-element elementor-element-5cd9581 elementor-widget__width-initial elementor-widget elementor-widget-shortcode\" data-id=\"5cd9581\" data-element_type=\"widget\" data-e-type=\"widget\" data-widget_type=\"shortcode.default\">\n\t\t\t\t<div class=\"elementor-widget-container\">\n\t\t\t\t\t\t\t<div class=\"elementor-shortcode\"><nav aria-label=\"breadcrumbs\" class=\"rank-math-breadcrumb\"><p><span class=\"last\">Inicio<\/span><\/p><\/nav><\/div>\n\t\t\t\t\t\t<\/div>\n\t\t\t\t<\/div>\n\t\t\t\t<div class=\"elementor-element elementor-element-1d42f57 elementor-invisible elementor-widget-tablet__width-initial elementor-widget-mobile__width-inherit animated-fast elementor-widget elementor-widget-text-editor\" data-id=\"1d42f57\" data-element_type=\"widget\" data-e-type=\"widget\" data-settings=\"{&quot;_animation&quot;:&quot;slideInUp&quot;}\" data-widget_type=\"text-editor.default\">\n\t\t\t\t<div class=\"elementor-widget-container\">\n\t\t\t\t\t\t\t\t\t<div class=\"text\"><p>Familia, la vida en su m\u00e1xima expresi\u00f3n. Cocinando, riendo, jugando juntos y a veces incluso discutiendo. \u00a1Y es a\u00fan mejor cuando tu cocina est\u00e1 preparada para esto y mucho, mucho m\u00e1s!<\/p><\/div><div class=\"anchor-menu\">\u00a0<\/div>\t\t\t\t\t\t\t\t<\/div>\n\t\t\t\t<\/div>\n\t\t\t\t\t<\/div>\n\t\t\t\t<\/div>\n\t\t<div class=\"elementor-element elementor-element-b59311b e-flex e-con-boxed e-con e-parent\" data-id=\"b59311b\" data-element_type=\"container\" data-e-type=\"container\">\n\t\t\t\t\t<div class=\"e-con-inner\">\n\t\t\t\t<div class=\"elementor-element elementor-element-65c2e39 elementor-widget elementor-widget-heading\" data-id=\"65c2e39\" data-element_type=\"widget\" data-e-type=\"widget\" data-widget_type=\"heading.default\">\n\t\t\t\t<div class=\"elementor-widget-container\">\n\t\t\t\t\t<h2 class=\"elementor-heading-title elementor-size-default\">Detalles<\/h2>\t\t\t\t<\/div>\n\t\t\t\t<\/div>\n\t\t\t\t\t<\/div>\n\t\t\t\t<\/div>\n\t\t<div class=\"elementor-element elementor-element-d3c8bc2 e-flex e-con-boxed e-con e-parent\" data-id=\"d3c8bc2\" data-element_type=\"container\" data-e-type=\"container\">\n\t\t\t\t\t<div class=\"e-con-inner\">\n\t\t\t\t<div class=\"vamtam-has-theme-widget-styles elementor-element elementor-element-13bf498 elementor-widget__width-initial elementor-widget elementor-widget-image\" data-id=\"13bf498\" data-element_type=\"widget\" data-e-type=\"widget\" data-widget_type=\"image.default\">\n\t\t\t\t<div class=\"elementor-widget-container\">\n\t\t\t\t\t\t\t\t\t<div class=\"elementor-image\">\n\t\t\t\t\t\t\t\t\t\t\t\t\t\t\t\t\t\t\t\t\t<img fetchpriority=\"high\" decoding=\"async\" width=\"1024\" height=\"528\" src=\"https:\/\/decoluxekitchens.com\/wp-content\/uploads\/2025\/10\/csm_Schueller_ALM-L272M_BIE-L455_Hauptaufnahme_4f4e75323c-1024x528.jpeg\" class=\"attachment-large size-large wp-image-991445\" alt=\"\" srcset=\"https:\/\/decoluxekitchens.com\/wp-content\/uploads\/2025\/10\/csm_Schueller_ALM-L272M_BIE-L455_Hauptaufnahme_4f4e75323c-1024x528.jpeg 1024w, https:\/\/decoluxekitchens.com\/wp-content\/uploads\/2025\/10\/csm_Schueller_ALM-L272M_BIE-L455_Hauptaufnahme_4f4e75323c-300x155.jpeg 300w, https:\/\/decoluxekitchens.com\/wp-content\/uploads\/2025\/10\/csm_Schueller_ALM-L272M_BIE-L455_Hauptaufnahme_4f4e75323c-768x396.jpeg 768w, https:\/\/decoluxekitchens.com\/wp-content\/uploads\/2025\/10\/csm_Schueller_ALM-L272M_BIE-L455_Hauptaufnahme_4f4e75323c-1536x792.jpeg 1536w, https:\/\/decoluxekitchens.com\/wp-content\/uploads\/2025\/10\/csm_Schueller_ALM-L272M_BIE-L455_Hauptaufnahme_4f4e75323c-2048x1056.jpeg 2048w\" sizes=\"(max-width: 1024px) 100vw, 1024px\" \/>\t\t\t\t\t\t\t\t\t\t\t\t\t\t\t\t\t\t\t\t\t\t\t\t<\/div>\n\t\t\t\t\t\t\t\t<\/div>\n\t\t\t\t<\/div>\n\t\t\t\t\t<\/div>\n\t\t\t\t<\/div>\n\t\t<div class=\"elementor-element elementor-element-8c8387f e-flex e-con-boxed e-con e-parent\" data-id=\"8c8387f\" data-element_type=\"container\" data-e-type=\"container\">\n\t\t\t\t\t<div class=\"e-con-inner\">\n\t\t\t\t<div class=\"elementor-element elementor-element-309ef59 elementor-widget elementor-widget-spacer\" data-id=\"309ef59\" data-element_type=\"widget\" data-e-type=\"widget\" data-widget_type=\"spacer.default\">\n\t\t\t\t<div class=\"elementor-widget-container\">\n\t\t\t\t\t\t\t<div class=\"elementor-spacer\">\n\t\t\t<div class=\"elementor-spacer-inner\"><\/div>\n\t\t<\/div>\n\t\t\t\t\t\t<\/div>\n\t\t\t\t<\/div>\n\t\t\t\t\t<\/div>\n\t\t\t\t<\/div>\n\t\t<div class=\"elementor-element elementor-element-0d85813 e-flex e-con-boxed e-con e-parent\" data-id=\"0d85813\" data-element_type=\"container\" data-e-type=\"container\">\n\t\t\t\t\t<div class=\"e-con-inner\">\n\t\t\t\t<div class=\"elementor-element elementor-element-04379d5 elementor-widget elementor-widget-heading\" data-id=\"04379d5\" data-element_type=\"widget\" data-e-type=\"widget\" data-widget_type=\"heading.default\">\n\t\t\t\t<div class=\"elementor-widget-container\">\n\t\t\t\t\t<h4 class=\"elementor-heading-title elementor-size-default\">Nuestros muebles de cocina en marr\u00f3n Habana neutro se integran perfectamente contra la pared, dejando espacio para un detalle excepcional: un lavadero en amarillo brillante, a la perfecci\u00f3n, que ofrece espacio de almacenamiento adicional. En esta cocina, todo est\u00e1 perfectamente organizado.<\/h4>\t\t\t\t<\/div>\n\t\t\t\t<\/div>\n\t\t\t\t\t<\/div>\n\t\t\t\t<\/div>\n\t\t<div class=\"elementor-element elementor-element-8fb5b13 e-flex e-con-boxed e-con e-parent\" data-id=\"8fb5b13\" data-element_type=\"container\" data-e-type=\"container\">\n\t\t\t\t\t<div class=\"e-con-inner\">\n\t\t\t\t\t<\/div>\n\t\t\t\t<\/div>\n\t\t<div class=\"elementor-element elementor-element-9a3217b e-flex e-con-boxed e-con e-parent\" data-id=\"9a3217b\" data-element_type=\"container\" data-e-type=\"container\">\n\t\t\t\t\t<div class=\"e-con-inner\">\n\t\t\t\t<div class=\"elementor-element elementor-element-e66982f elementor-widget elementor-widget-spacer\" data-id=\"e66982f\" data-element_type=\"widget\" data-e-type=\"widget\" data-widget_type=\"spacer.default\">\n\t\t\t\t<div class=\"elementor-widget-container\">\n\t\t\t\t\t\t\t<div class=\"elementor-spacer\">\n\t\t\t<div class=\"elementor-spacer-inner\"><\/div>\n\t\t<\/div>\n\t\t\t\t\t\t<\/div>\n\t\t\t\t<\/div>\n\t\t\t\t\t<\/div>\n\t\t\t\t<\/div>\n\t\t<div class=\"elementor-element elementor-element-7e5b1ae e-flex e-con-boxed e-con e-parent\" data-id=\"7e5b1ae\" data-element_type=\"container\" data-e-type=\"container\">\n\t\t\t\t\t<div class=\"e-con-inner\">\n\t\t\t\t<div class=\"elementor-element elementor-element-3d711d4 elementor-widget elementor-widget-spacer\" data-id=\"3d711d4\" data-element_type=\"widget\" data-e-type=\"widget\" data-widget_type=\"spacer.default\">\n\t\t\t\t<div class=\"elementor-widget-container\">\n\t\t\t\t\t\t\t<div class=\"elementor-spacer\">\n\t\t\t<div class=\"elementor-spacer-inner\"><\/div>\n\t\t<\/div>\n\t\t\t\t\t\t<\/div>\n\t\t\t\t<\/div>\n\t\t\t\t\t<\/div>\n\t\t\t\t<\/div>\n\t\t<div class=\"elementor-element elementor-element-8c88ce7 e-flex e-con-boxed e-con e-parent\" data-id=\"8c88ce7\" data-element_type=\"container\" data-e-type=\"container\">\n\t\t\t\t\t<div class=\"e-con-inner\">\n\t\t<div class=\"elementor-element elementor-element-62d8dc7 e-con-full e-flex e-con e-child\" data-id=\"62d8dc7\" data-element_type=\"container\" data-e-type=\"container\">\n\t\t\t\t<div class=\"vamtam-has-theme-widget-styles elementor-element elementor-element-3a1a084 elementor-widget elementor-widget-image\" data-id=\"3a1a084\" data-element_type=\"widget\" data-e-type=\"widget\" data-widget_type=\"image.default\">\n\t\t\t\t<div class=\"elementor-widget-container\">\n\t\t\t\t\t\t\t\t\t<div class=\"elementor-image\">\n\t\t\t\t\t\t\t\t\t\t\t\t\t\t\t\t\t\t\t\t\t<img decoding=\"async\" width=\"1024\" height=\"783\" data-src=\"https:\/\/decoluxekitchens.com\/wp-content\/uploads\/2025\/10\/csm_Schueller_ALM-L272M_BIE-L455_Auszug_02_aee78adeb3-1024x783.jpeg\" class=\"attachment-large size-large wp-image-991446 lazyload\" alt=\"\" data-srcset=\"https:\/\/decoluxekitchens.com\/wp-content\/uploads\/2025\/10\/csm_Schueller_ALM-L272M_BIE-L455_Auszug_02_aee78adeb3-1024x783.jpeg 1024w, https:\/\/decoluxekitchens.com\/wp-content\/uploads\/2025\/10\/csm_Schueller_ALM-L272M_BIE-L455_Auszug_02_aee78adeb3-300x229.jpeg 300w, https:\/\/decoluxekitchens.com\/wp-content\/uploads\/2025\/10\/csm_Schueller_ALM-L272M_BIE-L455_Auszug_02_aee78adeb3-768x587.jpeg 768w, https:\/\/decoluxekitchens.com\/wp-content\/uploads\/2025\/10\/csm_Schueller_ALM-L272M_BIE-L455_Auszug_02_aee78adeb3-1536x1174.jpeg 1536w, https:\/\/decoluxekitchens.com\/wp-content\/uploads\/2025\/10\/csm_Schueller_ALM-L272M_BIE-L455_Auszug_02_aee78adeb3.jpeg 1680w\" data-sizes=\"(max-width: 1024px) 100vw, 1024px\" src=\"data:image\/svg+xml;base64,PHN2ZyB3aWR0aD0iMSIgaGVpZ2h0PSIxIiB4bWxucz0iaHR0cDovL3d3dy53My5vcmcvMjAwMC9zdmciPjwvc3ZnPg==\" style=\"--smush-placeholder-width: 1024px; --smush-placeholder-aspect-ratio: 1024\/783;\" \/>\t\t\t\t\t\t\t\t\t\t\t\t\t\t\t\t\t\t\t\t\t\t\t\t<\/div>\n\t\t\t\t\t\t\t\t<\/div>\n\t\t\t\t<\/div>\n\t\t\t\t<\/div>\n\t\t\t\t\t<\/div>\n\t\t\t\t<\/div>\n\t\t<div class=\"elementor-element elementor-element-2ccd788 e-flex e-con-boxed e-con e-parent\" data-id=\"2ccd788\" data-element_type=\"container\" data-e-type=\"container\">\n\t\t\t\t\t<div class=\"e-con-inner\">\n\t\t<div class=\"elementor-element elementor-element-c9fe3eb e-con-full e-flex e-con e-child\" data-id=\"c9fe3eb\" data-element_type=\"container\" data-e-type=\"container\">\n\t\t<div class=\"elementor-element elementor-element-8e3322d e-con-full e-flex e-con e-child\" data-id=\"8e3322d\" data-element_type=\"container\" data-e-type=\"container\">\n\t\t\t\t<div class=\"vamtam-has-theme-widget-styles elementor-element elementor-element-8742c38 elementor-widget elementor-widget-image\" data-id=\"8742c38\" data-element_type=\"widget\" data-e-type=\"widget\" data-widget_type=\"image.default\">\n\t\t\t\t<div class=\"elementor-widget-container\">\n\t\t\t\t\t\t\t\t\t<div class=\"elementor-image\">\n\t\t\t\t\t\t\t\t\t\t\t\t\t\t\t\t\t\t\t\t\t<img decoding=\"async\" width=\"1024\" height=\"1024\" data-src=\"https:\/\/decoluxekitchens.com\/wp-content\/uploads\/2025\/10\/csm_Schueller_ALM-L272M_BIE-L455_Gegenschuss_40db6e4156-1024x1024.jpeg\" class=\"attachment-large size-large wp-image-991447 lazyload\" alt=\"\" data-srcset=\"https:\/\/decoluxekitchens.com\/wp-content\/uploads\/2025\/10\/csm_Schueller_ALM-L272M_BIE-L455_Gegenschuss_40db6e4156-1024x1024.jpeg 1024w, https:\/\/decoluxekitchens.com\/wp-content\/uploads\/2025\/10\/csm_Schueller_ALM-L272M_BIE-L455_Gegenschuss_40db6e4156-300x300.jpeg 300w, https:\/\/decoluxekitchens.com\/wp-content\/uploads\/2025\/10\/csm_Schueller_ALM-L272M_BIE-L455_Gegenschuss_40db6e4156-150x150.jpeg 150w, https:\/\/decoluxekitchens.com\/wp-content\/uploads\/2025\/10\/csm_Schueller_ALM-L272M_BIE-L455_Gegenschuss_40db6e4156-768x768.jpeg 768w, https:\/\/decoluxekitchens.com\/wp-content\/uploads\/2025\/10\/csm_Schueller_ALM-L272M_BIE-L455_Gegenschuss_40db6e4156.jpeg 1032w\" data-sizes=\"(max-width: 1024px) 100vw, 1024px\" src=\"data:image\/svg+xml;base64,PHN2ZyB3aWR0aD0iMSIgaGVpZ2h0PSIxIiB4bWxucz0iaHR0cDovL3d3dy53My5vcmcvMjAwMC9zdmciPjwvc3ZnPg==\" style=\"--smush-placeholder-width: 1024px; --smush-placeholder-aspect-ratio: 1024\/1024;\" \/>\t\t\t\t\t\t\t\t\t\t\t\t\t\t\t\t\t\t\t\t\t\t\t\t<\/div>\n\t\t\t\t\t\t\t\t<\/div>\n\t\t\t\t<\/div>\n\t\t\t\t<\/div>\n\t\t<div class=\"elementor-element elementor-element-2493a45 e-con-full e-flex e-con e-child\" data-id=\"2493a45\" data-element_type=\"container\" data-e-type=\"container\">\n\t\t\t\t<div class=\"vamtam-has-theme-widget-styles elementor-element elementor-element-1817f24 elementor-widget elementor-widget-image\" data-id=\"1817f24\" data-element_type=\"widget\" data-e-type=\"widget\" data-widget_type=\"image.default\">\n\t\t\t\t<div class=\"elementor-widget-container\">\n\t\t\t\t\t\t\t\t\t<div class=\"elementor-image\">\n\t\t\t\t\t\t\t\t\t\t\t\t\t\t\t\t\t\t\t\t\t<img decoding=\"async\" width=\"899\" height=\"898\" data-src=\"https:\/\/decoluxekitchens.com\/wp-content\/uploads\/2025\/10\/csm_Schueller_Alea_Matt_L272M_Durchgang_ef2f89ac5f.jpeg\" class=\"attachment-large size-large wp-image-991448 lazyload\" alt=\"\" data-srcset=\"https:\/\/decoluxekitchens.com\/wp-content\/uploads\/2025\/10\/csm_Schueller_Alea_Matt_L272M_Durchgang_ef2f89ac5f.jpeg 899w, https:\/\/decoluxekitchens.com\/wp-content\/uploads\/2025\/10\/csm_Schueller_Alea_Matt_L272M_Durchgang_ef2f89ac5f-300x300.jpeg 300w, https:\/\/decoluxekitchens.com\/wp-content\/uploads\/2025\/10\/csm_Schueller_Alea_Matt_L272M_Durchgang_ef2f89ac5f-150x150.jpeg 150w, https:\/\/decoluxekitchens.com\/wp-content\/uploads\/2025\/10\/csm_Schueller_Alea_Matt_L272M_Durchgang_ef2f89ac5f-768x767.jpeg 768w\" data-sizes=\"(max-width: 899px) 100vw, 899px\" src=\"data:image\/svg+xml;base64,PHN2ZyB3aWR0aD0iMSIgaGVpZ2h0PSIxIiB4bWxucz0iaHR0cDovL3d3dy53My5vcmcvMjAwMC9zdmciPjwvc3ZnPg==\" style=\"--smush-placeholder-width: 899px; --smush-placeholder-aspect-ratio: 899\/898;\" \/>\t\t\t\t\t\t\t\t\t\t\t\t\t\t\t\t\t\t\t\t\t\t\t\t<\/div>\n\t\t\t\t\t\t\t\t<\/div>\n\t\t\t\t<\/div>\n\t\t\t\t<\/div>\n\t\t\t\t<\/div>\n\t\t\t\t\t<\/div>\n\t\t\t\t<\/div>\n\t\t<div class=\"elementor-element elementor-element-8417cd3 e-flex e-con-boxed e-con e-parent\" data-id=\"8417cd3\" data-element_type=\"container\" data-e-type=\"container\">\n\t\t\t\t\t<div class=\"e-con-inner\">\n\t\t<div class=\"elementor-element elementor-element-c96bab9 e-con-full e-flex e-con e-child\" data-id=\"c96bab9\" data-element_type=\"container\" data-e-type=\"container\">\n\t\t<div class=\"elementor-element elementor-element-b1d2d9f e-con-full e-flex e-con e-child\" data-id=\"b1d2d9f\" data-element_type=\"container\" data-e-type=\"container\">\n\t\t\t\t<div class=\"vamtam-has-theme-widget-styles elementor-element elementor-element-2bf188a elementor-widget elementor-widget-image\" data-id=\"2bf188a\" data-element_type=\"widget\" data-e-type=\"widget\" data-widget_type=\"image.default\">\n\t\t\t\t<div class=\"elementor-widget-container\">\n\t\t\t\t\t\t\t\t\t<div class=\"elementor-image\">\n\t\t\t\t\t\t\t\t\t\t\t\t\t\t\t\t\t\t\t\t\t<img decoding=\"async\" width=\"984\" height=\"983\" data-src=\"https:\/\/decoluxekitchens.com\/wp-content\/uploads\/2025\/10\/csm_Schueller_Alea_Matt_L272M_Speisekammer_0d021e70f5.jpeg\" class=\"attachment-large size-large wp-image-991449 lazyload\" alt=\"\" data-srcset=\"https:\/\/decoluxekitchens.com\/wp-content\/uploads\/2025\/10\/csm_Schueller_Alea_Matt_L272M_Speisekammer_0d021e70f5.jpeg 984w, https:\/\/decoluxekitchens.com\/wp-content\/uploads\/2025\/10\/csm_Schueller_Alea_Matt_L272M_Speisekammer_0d021e70f5-300x300.jpeg 300w, https:\/\/decoluxekitchens.com\/wp-content\/uploads\/2025\/10\/csm_Schueller_Alea_Matt_L272M_Speisekammer_0d021e70f5-150x150.jpeg 150w, https:\/\/decoluxekitchens.com\/wp-content\/uploads\/2025\/10\/csm_Schueller_Alea_Matt_L272M_Speisekammer_0d021e70f5-768x767.jpeg 768w\" data-sizes=\"(max-width: 984px) 100vw, 984px\" src=\"data:image\/svg+xml;base64,PHN2ZyB3aWR0aD0iMSIgaGVpZ2h0PSIxIiB4bWxucz0iaHR0cDovL3d3dy53My5vcmcvMjAwMC9zdmciPjwvc3ZnPg==\" style=\"--smush-placeholder-width: 984px; --smush-placeholder-aspect-ratio: 984\/983;\" \/>\t\t\t\t\t\t\t\t\t\t\t\t\t\t\t\t\t\t\t\t\t\t\t\t<\/div>\n\t\t\t\t\t\t\t\t<\/div>\n\t\t\t\t<\/div>\n\t\t\t\t<\/div>\n\t\t<div class=\"elementor-element elementor-element-12bb231 e-con-full e-flex e-con e-child\" data-id=\"12bb231\" data-element_type=\"container\" data-e-type=\"container\">\n\t\t\t\t<div class=\"elementor-element elementor-element-84be014 elementor-widget elementor-widget-heading\" data-id=\"84be014\" data-element_type=\"widget\" data-e-type=\"widget\" data-widget_type=\"heading.default\">\n\t\t\t\t<div class=\"elementor-widget-container\">\n\t\t\t\t\t<h4 class=\"elementor-heading-title elementor-size-default\">\nM\u00e1s espacio, especialmente si no hay s\u00f3tano en casa, un lavadero integrado en la cocina es una excelente opci\u00f3n. Con m\u00f3dulos e insertos especiales, buscamos soluciones para una amplia gama de necesidades. Las estanter\u00edas para cajas de botellas, donde las cajas se pueden colocar de lado, permiten sacar las botellas c\u00f3modamente cuando las necesites. Las cajas de fruta no solo son bonitas, sino que tambi\u00e9n ofrecen espacio para guardar patatas, manzanas, etc. El conjunto se completa con insertos cruzados para botellas, estantes abiertos para productos de limpieza y armarios cerrados para mayor tranquilidad. Adem\u00e1s, con nuestra colecci\u00f3n de cocina, \u00a1el lavadero se puede dise\u00f1ar a la perfecci\u00f3n para satisfacer tus necesidades!<\/h4>\t\t\t\t<\/div>\n\t\t\t\t<\/div>\n\t\t\t\t<\/div>\n\t\t\t\t<\/div>\n\t\t\t\t\t<\/div>\n\t\t\t\t<\/div>\n\t\t\t\t<\/div>\n\t\t","protected":false},"excerpt":{"rendered":"<p>No two kitchens are the same. Be inspired by our different styles, colours and room layouts. Get ideas for your dream kitchen. <\/p>\n","protected":false},"author":4,"featured_media":989066,"parent":990499,"menu_order":0,"comment_status":"closed","ping_status":"closed","template":"elementor_header_footer","meta":{"footnotes":""},"class_list":["post-991442","page","type-page","status-publish","has-post-thumbnail","hentry"],"_links":{"self":[{"href":"https:\/\/decoluxekitchens.com\/es\/wp-json\/wp\/v2\/pages\/991442","targetHints":{"allow":["GET"]}}],"collection":[{"href":"https:\/\/decoluxekitchens.com\/es\/wp-json\/wp\/v2\/pages"}],"about":[{"href":"https:\/\/decoluxekitchens.com\/es\/wp-json\/wp\/v2\/types\/page"}],"author":[{"embeddable":true,"href":"https:\/\/decoluxekitchens.com\/es\/wp-json\/wp\/v2\/users\/4"}],"replies":[{"embeddable":true,"href":"https:\/\/decoluxekitchens.com\/es\/wp-json\/wp\/v2\/comments?post=991442"}],"version-history":[{"count":16,"href":"https:\/\/decoluxekitchens.com\/es\/wp-json\/wp\/v2\/pages\/991442\/revisions"}],"predecessor-version":[{"id":1001368,"href":"https:\/\/decoluxekitchens.com\/es\/wp-json\/wp\/v2\/pages\/991442\/revisions\/1001368"}],"up":[{"embeddable":true,"href":"https:\/\/decoluxekitchens.com\/es\/wp-json\/wp\/v2\/pages\/990499"}],"wp:featuredmedia":[{"embeddable":true,"href":"https:\/\/decoluxekitchens.com\/es\/wp-json\/wp\/v2\/media\/989066"}],"wp:attachment":[{"href":"https:\/\/decoluxekitchens.com\/es\/wp-json\/wp\/v2\/media?parent=991442"}],"curies":[{"name":"wp","href":"https:\/\/api.w.org\/{rel}","templated":true}]}}