{"id":991960,"date":"2025-10-22T11:35:27","date_gmt":"2025-10-22T11:35:27","guid":{"rendered":"https:\/\/decoluxekitchens.com\/?page_id=991960"},"modified":"2026-01-22T07:30:49","modified_gmt":"2026-01-22T07:30:49","slug":"fino-matt","status":"publish","type":"page","link":"https:\/\/decoluxekitchens.com\/es\/modelos-de-cocina\/fino-matt\/","title":{"rendered":"Fino Matt"},"content":{"rendered":"\t\t<div data-elementor-type=\"wp-page\" data-elementor-id=\"991960\" class=\"elementor elementor-991960\" data-elementor-post-type=\"page\">\n\t\t\t\t<div class=\"elementor-element elementor-element-d68da6f e-con-full e-flex e-con e-parent\" data-id=\"d68da6f\" data-element_type=\"container\" data-e-type=\"container\" data-settings=\"{&quot;background_background&quot;:&quot;classic&quot;}\">\n\t\t<div class=\"elementor-element elementor-element-ac95dbe e-flex e-con-boxed e-con e-child\" data-id=\"ac95dbe\" data-element_type=\"container\" data-e-type=\"container\">\n\t\t\t\t\t<div class=\"e-con-inner\">\n\t\t<div class=\"elementor-element elementor-element-053c5af e-con-full e-flex e-con e-child\" data-id=\"053c5af\" data-element_type=\"container\" data-e-type=\"container\">\n\t\t\t\t<\/div>\n\t\t\t\t\t<\/div>\n\t\t\t\t<\/div>\n\t\t<div class=\"elementor-element elementor-element-2699a31 e-flex e-con-boxed e-con e-child\" data-id=\"2699a31\" data-element_type=\"container\" data-e-type=\"container\">\n\t\t\t\t\t<div class=\"e-con-inner\">\n\t\t<div class=\"elementor-element elementor-element-6b9e3e9 e-con-full blur-background e-flex e-con e-child\" data-id=\"6b9e3e9\" data-element_type=\"container\" data-e-type=\"container\">\n\t\t\t\t<div class=\"elementor-element elementor-element-f73b997 elementor-invisible animated-fast elementor-widget__width-initial elementor-widget elementor-widget-heading\" data-id=\"f73b997\" data-element_type=\"widget\" data-e-type=\"widget\" data-settings=\"{&quot;_animation&quot;:&quot;slideInUp&quot;}\" data-widget_type=\"heading.default\">\n\t\t\t\t<div class=\"elementor-widget-container\">\n\t\t\t\t\t<h2 class=\"elementor-heading-title elementor-size-default\">Este look nunca pasar\u00e1 de moda.\nFino Matt<\/h2>\t\t\t\t<\/div>\n\t\t\t\t<\/div>\n\t\t\t\t<\/div>\n\t\t\t\t\t<\/div>\n\t\t\t\t<\/div>\n\t\t<div class=\"elementor-element elementor-element-e70a1df e-flex e-con-boxed e-con e-child\" data-id=\"e70a1df\" data-element_type=\"container\" data-e-type=\"container\">\n\t\t\t\t\t<div class=\"e-con-inner\">\n\t\t<div class=\"elementor-element elementor-element-5909aed e-con-full e-flex e-con e-child\" data-id=\"5909aed\" data-element_type=\"container\" data-e-type=\"container\">\n\t\t\t\t<\/div>\n\t\t\t\t\t<\/div>\n\t\t\t\t<\/div>\n\t\t\t\t<\/div>\n\t\t<div class=\"elementor-element elementor-element-5d8d408 e-flex e-con-boxed e-con e-parent\" data-id=\"5d8d408\" data-element_type=\"container\" data-e-type=\"container\">\n\t\t\t\t\t<div class=\"e-con-inner\">\n\t\t\t\t<div class=\"elementor-element elementor-element-ea95f8e elementor-widget__width-initial elementor-widget elementor-widget-shortcode\" data-id=\"ea95f8e\" data-element_type=\"widget\" data-e-type=\"widget\" data-widget_type=\"shortcode.default\">\n\t\t\t\t<div class=\"elementor-widget-container\">\n\t\t\t\t\t\t\t<div class=\"elementor-shortcode\"><nav aria-label=\"breadcrumbs\" class=\"rank-math-breadcrumb\"><p><span class=\"last\">Inicio<\/span><\/p><\/nav><\/div>\n\t\t\t\t\t\t<\/div>\n\t\t\t\t<\/div>\n\t\t\t\t<div class=\"elementor-element elementor-element-33e0b66 elementor-invisible elementor-widget-tablet__width-initial elementor-widget-mobile__width-inherit animated-fast elementor-widget elementor-widget-text-editor\" data-id=\"33e0b66\" data-element_type=\"widget\" data-e-type=\"widget\" data-settings=\"{&quot;_animation&quot;:&quot;slideInUp&quot;}\" data-widget_type=\"text-editor.default\">\n\t\t\t\t<div class=\"elementor-widget-container\">\n\t\t\t\t\t\t\t\t\t<div class=\"text\"><h1>Fino Matt<\/h1><\/div><div class=\"anchor-menu\">\u00a0<\/div>\t\t\t\t\t\t\t\t<\/div>\n\t\t\t\t<\/div>\n\t\t\t\t<div class=\"elementor-element elementor-element-1d42f57 elementor-invisible elementor-widget-tablet__width-initial elementor-widget-mobile__width-inherit animated-fast elementor-widget elementor-widget-text-editor\" data-id=\"1d42f57\" data-element_type=\"widget\" data-e-type=\"widget\" data-settings=\"{&quot;_animation&quot;:&quot;slideInUp&quot;}\" data-widget_type=\"text-editor.default\">\n\t\t\t\t<div class=\"elementor-widget-container\">\n\t\t\t\t\t\t\t\t\t<div class=\"text\"><div id=\"e466\" class=\"frame frame-default before-removed sp_header_module\"><div class=\"width-limiter\"><div class=\"description\"><div class=\"navigation-container\"><div class=\"text\"><p><span dir=\"auto\">Lo que el peque\u00f1o vestido negro en t\u00e9rminos de moda es que es blanco brillante en la cocina: una elecci\u00f3n siempre moderna.<\/span><\/p><\/div><\/div><\/div><\/div><\/div><div id=\"e1222\" class=\"frame frame-default before-default sp_textmedia\"><div id=\"e2107\">\u00a0<\/div><div class=\"width-limiter\">\u00a0<\/div><\/div><\/div><div class=\"anchor-menu\">\u00a0<\/div>\t\t\t\t\t\t\t\t<\/div>\n\t\t\t\t<\/div>\n\t\t\t\t\t<\/div>\n\t\t\t\t<\/div>\n\t\t<div class=\"elementor-element elementor-element-b59311b e-flex e-con-boxed e-con e-parent\" data-id=\"b59311b\" data-element_type=\"container\" data-e-type=\"container\">\n\t\t\t\t\t<div class=\"e-con-inner\">\n\t\t\t\t<div class=\"elementor-element elementor-element-65c2e39 elementor-widget elementor-widget-heading\" data-id=\"65c2e39\" data-element_type=\"widget\" data-e-type=\"widget\" data-widget_type=\"heading.default\">\n\t\t\t\t<div class=\"elementor-widget-container\">\n\t\t\t\t\t<h2 class=\"elementor-heading-title elementor-size-default\">Detalles<\/h2>\t\t\t\t<\/div>\n\t\t\t\t<\/div>\n\t\t\t\t\t<\/div>\n\t\t\t\t<\/div>\n\t\t<div class=\"elementor-element elementor-element-d3c8bc2 e-flex e-con-boxed e-con e-parent\" data-id=\"d3c8bc2\" data-element_type=\"container\" data-e-type=\"container\">\n\t\t\t\t\t<div class=\"e-con-inner\">\n\t\t\t\t<div class=\"vamtam-has-theme-widget-styles elementor-element elementor-element-13bf498 elementor-widget__width-initial elementor-widget elementor-widget-image\" data-id=\"13bf498\" data-element_type=\"widget\" data-e-type=\"widget\" data-widget_type=\"image.default\">\n\t\t\t\t<div class=\"elementor-widget-container\">\n\t\t\t\t\t\t\t\t\t<div class=\"elementor-image\">\n\t\t\t\t\t\t\t\t\t\t\t\t\t\t\t\t\t\t\t\t\t<img fetchpriority=\"high\" decoding=\"async\" width=\"1024\" height=\"528\" src=\"https:\/\/decoluxekitchens.com\/wp-content\/uploads\/2025\/10\/csm_Schueller_FMA-L092U_ELB-K042_Hauptaufnahme_b17e0eadbf-1024x528.jpeg\" class=\"attachment-large size-large wp-image-991963\" alt=\"\" srcset=\"https:\/\/decoluxekitchens.com\/wp-content\/uploads\/2025\/10\/csm_Schueller_FMA-L092U_ELB-K042_Hauptaufnahme_b17e0eadbf-1024x528.jpeg 1024w, https:\/\/decoluxekitchens.com\/wp-content\/uploads\/2025\/10\/csm_Schueller_FMA-L092U_ELB-K042_Hauptaufnahme_b17e0eadbf-300x155.jpeg 300w, https:\/\/decoluxekitchens.com\/wp-content\/uploads\/2025\/10\/csm_Schueller_FMA-L092U_ELB-K042_Hauptaufnahme_b17e0eadbf-768x396.jpeg 768w, https:\/\/decoluxekitchens.com\/wp-content\/uploads\/2025\/10\/csm_Schueller_FMA-L092U_ELB-K042_Hauptaufnahme_b17e0eadbf-1536x792.jpeg 1536w, https:\/\/decoluxekitchens.com\/wp-content\/uploads\/2025\/10\/csm_Schueller_FMA-L092U_ELB-K042_Hauptaufnahme_b17e0eadbf.jpeg 1920w\" sizes=\"(max-width: 1024px) 100vw, 1024px\" \/>\t\t\t\t\t\t\t\t\t\t\t\t\t\t\t\t\t\t\t\t\t\t\t\t<\/div>\n\t\t\t\t\t\t\t\t<\/div>\n\t\t\t\t<\/div>\n\t\t\t\t\t<\/div>\n\t\t\t\t<\/div>\n\t\t<div class=\"elementor-element elementor-element-8c8387f e-flex e-con-boxed e-con e-parent\" data-id=\"8c8387f\" data-element_type=\"container\" data-e-type=\"container\">\n\t\t\t\t\t<div class=\"e-con-inner\">\n\t\t\t\t<div class=\"elementor-element elementor-element-309ef59 elementor-widget elementor-widget-spacer\" data-id=\"309ef59\" data-element_type=\"widget\" data-e-type=\"widget\" data-widget_type=\"spacer.default\">\n\t\t\t\t<div class=\"elementor-widget-container\">\n\t\t\t\t\t\t\t<div class=\"elementor-spacer\">\n\t\t\t<div class=\"elementor-spacer-inner\"><\/div>\n\t\t<\/div>\n\t\t\t\t\t\t<\/div>\n\t\t\t\t<\/div>\n\t\t\t\t<div class=\"elementor-element elementor-element-00775db elementor-widget__width-initial elementor-widget elementor-widget-heading\" data-id=\"00775db\" data-element_type=\"widget\" data-e-type=\"widget\" data-widget_type=\"heading.default\">\n\t\t\t\t<div class=\"elementor-widget-container\">\n\t\t\t\t\t<h4 class=\"elementor-heading-title elementor-size-default\">La cocina con su aspecto reducido y cl\u00e1sico deja a los detalles especiales de la planificaci\u00f3n la libertad necesaria para brillar, por ejemplo, gracias al armario de color en contraste con una iluminaci\u00f3n atmosf\u00e9rica: una soluci\u00f3n ideal, sobre todo cuando el espacio es escaso.<\/h4>\t\t\t\t<\/div>\n\t\t\t\t<\/div>\n\t\t\t\t\t<\/div>\n\t\t\t\t<\/div>\n\t\t<div class=\"elementor-element elementor-element-7e5b1ae e-flex e-con-boxed e-con e-parent\" data-id=\"7e5b1ae\" data-element_type=\"container\" data-e-type=\"container\">\n\t\t\t\t\t<div class=\"e-con-inner\">\n\t\t\t\t<div class=\"elementor-element elementor-element-3d711d4 elementor-widget elementor-widget-spacer\" data-id=\"3d711d4\" data-element_type=\"widget\" data-e-type=\"widget\" data-widget_type=\"spacer.default\">\n\t\t\t\t<div class=\"elementor-widget-container\">\n\t\t\t\t\t\t\t<div class=\"elementor-spacer\">\n\t\t\t<div class=\"elementor-spacer-inner\"><\/div>\n\t\t<\/div>\n\t\t\t\t\t\t<\/div>\n\t\t\t\t<\/div>\n\t\t\t\t\t<\/div>\n\t\t\t\t<\/div>\n\t\t<div class=\"elementor-element elementor-element-8417cd3 e-flex e-con-boxed e-con e-parent\" data-id=\"8417cd3\" data-element_type=\"container\" data-e-type=\"container\">\n\t\t\t\t\t<div class=\"e-con-inner\">\n\t\t<div class=\"elementor-element elementor-element-c96bab9 e-con-full e-flex e-con e-child\" data-id=\"c96bab9\" data-element_type=\"container\" data-e-type=\"container\">\n\t\t<div class=\"elementor-element elementor-element-b1d2d9f e-con-full e-flex e-con e-child\" data-id=\"b1d2d9f\" data-element_type=\"container\" data-e-type=\"container\">\n\t\t\t\t<div class=\"vamtam-has-theme-widget-styles elementor-element elementor-element-2bf188a elementor-widget elementor-widget-image\" data-id=\"2bf188a\" data-element_type=\"widget\" data-e-type=\"widget\" data-widget_type=\"image.default\">\n\t\t\t\t<div class=\"elementor-widget-container\">\n\t\t\t\t\t\t\t\t\t<div class=\"elementor-image\">\n\t\t\t\t\t\t\t\t\t\t\t\t\t\t\t\t\t\t\t\t\t<img decoding=\"async\" width=\"1024\" height=\"1024\" data-src=\"https:\/\/decoluxekitchens.com\/wp-content\/uploads\/2025\/10\/csm_Schueller_FMA-L092U_ELB-K042_Gegenschuss_01_b405ddab2b-1024x1024.jpeg\" class=\"attachment-large size-large wp-image-991964 lazyload\" alt=\"\" data-srcset=\"https:\/\/decoluxekitchens.com\/wp-content\/uploads\/2025\/10\/csm_Schueller_FMA-L092U_ELB-K042_Gegenschuss_01_b405ddab2b-1024x1024.jpeg 1024w, https:\/\/decoluxekitchens.com\/wp-content\/uploads\/2025\/10\/csm_Schueller_FMA-L092U_ELB-K042_Gegenschuss_01_b405ddab2b-300x300.jpeg 300w, https:\/\/decoluxekitchens.com\/wp-content\/uploads\/2025\/10\/csm_Schueller_FMA-L092U_ELB-K042_Gegenschuss_01_b405ddab2b-150x150.jpeg 150w, https:\/\/decoluxekitchens.com\/wp-content\/uploads\/2025\/10\/csm_Schueller_FMA-L092U_ELB-K042_Gegenschuss_01_b405ddab2b-768x768.jpeg 768w, https:\/\/decoluxekitchens.com\/wp-content\/uploads\/2025\/10\/csm_Schueller_FMA-L092U_ELB-K042_Gegenschuss_01_b405ddab2b.jpeg 1080w\" data-sizes=\"(max-width: 1024px) 100vw, 1024px\" src=\"data:image\/svg+xml;base64,PHN2ZyB3aWR0aD0iMSIgaGVpZ2h0PSIxIiB4bWxucz0iaHR0cDovL3d3dy53My5vcmcvMjAwMC9zdmciPjwvc3ZnPg==\" style=\"--smush-placeholder-width: 1024px; --smush-placeholder-aspect-ratio: 1024\/1024;\" \/>\t\t\t\t\t\t\t\t\t\t\t\t\t\t\t\t\t\t\t\t\t\t\t\t<\/div>\n\t\t\t\t\t\t\t\t<\/div>\n\t\t\t\t<\/div>\n\t\t\t\t<\/div>\n\t\t<div class=\"elementor-element elementor-element-12bb231 e-con-full e-flex e-con e-child\" data-id=\"12bb231\" data-element_type=\"container\" data-e-type=\"container\">\n\t\t\t\t<div class=\"vamtam-has-theme-widget-styles elementor-element elementor-element-b4e0c4b elementor-widget elementor-widget-image\" data-id=\"b4e0c4b\" data-element_type=\"widget\" data-e-type=\"widget\" data-widget_type=\"image.default\">\n\t\t\t\t<div class=\"elementor-widget-container\">\n\t\t\t\t\t\t\t\t\t<div class=\"elementor-image\">\n\t\t\t\t\t\t\t\t\t\t\t\t\t\t\t\t\t\t\t\t\t<img decoding=\"async\" width=\"1024\" height=\"1024\" data-src=\"https:\/\/decoluxekitchens.com\/wp-content\/uploads\/2025\/10\/csm_Schueller_FMA-L092U_ELB-K042_Gegenschuss_02_351e5e20b3-1024x1024.jpeg\" class=\"attachment-large size-large wp-image-991965 lazyload\" alt=\"\" data-srcset=\"https:\/\/decoluxekitchens.com\/wp-content\/uploads\/2025\/10\/csm_Schueller_FMA-L092U_ELB-K042_Gegenschuss_02_351e5e20b3-1024x1024.jpeg 1024w, https:\/\/decoluxekitchens.com\/wp-content\/uploads\/2025\/10\/csm_Schueller_FMA-L092U_ELB-K042_Gegenschuss_02_351e5e20b3-300x300.jpeg 300w, https:\/\/decoluxekitchens.com\/wp-content\/uploads\/2025\/10\/csm_Schueller_FMA-L092U_ELB-K042_Gegenschuss_02_351e5e20b3-150x150.jpeg 150w, https:\/\/decoluxekitchens.com\/wp-content\/uploads\/2025\/10\/csm_Schueller_FMA-L092U_ELB-K042_Gegenschuss_02_351e5e20b3-768x768.jpeg 768w, https:\/\/decoluxekitchens.com\/wp-content\/uploads\/2025\/10\/csm_Schueller_FMA-L092U_ELB-K042_Gegenschuss_02_351e5e20b3.jpeg 1080w\" data-sizes=\"(max-width: 1024px) 100vw, 1024px\" src=\"data:image\/svg+xml;base64,PHN2ZyB3aWR0aD0iMSIgaGVpZ2h0PSIxIiB4bWxucz0iaHR0cDovL3d3dy53My5vcmcvMjAwMC9zdmciPjwvc3ZnPg==\" style=\"--smush-placeholder-width: 1024px; --smush-placeholder-aspect-ratio: 1024\/1024;\" \/>\t\t\t\t\t\t\t\t\t\t\t\t\t\t\t\t\t\t\t\t\t\t\t\t<\/div>\n\t\t\t\t\t\t\t\t<\/div>\n\t\t\t\t<\/div>\n\t\t\t\t<\/div>\n\t\t\t\t<\/div>\n\t\t\t\t\t<\/div>\n\t\t\t\t<\/div>\n\t\t<div class=\"elementor-element elementor-element-3e74b48 e-flex e-con-boxed e-con e-parent\" data-id=\"3e74b48\" data-element_type=\"container\" data-e-type=\"container\">\n\t\t\t\t\t<div class=\"e-con-inner\">\n\t\t<div class=\"elementor-element elementor-element-d27d432 e-con-full e-flex e-con e-child\" data-id=\"d27d432\" data-element_type=\"container\" data-e-type=\"container\">\n\t\t<div class=\"elementor-element elementor-element-5e6c8d6 e-con-full e-flex e-con e-child\" data-id=\"5e6c8d6\" data-element_type=\"container\" data-e-type=\"container\">\n\t\t\t\t<div class=\"vamtam-has-theme-widget-styles elementor-element elementor-element-3fa08f6 elementor-widget elementor-widget-image\" data-id=\"3fa08f6\" data-element_type=\"widget\" data-e-type=\"widget\" data-widget_type=\"image.default\">\n\t\t\t\t<div class=\"elementor-widget-container\">\n\t\t\t\t\t\t\t\t\t<div class=\"elementor-image\">\n\t\t\t\t\t\t\t\t\t\t\t\t\t\t\t\t\t\t\t\t\t<img decoding=\"async\" width=\"1024\" height=\"1024\" data-src=\"https:\/\/decoluxekitchens.com\/wp-content\/uploads\/2025\/10\/csm_Schueller_FMA-L092U_ELB-K042_Frame_Rack_30af8825e6-1024x1024.jpeg\" class=\"attachment-large size-large wp-image-991966 lazyload\" alt=\"\" data-srcset=\"https:\/\/decoluxekitchens.com\/wp-content\/uploads\/2025\/10\/csm_Schueller_FMA-L092U_ELB-K042_Frame_Rack_30af8825e6-1024x1024.jpeg 1024w, https:\/\/decoluxekitchens.com\/wp-content\/uploads\/2025\/10\/csm_Schueller_FMA-L092U_ELB-K042_Frame_Rack_30af8825e6-300x300.jpeg 300w, https:\/\/decoluxekitchens.com\/wp-content\/uploads\/2025\/10\/csm_Schueller_FMA-L092U_ELB-K042_Frame_Rack_30af8825e6-150x150.jpeg 150w, https:\/\/decoluxekitchens.com\/wp-content\/uploads\/2025\/10\/csm_Schueller_FMA-L092U_ELB-K042_Frame_Rack_30af8825e6-768x768.jpeg 768w, https:\/\/decoluxekitchens.com\/wp-content\/uploads\/2025\/10\/csm_Schueller_FMA-L092U_ELB-K042_Frame_Rack_30af8825e6.jpeg 1080w\" data-sizes=\"(max-width: 1024px) 100vw, 1024px\" src=\"data:image\/svg+xml;base64,PHN2ZyB3aWR0aD0iMSIgaGVpZ2h0PSIxIiB4bWxucz0iaHR0cDovL3d3dy53My5vcmcvMjAwMC9zdmciPjwvc3ZnPg==\" style=\"--smush-placeholder-width: 1024px; --smush-placeholder-aspect-ratio: 1024\/1024;\" \/>\t\t\t\t\t\t\t\t\t\t\t\t\t\t\t\t\t\t\t\t\t\t\t\t<\/div>\n\t\t\t\t\t\t\t\t<\/div>\n\t\t\t\t<\/div>\n\t\t\t\t<\/div>\n\t\t<div class=\"elementor-element elementor-element-4a62925 e-con-full e-flex e-con e-child\" data-id=\"4a62925\" data-element_type=\"container\" data-e-type=\"container\">\n\t\t\t\t<div class=\"elementor-element elementor-element-02f262e elementor-widget elementor-widget-heading\" data-id=\"02f262e\" data-element_type=\"widget\" data-e-type=\"widget\" data-widget_type=\"heading.default\">\n\t\t\t\t<div class=\"elementor-widget-container\">\n\t\t\t\t\t<h4 class=\"elementor-heading-title elementor-size-default\">El estante Frame Rack empotrado que se utiliza como escritorio no solo es elegante sino que tambi\u00e9n es una soluci\u00f3n perfecta para almacenar todo.\n\n<\/h4>\t\t\t\t<\/div>\n\t\t\t\t<\/div>\n\t\t\t\t<\/div>\n\t\t\t\t<\/div>\n\t\t\t\t\t<\/div>\n\t\t\t\t<\/div>\n\t\t<div class=\"elementor-element elementor-element-a6131a0 e-flex e-con-boxed e-con e-parent\" data-id=\"a6131a0\" data-element_type=\"container\" data-e-type=\"container\">\n\t\t\t\t\t<div class=\"e-con-inner\">\n\t\t\t\t<div class=\"vamtam-has-theme-widget-styles elementor-element elementor-element-26149de elementor-widget__width-initial elementor-widget elementor-widget-image\" data-id=\"26149de\" data-element_type=\"widget\" data-e-type=\"widget\" data-widget_type=\"image.default\">\n\t\t\t\t<div class=\"elementor-widget-container\">\n\t\t\t\t\t\t\t\t\t<div class=\"elementor-image\">\n\t\t\t\t\t\t\t\t\t\t\t\t\t\t\t\t\t\t\t\t\t<img decoding=\"async\" width=\"739\" height=\"1024\" data-src=\"https:\/\/decoluxekitchens.com\/wp-content\/uploads\/2025\/10\/csm_Schueller_ELB-K042_Garderobe_Orga-Wall_186dc0f4b5-739x1024.jpeg\" class=\"attachment-large size-large wp-image-991967 lazyload\" alt=\"\" data-srcset=\"https:\/\/decoluxekitchens.com\/wp-content\/uploads\/2025\/10\/csm_Schueller_ELB-K042_Garderobe_Orga-Wall_186dc0f4b5-739x1024.jpeg 739w, https:\/\/decoluxekitchens.com\/wp-content\/uploads\/2025\/10\/csm_Schueller_ELB-K042_Garderobe_Orga-Wall_186dc0f4b5-216x300.jpeg 216w, https:\/\/decoluxekitchens.com\/wp-content\/uploads\/2025\/10\/csm_Schueller_ELB-K042_Garderobe_Orga-Wall_186dc0f4b5-768x1065.jpeg 768w, https:\/\/decoluxekitchens.com\/wp-content\/uploads\/2025\/10\/csm_Schueller_ELB-K042_Garderobe_Orga-Wall_186dc0f4b5.jpeg 779w\" data-sizes=\"(max-width: 739px) 100vw, 739px\" src=\"data:image\/svg+xml;base64,PHN2ZyB3aWR0aD0iMSIgaGVpZ2h0PSIxIiB4bWxucz0iaHR0cDovL3d3dy53My5vcmcvMjAwMC9zdmciPjwvc3ZnPg==\" style=\"--smush-placeholder-width: 739px; --smush-placeholder-aspect-ratio: 739\/1024;\" \/>\t\t\t\t\t\t\t\t\t\t\t\t\t\t\t\t\t\t\t\t\t\t\t\t<\/div>\n\t\t\t\t\t\t\t\t<\/div>\n\t\t\t\t<\/div>\n\t\t\t\t<div class=\"elementor-element elementor-element-01271b9 elementor-widget__width-initial elementor-widget elementor-widget-heading\" data-id=\"01271b9\" data-element_type=\"widget\" data-e-type=\"widget\" data-widget_type=\"heading.default\">\n\t\t\t\t<div class=\"elementor-widget-container\">\n\t\t\t\t\t<h4 class=\"elementor-heading-title elementor-size-default\">Pensado hasta el \u00faltimo detalle: con Orga Wall, las zonas no utilizadas sirven como pr\u00e1ctico espacio de almacenamiento para los utensilios que deben estar a mano en la agitada vida cotidiana.\n\n<\/h4>\t\t\t\t<\/div>\n\t\t\t\t<\/div>\n\t\t\t\t\t<\/div>\n\t\t\t\t<\/div>\n\t\t<div class=\"elementor-element elementor-element-1ba9665 e-flex e-con-boxed e-con e-parent\" data-id=\"1ba9665\" data-element_type=\"container\" data-e-type=\"container\">\n\t\t\t\t\t<div class=\"e-con-inner\">\n\t\t\t\t<div class=\"elementor-element elementor-element-d22fa51 elementor-widget elementor-widget-spacer\" data-id=\"d22fa51\" data-element_type=\"widget\" data-e-type=\"widget\" data-widget_type=\"spacer.default\">\n\t\t\t\t<div class=\"elementor-widget-container\">\n\t\t\t\t\t\t\t<div class=\"elementor-spacer\">\n\t\t\t<div class=\"elementor-spacer-inner\"><\/div>\n\t\t<\/div>\n\t\t\t\t\t\t<\/div>\n\t\t\t\t<\/div>\n\t\t\t\t\t<\/div>\n\t\t\t\t<\/div>\n\t\t<div class=\"elementor-element elementor-element-47726be e-flex e-con-boxed e-con e-parent\" data-id=\"47726be\" data-element_type=\"container\" data-e-type=\"container\">\n\t\t\t\t\t<div class=\"e-con-inner\">\n\t\t\t\t<div class=\"elementor-element elementor-element-29a7008 elementor-widget elementor-widget-heading\" data-id=\"29a7008\" data-element_type=\"widget\" data-e-type=\"widget\" data-widget_type=\"heading.default\">\n\t\t\t\t<div class=\"elementor-widget-container\">\n\t\t\t\t\t<h4 class=\"elementor-heading-title elementor-size-default\">\nTransiciones suaves: gracias al aparador a juego, el aspecto cl\u00e1sico de la cocina se traslada a la sala de estar.\n\n<\/h4>\t\t\t\t<\/div>\n\t\t\t\t<\/div>\n\t\t\t\t<div class=\"vamtam-has-theme-widget-styles elementor-element elementor-element-355f39d elementor-widget elementor-widget-image\" data-id=\"355f39d\" data-element_type=\"widget\" data-e-type=\"widget\" data-widget_type=\"image.default\">\n\t\t\t\t<div class=\"elementor-widget-container\">\n\t\t\t\t\t\t\t\t\t<div class=\"elementor-image\">\n\t\t\t\t\t\t\t\t\t\t\t\t\t\t\t\t\t\t\t\t\t<img decoding=\"async\" width=\"1024\" height=\"1024\" data-src=\"https:\/\/decoluxekitchens.com\/wp-content\/uploads\/2025\/10\/csm_Schueller_ELB-K042_Sideboard_89798b896d-1024x1024.jpeg\" class=\"attachment-large size-large wp-image-991968 lazyload\" alt=\"\" data-srcset=\"https:\/\/decoluxekitchens.com\/wp-content\/uploads\/2025\/10\/csm_Schueller_ELB-K042_Sideboard_89798b896d-1024x1024.jpeg 1024w, https:\/\/decoluxekitchens.com\/wp-content\/uploads\/2025\/10\/csm_Schueller_ELB-K042_Sideboard_89798b896d-300x300.jpeg 300w, https:\/\/decoluxekitchens.com\/wp-content\/uploads\/2025\/10\/csm_Schueller_ELB-K042_Sideboard_89798b896d-150x150.jpeg 150w, https:\/\/decoluxekitchens.com\/wp-content\/uploads\/2025\/10\/csm_Schueller_ELB-K042_Sideboard_89798b896d-768x767.jpeg 768w, https:\/\/decoluxekitchens.com\/wp-content\/uploads\/2025\/10\/csm_Schueller_ELB-K042_Sideboard_89798b896d.jpeg 1081w\" data-sizes=\"(max-width: 1024px) 100vw, 1024px\" src=\"data:image\/svg+xml;base64,PHN2ZyB3aWR0aD0iMSIgaGVpZ2h0PSIxIiB4bWxucz0iaHR0cDovL3d3dy53My5vcmcvMjAwMC9zdmciPjwvc3ZnPg==\" style=\"--smush-placeholder-width: 1024px; --smush-placeholder-aspect-ratio: 1024\/1024;\" \/>\t\t\t\t\t\t\t\t\t\t\t\t\t\t\t\t\t\t\t\t\t\t\t\t<\/div>\n\t\t\t\t\t\t\t\t<\/div>\n\t\t\t\t<\/div>\n\t\t\t\t\t<\/div>\n\t\t\t\t<\/div>\n\t\t\t\t<\/div>\n\t\t","protected":false},"excerpt":{"rendered":"<p>No two kitchens are the same. Be inspired by our different styles, colours and room layouts. Get ideas for your dream kitchen. <\/p>\n","protected":false},"author":4,"featured_media":989066,"parent":990499,"menu_order":0,"comment_status":"closed","ping_status":"closed","template":"elementor_header_footer","meta":{"footnotes":""},"class_list":["post-991960","page","type-page","status-publish","has-post-thumbnail","hentry"],"_links":{"self":[{"href":"https:\/\/decoluxekitchens.com\/es\/wp-json\/wp\/v2\/pages\/991960","targetHints":{"allow":["GET"]}}],"collection":[{"href":"https:\/\/decoluxekitchens.com\/es\/wp-json\/wp\/v2\/pages"}],"about":[{"href":"https:\/\/decoluxekitchens.com\/es\/wp-json\/wp\/v2\/types\/page"}],"author":[{"embeddable":true,"href":"https:\/\/decoluxekitchens.com\/es\/wp-json\/wp\/v2\/users\/4"}],"replies":[{"embeddable":true,"href":"https:\/\/decoluxekitchens.com\/es\/wp-json\/wp\/v2\/comments?post=991960"}],"version-history":[{"count":22,"href":"https:\/\/decoluxekitchens.com\/es\/wp-json\/wp\/v2\/pages\/991960\/revisions"}],"predecessor-version":[{"id":1002209,"href":"https:\/\/decoluxekitchens.com\/es\/wp-json\/wp\/v2\/pages\/991960\/revisions\/1002209"}],"up":[{"embeddable":true,"href":"https:\/\/decoluxekitchens.com\/es\/wp-json\/wp\/v2\/pages\/990499"}],"wp:featuredmedia":[{"embeddable":true,"href":"https:\/\/decoluxekitchens.com\/es\/wp-json\/wp\/v2\/media\/989066"}],"wp:attachment":[{"href":"https:\/\/decoluxekitchens.com\/es\/wp-json\/wp\/v2\/media?parent=991960"}],"curies":[{"name":"wp","href":"https:\/\/api.w.org\/{rel}","templated":true}]}}