{"id":992070,"date":"2025-10-23T07:02:04","date_gmt":"2025-10-23T07:02:04","guid":{"rendered":"https:\/\/decoluxekitchens.com\/?page_id=992070"},"modified":"2026-01-22T07:57:24","modified_gmt":"2026-01-22T07:57:24","slug":"vienna-satin","status":"publish","type":"page","link":"https:\/\/decoluxekitchens.com\/es\/modelos-de-cocina\/vienna-satin\/","title":{"rendered":"Vienna Satin"},"content":{"rendered":"\t\t<div data-elementor-type=\"wp-page\" data-elementor-id=\"992070\" class=\"elementor elementor-992070\" data-elementor-post-type=\"page\">\n\t\t\t\t<div class=\"elementor-element elementor-element-d68da6f e-con-full e-flex e-con e-parent\" data-id=\"d68da6f\" data-element_type=\"container\" data-e-type=\"container\" data-settings=\"{&quot;background_background&quot;:&quot;classic&quot;}\">\n\t\t<div class=\"elementor-element elementor-element-ac95dbe e-flex e-con-boxed e-con e-child\" data-id=\"ac95dbe\" data-element_type=\"container\" data-e-type=\"container\">\n\t\t\t\t\t<div class=\"e-con-inner\">\n\t\t<div class=\"elementor-element elementor-element-053c5af e-con-full e-flex e-con e-child\" data-id=\"053c5af\" data-element_type=\"container\" data-e-type=\"container\">\n\t\t\t\t<\/div>\n\t\t\t\t\t<\/div>\n\t\t\t\t<\/div>\n\t\t<div class=\"elementor-element elementor-element-2699a31 e-flex e-con-boxed e-con e-child\" data-id=\"2699a31\" data-element_type=\"container\" data-e-type=\"container\">\n\t\t\t\t\t<div class=\"e-con-inner\">\n\t\t<div class=\"elementor-element elementor-element-6b9e3e9 e-con-full blur-background e-flex e-con e-child\" data-id=\"6b9e3e9\" data-element_type=\"container\" data-e-type=\"container\">\n\t\t\t\t<div class=\"elementor-element elementor-element-f73b997 elementor-invisible animated-fast elementor-widget__width-initial elementor-widget elementor-widget-heading\" data-id=\"f73b997\" data-element_type=\"widget\" data-e-type=\"widget\" data-settings=\"{&quot;_animation&quot;:&quot;slideInUp&quot;}\" data-widget_type=\"heading.default\">\n\t\t\t\t<div class=\"elementor-widget-container\">\n\t\t\t\t\t<h2 class=\"elementor-heading-title elementor-size-default\">Aspecto tradicional con estilo campestre\nVienna Sat\u00e9n<\/h2>\t\t\t\t<\/div>\n\t\t\t\t<\/div>\n\t\t\t\t<\/div>\n\t\t\t\t\t<\/div>\n\t\t\t\t<\/div>\n\t\t<div class=\"elementor-element elementor-element-e70a1df e-flex e-con-boxed e-con e-child\" data-id=\"e70a1df\" data-element_type=\"container\" data-e-type=\"container\">\n\t\t\t\t\t<div class=\"e-con-inner\">\n\t\t<div class=\"elementor-element elementor-element-5909aed e-con-full e-flex e-con e-child\" data-id=\"5909aed\" data-element_type=\"container\" data-e-type=\"container\">\n\t\t\t\t<\/div>\n\t\t\t\t\t<\/div>\n\t\t\t\t<\/div>\n\t\t\t\t<\/div>\n\t\t<div class=\"elementor-element elementor-element-5d8d408 e-flex e-con-boxed e-con e-parent\" data-id=\"5d8d408\" data-element_type=\"container\" data-e-type=\"container\">\n\t\t\t\t\t<div class=\"e-con-inner\">\n\t\t\t\t<div class=\"elementor-element elementor-element-8a29837 elementor-widget__width-initial elementor-widget elementor-widget-shortcode\" data-id=\"8a29837\" data-element_type=\"widget\" data-e-type=\"widget\" data-widget_type=\"shortcode.default\">\n\t\t\t\t<div class=\"elementor-widget-container\">\n\t\t\t\t\t\t\t<div class=\"elementor-shortcode\"><nav aria-label=\"breadcrumbs\" class=\"rank-math-breadcrumb\"><p><span class=\"last\">Inicio<\/span><\/p><\/nav><\/div>\n\t\t\t\t\t\t<\/div>\n\t\t\t\t<\/div>\n\t\t\t\t<div class=\"elementor-element elementor-element-50edbbc elementor-invisible elementor-widget-tablet__width-initial elementor-widget-mobile__width-inherit animated-fast elementor-widget elementor-widget-text-editor\" data-id=\"50edbbc\" data-element_type=\"widget\" data-e-type=\"widget\" data-settings=\"{&quot;_animation&quot;:&quot;slideInUp&quot;}\" data-widget_type=\"text-editor.default\">\n\t\t\t\t<div class=\"elementor-widget-container\">\n\t\t\t\t\t\t\t\t\t<div class=\"text\"><h1>Vienna Satin<\/h1><\/div>\t\t\t\t\t\t\t\t<\/div>\n\t\t\t\t<\/div>\n\t\t\t\t<div class=\"elementor-element elementor-element-1d42f57 elementor-invisible elementor-widget-tablet__width-initial elementor-widget-mobile__width-inherit animated-fast elementor-widget elementor-widget-text-editor\" data-id=\"1d42f57\" data-element_type=\"widget\" data-e-type=\"widget\" data-settings=\"{&quot;_animation&quot;:&quot;slideInUp&quot;}\" data-widget_type=\"text-editor.default\">\n\t\t\t\t<div class=\"elementor-widget-container\">\n\t\t\t\t\t\t\t\t\t<p>El estilo r\u00fastico moderno del modelo Vienna le cautivar\u00e1 con su singular apariencia. Esto se ve acentuado por los frentes oscuros, que armonizan a la perfecci\u00f3n con las encimeras de m\u00e1rmol. Estos elementos contrastantes le dan a la cocina un aspecto distintivo.<\/p>\t\t\t\t\t\t\t\t<\/div>\n\t\t\t\t<\/div>\n\t\t\t\t\t<\/div>\n\t\t\t\t<\/div>\n\t\t<div class=\"elementor-element elementor-element-b59311b e-flex e-con-boxed e-con e-parent\" data-id=\"b59311b\" data-element_type=\"container\" data-e-type=\"container\">\n\t\t\t\t\t<div class=\"e-con-inner\">\n\t\t\t\t<div class=\"elementor-element elementor-element-65c2e39 elementor-widget elementor-widget-heading\" data-id=\"65c2e39\" data-element_type=\"widget\" data-e-type=\"widget\" data-widget_type=\"heading.default\">\n\t\t\t\t<div class=\"elementor-widget-container\">\n\t\t\t\t\t<h2 class=\"elementor-heading-title elementor-size-default\">Detalles<\/h2>\t\t\t\t<\/div>\n\t\t\t\t<\/div>\n\t\t\t\t\t<\/div>\n\t\t\t\t<\/div>\n\t\t<div class=\"elementor-element elementor-element-4e03a87 e-flex e-con-boxed e-con e-parent\" data-id=\"4e03a87\" data-element_type=\"container\" data-e-type=\"container\">\n\t\t\t\t\t<div class=\"e-con-inner\">\n\t\t\t\t<div class=\"vamtam-has-theme-widget-styles elementor-element elementor-element-e21c650 elementor-widget elementor-widget-image\" data-id=\"e21c650\" data-element_type=\"widget\" data-e-type=\"widget\" data-widget_type=\"image.default\">\n\t\t\t\t<div class=\"elementor-widget-container\">\n\t\t\t\t\t\t\t\t\t<div class=\"elementor-image\">\n\t\t\t\t\t\t\t\t\t\t\t\t\t\t\t\t\t\t\t\t\t<img fetchpriority=\"high\" decoding=\"async\" width=\"1024\" height=\"529\" src=\"https:\/\/decoluxekitchens.com\/wp-content\/uploads\/2025\/10\/csm_Schueller_VIA-L190_Hauptaufnahme_d84c481648-1024x529.jpeg\" class=\"attachment-large size-large wp-image-992073\" alt=\"\" srcset=\"https:\/\/decoluxekitchens.com\/wp-content\/uploads\/2025\/10\/csm_Schueller_VIA-L190_Hauptaufnahme_d84c481648-1024x529.jpeg 1024w, https:\/\/decoluxekitchens.com\/wp-content\/uploads\/2025\/10\/csm_Schueller_VIA-L190_Hauptaufnahme_d84c481648-300x155.jpeg 300w, https:\/\/decoluxekitchens.com\/wp-content\/uploads\/2025\/10\/csm_Schueller_VIA-L190_Hauptaufnahme_d84c481648-768x396.jpeg 768w, https:\/\/decoluxekitchens.com\/wp-content\/uploads\/2025\/10\/csm_Schueller_VIA-L190_Hauptaufnahme_d84c481648-1536x793.jpeg 1536w, https:\/\/decoluxekitchens.com\/wp-content\/uploads\/2025\/10\/csm_Schueller_VIA-L190_Hauptaufnahme_d84c481648.jpeg 1920w\" sizes=\"(max-width: 1024px) 100vw, 1024px\" \/>\t\t\t\t\t\t\t\t\t\t\t\t\t\t\t\t\t\t\t\t\t\t\t\t<\/div>\n\t\t\t\t\t\t\t\t<\/div>\n\t\t\t\t<\/div>\n\t\t\t\t\t<\/div>\n\t\t\t\t<\/div>\n\t\t<div class=\"elementor-element elementor-element-c620ed7 e-flex e-con-boxed e-con e-parent\" data-id=\"c620ed7\" data-element_type=\"container\" data-e-type=\"container\">\n\t\t\t\t\t<div class=\"e-con-inner\">\n\t\t\t\t\t<\/div>\n\t\t\t\t<\/div>\n\t\t<div class=\"elementor-element elementor-element-8c88ce7 e-flex e-con-boxed e-con e-parent\" data-id=\"8c88ce7\" data-element_type=\"container\" data-e-type=\"container\">\n\t\t\t\t\t<div class=\"e-con-inner\">\n\t\t<div class=\"elementor-element elementor-element-7ad91ba e-con-full e-flex e-con e-child\" data-id=\"7ad91ba\" data-element_type=\"container\" data-e-type=\"container\">\n\t\t<div class=\"elementor-element elementor-element-62d8dc7 e-con-full e-flex e-con e-child\" data-id=\"62d8dc7\" data-element_type=\"container\" data-e-type=\"container\">\n\t\t\t\t<div class=\"vamtam-has-theme-widget-styles elementor-element elementor-element-3a1a084 elementor-widget elementor-widget-image\" data-id=\"3a1a084\" data-element_type=\"widget\" data-e-type=\"widget\" data-widget_type=\"image.default\">\n\t\t\t\t<div class=\"elementor-widget-container\">\n\t\t\t\t\t\t\t\t\t<div class=\"elementor-image\">\n\t\t\t\t\t\t\t\t\t\t\t\t\t\t\t\t\t\t\t\t\t<img decoding=\"async\" width=\"1024\" height=\"1024\" data-src=\"https:\/\/decoluxekitchens.com\/wp-content\/uploads\/2025\/10\/csm_Schueller_VIA-L190_Gegenschuss_771f4e6fc8-1024x1024.jpeg\" class=\"attachment-large size-large wp-image-992074 lazyload\" alt=\"\" data-srcset=\"https:\/\/decoluxekitchens.com\/wp-content\/uploads\/2025\/10\/csm_Schueller_VIA-L190_Gegenschuss_771f4e6fc8-1024x1024.jpeg 1024w, https:\/\/decoluxekitchens.com\/wp-content\/uploads\/2025\/10\/csm_Schueller_VIA-L190_Gegenschuss_771f4e6fc8-300x300.jpeg 300w, https:\/\/decoluxekitchens.com\/wp-content\/uploads\/2025\/10\/csm_Schueller_VIA-L190_Gegenschuss_771f4e6fc8-150x150.jpeg 150w, https:\/\/decoluxekitchens.com\/wp-content\/uploads\/2025\/10\/csm_Schueller_VIA-L190_Gegenschuss_771f4e6fc8-768x768.jpeg 768w, https:\/\/decoluxekitchens.com\/wp-content\/uploads\/2025\/10\/csm_Schueller_VIA-L190_Gegenschuss_771f4e6fc8.jpeg 1032w\" data-sizes=\"(max-width: 1024px) 100vw, 1024px\" src=\"data:image\/svg+xml;base64,PHN2ZyB3aWR0aD0iMSIgaGVpZ2h0PSIxIiB4bWxucz0iaHR0cDovL3d3dy53My5vcmcvMjAwMC9zdmciPjwvc3ZnPg==\" style=\"--smush-placeholder-width: 1024px; --smush-placeholder-aspect-ratio: 1024\/1024;\" \/>\t\t\t\t\t\t\t\t\t\t\t\t\t\t\t\t\t\t\t\t\t\t\t\t<\/div>\n\t\t\t\t\t\t\t\t<\/div>\n\t\t\t\t<\/div>\n\t\t\t\t<\/div>\n\t\t<div class=\"elementor-element elementor-element-edbc516 e-con-full e-flex e-con e-child\" data-id=\"edbc516\" data-element_type=\"container\" data-e-type=\"container\">\n\t\t\t\t<div class=\"elementor-element elementor-element-405a1c1 elementor-widget__width-initial elementor-widget elementor-widget-heading\" data-id=\"405a1c1\" data-element_type=\"widget\" data-e-type=\"widget\" data-widget_type=\"heading.default\">\n\t\t\t\t<div class=\"elementor-widget-container\">\n\t\t\t\t\t<h5 class=\"elementor-heading-title elementor-size-default\">Aqu\u00ed puedes dar rienda suelta a tu pasi\u00f3n por la cocina. Esta espaciosa cocina te ofrece libertad de movimiento y amplio espacio de almacenamiento gracias a sus armarios altos que llegan hasta el techo. Los elementos de roble macizo se integran a la perfecci\u00f3n con el conjunto. Su practicidad es indiscutible. Gracias a los dos separadores transversales, tus bebidas favoritas siempre estar\u00e1n a mano. Los cajones extra\u00edbles pueden usarse para diferentes prop\u00f3sitos. En este caso, son especialmente pr\u00e1cticos: simplemente retira las cajas de los cajones, sal al jard\u00edn, recoge tus verduras frescas y gu\u00e1rdalas en ellos.<\/h5>\t\t\t\t<\/div>\n\t\t\t\t<\/div>\n\t\t\t\t<\/div>\n\t\t\t\t<\/div>\n\t\t\t\t\t<\/div>\n\t\t\t\t<\/div>\n\t\t<div class=\"elementor-element elementor-element-4dda673 e-flex e-con-boxed e-con e-parent\" data-id=\"4dda673\" data-element_type=\"container\" data-e-type=\"container\">\n\t\t\t\t\t<div class=\"e-con-inner\">\n\t\t<div class=\"elementor-element elementor-element-253ea36 e-con-full e-flex e-con e-child\" data-id=\"253ea36\" data-element_type=\"container\" data-e-type=\"container\">\n\t\t<div class=\"elementor-element elementor-element-8cd93dc e-con-full e-flex e-con e-child\" data-id=\"8cd93dc\" data-element_type=\"container\" data-e-type=\"container\">\n\t\t\t\t<div class=\"vamtam-has-theme-widget-styles elementor-element elementor-element-ec81c68 elementor-widget elementor-widget-image\" data-id=\"ec81c68\" data-element_type=\"widget\" data-e-type=\"widget\" data-widget_type=\"image.default\">\n\t\t\t\t<div class=\"elementor-widget-container\">\n\t\t\t\t\t\t\t\t\t<div class=\"elementor-image\">\n\t\t\t\t\t\t\t\t\t\t\t\t\t\t\t\t\t\t\t\t\t<img decoding=\"async\" width=\"1024\" height=\"1024\" data-src=\"https:\/\/decoluxekitchens.com\/wp-content\/uploads\/2025\/10\/csm_Schueller_VIA-L190_Vitrine_c64b215525-1024x1024.jpeg\" class=\"attachment-large size-large wp-image-992078 lazyload\" alt=\"\" data-srcset=\"https:\/\/decoluxekitchens.com\/wp-content\/uploads\/2025\/10\/csm_Schueller_VIA-L190_Vitrine_c64b215525-1024x1024.jpeg 1024w, https:\/\/decoluxekitchens.com\/wp-content\/uploads\/2025\/10\/csm_Schueller_VIA-L190_Vitrine_c64b215525-300x300.jpeg 300w, https:\/\/decoluxekitchens.com\/wp-content\/uploads\/2025\/10\/csm_Schueller_VIA-L190_Vitrine_c64b215525-150x150.jpeg 150w, https:\/\/decoluxekitchens.com\/wp-content\/uploads\/2025\/10\/csm_Schueller_VIA-L190_Vitrine_c64b215525-768x767.jpeg 768w, https:\/\/decoluxekitchens.com\/wp-content\/uploads\/2025\/10\/csm_Schueller_VIA-L190_Vitrine_c64b215525.jpeg 1081w\" data-sizes=\"(max-width: 1024px) 100vw, 1024px\" src=\"data:image\/svg+xml;base64,PHN2ZyB3aWR0aD0iMSIgaGVpZ2h0PSIxIiB4bWxucz0iaHR0cDovL3d3dy53My5vcmcvMjAwMC9zdmciPjwvc3ZnPg==\" style=\"--smush-placeholder-width: 1024px; --smush-placeholder-aspect-ratio: 1024\/1024;\" \/>\t\t\t\t\t\t\t\t\t\t\t\t\t\t\t\t\t\t\t\t\t\t\t\t<\/div>\n\t\t\t\t\t\t\t\t<\/div>\n\t\t\t\t<\/div>\n\t\t\t\t<\/div>\n\t\t<div class=\"elementor-element elementor-element-97c2e7e e-con-full e-flex e-con e-child\" data-id=\"97c2e7e\" data-element_type=\"container\" data-e-type=\"container\">\n\t\t\t\t<div class=\"elementor-element elementor-element-62d4183 elementor-widget__width-initial elementor-widget elementor-widget-heading\" data-id=\"62d4183\" data-element_type=\"widget\" data-e-type=\"widget\" data-widget_type=\"heading.default\">\n\t\t\t\t<div class=\"elementor-widget-container\">\n\t\t\t\t\t<h5 class=\"elementor-heading-title elementor-size-default\">Las dos vitrinas son muy atractivas. Gracias a su iluminaci\u00f3n indirecta y puertas con parteluces, su vajilla cobra protagonismo. Un ambiente acogedor y hogare\u00f1o est\u00e1 garantizado.<\/h5>\t\t\t\t<\/div>\n\t\t\t\t<\/div>\n\t\t\t\t<\/div>\n\t\t\t\t<\/div>\n\t\t\t\t\t<\/div>\n\t\t\t\t<\/div>\n\t\t<div class=\"elementor-element elementor-element-480c094 e-flex e-con-boxed e-con e-parent\" data-id=\"480c094\" data-element_type=\"container\" data-e-type=\"container\">\n\t\t\t\t\t<div class=\"e-con-inner\">\n\t\t\t\t<div class=\"elementor-element elementor-element-2c6c256 elementor-widget elementor-widget-spacer\" data-id=\"2c6c256\" data-element_type=\"widget\" data-e-type=\"widget\" data-widget_type=\"spacer.default\">\n\t\t\t\t<div class=\"elementor-widget-container\">\n\t\t\t\t\t\t\t<div class=\"elementor-spacer\">\n\t\t\t<div class=\"elementor-spacer-inner\"><\/div>\n\t\t<\/div>\n\t\t\t\t\t\t<\/div>\n\t\t\t\t<\/div>\n\t\t\t\t\t<\/div>\n\t\t\t\t<\/div>\n\t\t<div class=\"elementor-element elementor-element-dd910ef e-flex e-con-boxed e-con e-parent\" data-id=\"dd910ef\" data-element_type=\"container\" data-e-type=\"container\">\n\t\t\t\t\t<div class=\"e-con-inner\">\n\t\t<div class=\"elementor-element elementor-element-91afaa7 e-con-full e-flex e-con e-child\" data-id=\"91afaa7\" data-element_type=\"container\" data-e-type=\"container\">\n\t\t<div class=\"elementor-element elementor-element-907bcfb e-con-full e-flex e-con e-child\" data-id=\"907bcfb\" data-element_type=\"container\" data-e-type=\"container\">\n\t\t\t\t<div class=\"vamtam-has-theme-widget-styles elementor-element elementor-element-1ab6383 elementor-widget elementor-widget-image\" data-id=\"1ab6383\" data-element_type=\"widget\" data-e-type=\"widget\" data-widget_type=\"image.default\">\n\t\t\t\t<div class=\"elementor-widget-container\">\n\t\t\t\t\t\t\t\t\t<div class=\"elementor-image\">\n\t\t\t\t\t\t\t\t\t\t\t\t\t\t\t\t\t\t\t\t\t<img decoding=\"async\" width=\"1024\" height=\"1024\" data-src=\"https:\/\/decoluxekitchens.com\/wp-content\/uploads\/2025\/10\/csm_Schueller_VIA-L190_Holzkisten_geoeffnet_7ca0038eb1-1024x1024.jpeg\" class=\"attachment-large size-large wp-image-992077 lazyload\" alt=\"\" data-srcset=\"https:\/\/decoluxekitchens.com\/wp-content\/uploads\/2025\/10\/csm_Schueller_VIA-L190_Holzkisten_geoeffnet_7ca0038eb1-1024x1024.jpeg 1024w, https:\/\/decoluxekitchens.com\/wp-content\/uploads\/2025\/10\/csm_Schueller_VIA-L190_Holzkisten_geoeffnet_7ca0038eb1-300x300.jpeg 300w, https:\/\/decoluxekitchens.com\/wp-content\/uploads\/2025\/10\/csm_Schueller_VIA-L190_Holzkisten_geoeffnet_7ca0038eb1-150x150.jpeg 150w, https:\/\/decoluxekitchens.com\/wp-content\/uploads\/2025\/10\/csm_Schueller_VIA-L190_Holzkisten_geoeffnet_7ca0038eb1-768x767.jpeg 768w, https:\/\/decoluxekitchens.com\/wp-content\/uploads\/2025\/10\/csm_Schueller_VIA-L190_Holzkisten_geoeffnet_7ca0038eb1.jpeg 1081w\" data-sizes=\"(max-width: 1024px) 100vw, 1024px\" src=\"data:image\/svg+xml;base64,PHN2ZyB3aWR0aD0iMSIgaGVpZ2h0PSIxIiB4bWxucz0iaHR0cDovL3d3dy53My5vcmcvMjAwMC9zdmciPjwvc3ZnPg==\" style=\"--smush-placeholder-width: 1024px; --smush-placeholder-aspect-ratio: 1024\/1024;\" \/>\t\t\t\t\t\t\t\t\t\t\t\t\t\t\t\t\t\t\t\t\t\t\t\t<\/div>\n\t\t\t\t\t\t\t\t<\/div>\n\t\t\t\t<\/div>\n\t\t\t\t<\/div>\n\t\t<div class=\"elementor-element elementor-element-a2379e5 e-con-full e-flex e-con e-child\" data-id=\"a2379e5\" data-element_type=\"container\" data-e-type=\"container\">\n\t\t\t\t<div class=\"vamtam-has-theme-widget-styles elementor-element elementor-element-7490bb9 elementor-widget elementor-widget-image\" data-id=\"7490bb9\" data-element_type=\"widget\" data-e-type=\"widget\" data-widget_type=\"image.default\">\n\t\t\t\t<div class=\"elementor-widget-container\">\n\t\t\t\t\t\t\t\t\t<div class=\"elementor-image\">\n\t\t\t\t\t\t\t\t\t\t\t\t\t\t\t\t\t\t\t\t\t<img decoding=\"async\" width=\"1024\" height=\"1024\" data-src=\"https:\/\/decoluxekitchens.com\/wp-content\/uploads\/2025\/10\/csm_Schueller_VIA-L190_Holzkisten_e7495b474c-1-1024x1024.jpeg\" class=\"attachment-large size-large wp-image-992076 lazyload\" alt=\"\" data-srcset=\"https:\/\/decoluxekitchens.com\/wp-content\/uploads\/2025\/10\/csm_Schueller_VIA-L190_Holzkisten_e7495b474c-1-1024x1024.jpeg 1024w, https:\/\/decoluxekitchens.com\/wp-content\/uploads\/2025\/10\/csm_Schueller_VIA-L190_Holzkisten_e7495b474c-1-300x300.jpeg 300w, https:\/\/decoluxekitchens.com\/wp-content\/uploads\/2025\/10\/csm_Schueller_VIA-L190_Holzkisten_e7495b474c-1-150x150.jpeg 150w, https:\/\/decoluxekitchens.com\/wp-content\/uploads\/2025\/10\/csm_Schueller_VIA-L190_Holzkisten_e7495b474c-1-768x768.jpeg 768w, https:\/\/decoluxekitchens.com\/wp-content\/uploads\/2025\/10\/csm_Schueller_VIA-L190_Holzkisten_e7495b474c-1.jpeg 1080w\" data-sizes=\"(max-width: 1024px) 100vw, 1024px\" src=\"data:image\/svg+xml;base64,PHN2ZyB3aWR0aD0iMSIgaGVpZ2h0PSIxIiB4bWxucz0iaHR0cDovL3d3dy53My5vcmcvMjAwMC9zdmciPjwvc3ZnPg==\" style=\"--smush-placeholder-width: 1024px; --smush-placeholder-aspect-ratio: 1024\/1024;\" \/>\t\t\t\t\t\t\t\t\t\t\t\t\t\t\t\t\t\t\t\t\t\t\t\t<\/div>\n\t\t\t\t\t\t\t\t<\/div>\n\t\t\t\t<\/div>\n\t\t\t\t<\/div>\n\t\t\t\t<\/div>\n\t\t\t\t\t<\/div>\n\t\t\t\t<\/div>\n\t\t\t\t<\/div>\n\t\t","protected":false},"excerpt":{"rendered":"<p>No two kitchens are the same. Be inspired by our different styles, colours and room layouts. Get ideas for your dream kitchen. <\/p>\n","protected":false},"author":4,"featured_media":989066,"parent":990499,"menu_order":0,"comment_status":"closed","ping_status":"closed","template":"elementor_header_footer","meta":{"footnotes":""},"class_list":["post-992070","page","type-page","status-publish","has-post-thumbnail","hentry"],"_links":{"self":[{"href":"https:\/\/decoluxekitchens.com\/es\/wp-json\/wp\/v2\/pages\/992070","targetHints":{"allow":["GET"]}}],"collection":[{"href":"https:\/\/decoluxekitchens.com\/es\/wp-json\/wp\/v2\/pages"}],"about":[{"href":"https:\/\/decoluxekitchens.com\/es\/wp-json\/wp\/v2\/types\/page"}],"author":[{"embeddable":true,"href":"https:\/\/decoluxekitchens.com\/es\/wp-json\/wp\/v2\/users\/4"}],"replies":[{"embeddable":true,"href":"https:\/\/decoluxekitchens.com\/es\/wp-json\/wp\/v2\/comments?post=992070"}],"version-history":[{"count":22,"href":"https:\/\/decoluxekitchens.com\/es\/wp-json\/wp\/v2\/pages\/992070\/revisions"}],"predecessor-version":[{"id":1002230,"href":"https:\/\/decoluxekitchens.com\/es\/wp-json\/wp\/v2\/pages\/992070\/revisions\/1002230"}],"up":[{"embeddable":true,"href":"https:\/\/decoluxekitchens.com\/es\/wp-json\/wp\/v2\/pages\/990499"}],"wp:featuredmedia":[{"embeddable":true,"href":"https:\/\/decoluxekitchens.com\/es\/wp-json\/wp\/v2\/media\/989066"}],"wp:attachment":[{"href":"https:\/\/decoluxekitchens.com\/es\/wp-json\/wp\/v2\/media?parent=992070"}],"curies":[{"name":"wp","href":"https:\/\/api.w.org\/{rel}","templated":true}]}}