{"id":992090,"date":"2025-10-23T07:15:26","date_gmt":"2025-10-23T07:15:26","guid":{"rendered":"https:\/\/decoluxekitchens.com\/?page_id=992090"},"modified":"2026-01-14T12:43:59","modified_gmt":"2026-01-14T12:43:59","slug":"elba-urban","status":"publish","type":"page","link":"https:\/\/decoluxekitchens.com\/es\/modelos-de-cocina\/elba-urban\/","title":{"rendered":"Elba Urban"},"content":{"rendered":"\t\t<div data-elementor-type=\"wp-page\" data-elementor-id=\"992090\" class=\"elementor elementor-992090\" data-elementor-post-type=\"page\">\n\t\t\t\t<div class=\"elementor-element elementor-element-d68da6f e-con-full e-flex e-con e-parent\" data-id=\"d68da6f\" data-element_type=\"container\" data-e-type=\"container\" data-settings=\"{&quot;background_background&quot;:&quot;classic&quot;}\">\n\t\t<div class=\"elementor-element elementor-element-ac95dbe e-flex e-con-boxed e-con e-child\" data-id=\"ac95dbe\" data-element_type=\"container\" data-e-type=\"container\">\n\t\t\t\t\t<div class=\"e-con-inner\">\n\t\t<div class=\"elementor-element elementor-element-053c5af e-con-full e-flex e-con e-child\" data-id=\"053c5af\" data-element_type=\"container\" data-e-type=\"container\">\n\t\t\t\t<\/div>\n\t\t\t\t\t<\/div>\n\t\t\t\t<\/div>\n\t\t<div class=\"elementor-element elementor-element-2699a31 e-flex e-con-boxed e-con e-child\" data-id=\"2699a31\" data-element_type=\"container\" data-e-type=\"container\">\n\t\t\t\t\t<div class=\"e-con-inner\">\n\t\t<div class=\"elementor-element elementor-element-6b9e3e9 e-con-full blur-background e-flex e-con e-child\" data-id=\"6b9e3e9\" data-element_type=\"container\" data-e-type=\"container\">\n\t\t\t\t<div class=\"elementor-element elementor-element-f73b997 elementor-invisible animated-fast elementor-widget__width-initial elementor-widget elementor-widget-heading\" data-id=\"f73b997\" data-element_type=\"widget\" data-e-type=\"widget\" data-settings=\"{&quot;_animation&quot;:&quot;slideInUp&quot;}\" data-widget_type=\"heading.default\">\n\t\t\t\t<div class=\"elementor-widget-container\">\n\t\t\t\t\t<h2 class=\"elementor-heading-title elementor-size-default\">Cocina y vinoteca en una habitaci\u00f3n.\nElba<\/h2>\t\t\t\t<\/div>\n\t\t\t\t<\/div>\n\t\t\t\t<\/div>\n\t\t\t\t\t<\/div>\n\t\t\t\t<\/div>\n\t\t<div class=\"elementor-element elementor-element-e70a1df e-flex e-con-boxed e-con e-child\" data-id=\"e70a1df\" data-element_type=\"container\" data-e-type=\"container\">\n\t\t\t\t\t<div class=\"e-con-inner\">\n\t\t<div class=\"elementor-element elementor-element-5909aed e-con-full e-flex e-con e-child\" data-id=\"5909aed\" data-element_type=\"container\" data-e-type=\"container\">\n\t\t\t\t<\/div>\n\t\t\t\t\t<\/div>\n\t\t\t\t<\/div>\n\t\t\t\t<\/div>\n\t\t<div class=\"elementor-element elementor-element-5d8d408 e-flex e-con-boxed e-con e-parent\" data-id=\"5d8d408\" data-element_type=\"container\" data-e-type=\"container\">\n\t\t\t\t\t<div class=\"e-con-inner\">\n\t\t\t\t<div class=\"elementor-element elementor-element-d86c5bf elementor-widget__width-initial elementor-widget elementor-widget-shortcode\" data-id=\"d86c5bf\" data-element_type=\"widget\" data-e-type=\"widget\" data-widget_type=\"shortcode.default\">\n\t\t\t\t<div class=\"elementor-widget-container\">\n\t\t\t\t\t\t\t<div class=\"elementor-shortcode\"><nav aria-label=\"breadcrumbs\" class=\"rank-math-breadcrumb\"><p><span class=\"last\">Inicio<\/span><\/p><\/nav><\/div>\n\t\t\t\t\t\t<\/div>\n\t\t\t\t<\/div>\n\t\t\t\t<div class=\"elementor-element elementor-element-1d42f57 elementor-invisible elementor-widget-tablet__width-initial elementor-widget-mobile__width-inherit animated-fast elementor-widget elementor-widget-text-editor\" data-id=\"1d42f57\" data-element_type=\"widget\" data-e-type=\"widget\" data-settings=\"{&quot;_animation&quot;:&quot;slideInUp&quot;}\" data-widget_type=\"text-editor.default\">\n\t\t\t\t<div class=\"elementor-widget-container\">\n\t\t\t\t\t\t\t\t\t<p>\u00a1Perfecto para gourmets! Hoy en d\u00eda, damos mucha importancia a lo que ponemos en nuestros platos: ingredientes regionales, org\u00e1nicos, de primera calidad y especiales son imprescindibles. Esto requiere una cocina donde la comida se prepare con atenci\u00f3n y esmero.<\/p>\t\t\t\t\t\t\t\t<\/div>\n\t\t\t\t<\/div>\n\t\t\t\t\t<\/div>\n\t\t\t\t<\/div>\n\t\t<div class=\"elementor-element elementor-element-b59311b e-flex e-con-boxed e-con e-parent\" data-id=\"b59311b\" data-element_type=\"container\" data-e-type=\"container\">\n\t\t\t\t\t<div class=\"e-con-inner\">\n\t\t\t\t<div class=\"elementor-element elementor-element-65c2e39 elementor-widget elementor-widget-heading\" data-id=\"65c2e39\" data-element_type=\"widget\" data-e-type=\"widget\" data-widget_type=\"heading.default\">\n\t\t\t\t<div class=\"elementor-widget-container\">\n\t\t\t\t\t<h2 class=\"elementor-heading-title elementor-size-default\">Detalles<\/h2>\t\t\t\t<\/div>\n\t\t\t\t<\/div>\n\t\t\t\t\t<\/div>\n\t\t\t\t<\/div>\n\t\t<div class=\"elementor-element elementor-element-4e03a87 e-flex e-con-boxed e-con e-parent\" data-id=\"4e03a87\" data-element_type=\"container\" data-e-type=\"container\">\n\t\t\t\t\t<div class=\"e-con-inner\">\n\t\t\t\t<div class=\"vamtam-has-theme-widget-styles elementor-element elementor-element-e21c650 elementor-widget elementor-widget-image\" data-id=\"e21c650\" data-element_type=\"widget\" data-e-type=\"widget\" data-widget_type=\"image.default\">\n\t\t\t\t<div class=\"elementor-widget-container\">\n\t\t\t\t\t\t\t\t\t<div class=\"elementor-image\">\n\t\t\t\t\t\t\t\t\t\t\t\t\t\t\t\t\t\t\t\t\t<img fetchpriority=\"high\" decoding=\"async\" width=\"1024\" height=\"527\" src=\"https:\/\/decoluxekitchens.com\/wp-content\/uploads\/2025\/10\/csm_Schueller_ELB_K023_Hauptaufnahme_44c9297400-2-1024x527.jpeg\" class=\"attachment-large size-large wp-image-992094\" alt=\"\" srcset=\"https:\/\/decoluxekitchens.com\/wp-content\/uploads\/2025\/10\/csm_Schueller_ELB_K023_Hauptaufnahme_44c9297400-2-1024x527.jpeg 1024w, https:\/\/decoluxekitchens.com\/wp-content\/uploads\/2025\/10\/csm_Schueller_ELB_K023_Hauptaufnahme_44c9297400-2-300x154.jpeg 300w, https:\/\/decoluxekitchens.com\/wp-content\/uploads\/2025\/10\/csm_Schueller_ELB_K023_Hauptaufnahme_44c9297400-2-768x395.jpeg 768w, https:\/\/decoluxekitchens.com\/wp-content\/uploads\/2025\/10\/csm_Schueller_ELB_K023_Hauptaufnahme_44c9297400-2-1536x790.jpeg 1536w, https:\/\/decoluxekitchens.com\/wp-content\/uploads\/2025\/10\/csm_Schueller_ELB_K023_Hauptaufnahme_44c9297400-2.jpeg 1920w\" sizes=\"(max-width: 1024px) 100vw, 1024px\" \/>\t\t\t\t\t\t\t\t\t\t\t\t\t\t\t\t\t\t\t\t\t\t\t\t<\/div>\n\t\t\t\t\t\t\t\t<\/div>\n\t\t\t\t<\/div>\n\t\t\t\t\t<\/div>\n\t\t\t\t<\/div>\n\t\t<div class=\"elementor-element elementor-element-c620ed7 e-con-full e-flex e-con e-parent\" data-id=\"c620ed7\" data-element_type=\"container\" data-e-type=\"container\">\n\t\t\t\t<div class=\"elementor-element elementor-element-de38eb0 elementor-widget__width-initial elementor-widget elementor-widget-heading\" data-id=\"de38eb0\" data-element_type=\"widget\" data-e-type=\"widget\" data-widget_type=\"heading.default\">\n\t\t\t\t<div class=\"elementor-widget-container\">\n\t\t\t\t\t<h5 class=\"elementor-heading-title elementor-size-default\">La isla de la cocina es perfecta para preparar comidas con amigos y familiares. Tambi\u00e9n puedes sentar a tus invitados en la barra contigua, servirles una copa de vino y charlar mientras cocinas.\n\n<\/h5>\t\t\t\t<\/div>\n\t\t\t\t<\/div>\n\t\t\t\t<\/div>\n\t\t<div class=\"elementor-element elementor-element-dd910ef e-flex e-con-boxed e-con e-parent\" data-id=\"dd910ef\" data-element_type=\"container\" data-e-type=\"container\">\n\t\t\t\t\t<div class=\"e-con-inner\">\n\t\t<div class=\"elementor-element elementor-element-91afaa7 e-con-full e-flex e-con e-child\" data-id=\"91afaa7\" data-element_type=\"container\" data-e-type=\"container\">\n\t\t<div class=\"elementor-element elementor-element-907bcfb e-con-full e-flex e-con e-child\" data-id=\"907bcfb\" data-element_type=\"container\" data-e-type=\"container\">\n\t\t\t\t<div class=\"vamtam-has-theme-widget-styles elementor-element elementor-element-1ab6383 elementor-widget elementor-widget-image\" data-id=\"1ab6383\" data-element_type=\"widget\" data-e-type=\"widget\" data-widget_type=\"image.default\">\n\t\t\t\t<div class=\"elementor-widget-container\">\n\t\t\t\t\t\t\t\t\t<div class=\"elementor-image\">\n\t\t\t\t\t\t\t\t\t\t\t\t\t\t\t\t\t\t\t\t\t<img decoding=\"async\" width=\"1024\" height=\"1024\" data-src=\"https:\/\/decoluxekitchens.com\/wp-content\/uploads\/2025\/10\/csm_Schueller_ELB_K023_Vorratsauszug_Hochschrank_4c084dce60-1024x1024.jpeg\" class=\"attachment-large size-large wp-image-992096 lazyload\" alt=\"\" data-srcset=\"https:\/\/decoluxekitchens.com\/wp-content\/uploads\/2025\/10\/csm_Schueller_ELB_K023_Vorratsauszug_Hochschrank_4c084dce60-1024x1024.jpeg 1024w, https:\/\/decoluxekitchens.com\/wp-content\/uploads\/2025\/10\/csm_Schueller_ELB_K023_Vorratsauszug_Hochschrank_4c084dce60-300x300.jpeg 300w, https:\/\/decoluxekitchens.com\/wp-content\/uploads\/2025\/10\/csm_Schueller_ELB_K023_Vorratsauszug_Hochschrank_4c084dce60-150x150.jpeg 150w, https:\/\/decoluxekitchens.com\/wp-content\/uploads\/2025\/10\/csm_Schueller_ELB_K023_Vorratsauszug_Hochschrank_4c084dce60-768x767.jpeg 768w, https:\/\/decoluxekitchens.com\/wp-content\/uploads\/2025\/10\/csm_Schueller_ELB_K023_Vorratsauszug_Hochschrank_4c084dce60.jpeg 1081w\" data-sizes=\"(max-width: 1024px) 100vw, 1024px\" src=\"data:image\/svg+xml;base64,PHN2ZyB3aWR0aD0iMSIgaGVpZ2h0PSIxIiB4bWxucz0iaHR0cDovL3d3dy53My5vcmcvMjAwMC9zdmciPjwvc3ZnPg==\" style=\"--smush-placeholder-width: 1024px; --smush-placeholder-aspect-ratio: 1024\/1024;\" \/>\t\t\t\t\t\t\t\t\t\t\t\t\t\t\t\t\t\t\t\t\t\t\t\t<\/div>\n\t\t\t\t\t\t\t\t<\/div>\n\t\t\t\t<\/div>\n\t\t\t\t<\/div>\n\t\t<div class=\"elementor-element elementor-element-a2379e5 e-con-full e-flex e-con e-child\" data-id=\"a2379e5\" data-element_type=\"container\" data-e-type=\"container\">\n\t\t\t\t<div class=\"vamtam-has-theme-widget-styles elementor-element elementor-element-8ff229a elementor-widget__width-initial elementor-widget elementor-widget-image\" data-id=\"8ff229a\" data-element_type=\"widget\" data-e-type=\"widget\" data-widget_type=\"image.default\">\n\t\t\t\t<div class=\"elementor-widget-container\">\n\t\t\t\t\t\t\t\t\t<div class=\"elementor-image\">\n\t\t\t\t\t\t\t\t\t\t\t\t\t\t\t\t\t\t\t\t\t<img decoding=\"async\" width=\"630\" height=\"629\" data-src=\"https:\/\/decoluxekitchens.com\/wp-content\/uploads\/2025\/10\/csm_Schueller_ELB_K023_Etagenauszug_Hochschrank_80100e69ad-1.jpeg\" class=\"attachment-large size-large wp-image-992095 lazyload\" alt=\"\" data-srcset=\"https:\/\/decoluxekitchens.com\/wp-content\/uploads\/2025\/10\/csm_Schueller_ELB_K023_Etagenauszug_Hochschrank_80100e69ad-1.jpeg 630w, https:\/\/decoluxekitchens.com\/wp-content\/uploads\/2025\/10\/csm_Schueller_ELB_K023_Etagenauszug_Hochschrank_80100e69ad-1-300x300.jpeg 300w, https:\/\/decoluxekitchens.com\/wp-content\/uploads\/2025\/10\/csm_Schueller_ELB_K023_Etagenauszug_Hochschrank_80100e69ad-1-150x150.jpeg 150w\" data-sizes=\"(max-width: 630px) 100vw, 630px\" src=\"data:image\/svg+xml;base64,PHN2ZyB3aWR0aD0iMSIgaGVpZ2h0PSIxIiB4bWxucz0iaHR0cDovL3d3dy53My5vcmcvMjAwMC9zdmciPjwvc3ZnPg==\" style=\"--smush-placeholder-width: 630px; --smush-placeholder-aspect-ratio: 630\/629;\" \/>\t\t\t\t\t\t\t\t\t\t\t\t\t\t\t\t\t\t\t\t\t\t\t\t<\/div>\n\t\t\t\t\t\t\t\t<\/div>\n\t\t\t\t<\/div>\n\t\t\t\t<\/div>\n\t\t\t\t<\/div>\n\t\t\t\t\t<\/div>\n\t\t\t\t<\/div>\n\t\t<div class=\"elementor-element elementor-element-480c094 e-flex e-con-boxed e-con e-parent\" data-id=\"480c094\" data-element_type=\"container\" data-e-type=\"container\">\n\t\t\t\t\t<div class=\"e-con-inner\">\n\t\t\t\t<div class=\"elementor-element elementor-element-2c6c256 elementor-widget elementor-widget-spacer\" data-id=\"2c6c256\" data-element_type=\"widget\" data-e-type=\"widget\" data-widget_type=\"spacer.default\">\n\t\t\t\t<div class=\"elementor-widget-container\">\n\t\t\t\t\t\t\t<div class=\"elementor-spacer\">\n\t\t\t<div class=\"elementor-spacer-inner\"><\/div>\n\t\t<\/div>\n\t\t\t\t\t\t<\/div>\n\t\t\t\t<\/div>\n\t\t\t\t<div class=\"elementor-element elementor-element-3394784 elementor-widget__width-initial elementor-widget elementor-widget-heading\" data-id=\"3394784\" data-element_type=\"widget\" data-e-type=\"widget\" data-widget_type=\"heading.default\">\n\t\t\t\t<div class=\"elementor-widget-container\">\n\t\t\t\t\t<h5 class=\"elementor-heading-title elementor-size-default\">Gracias al armario alto con despensa extra\u00edble, la cocina tambi\u00e9n resulta atractiva por dentro gracias a su amplio espacio de almacenamiento. El inserto con Flex-Boxes de roble natural garantiza el orden en cajones y gavetas. Los tiradores horizontales y verticales en negro \u00f3nix realzan la serenidad del conjunto. La guinda del pastel la pone la encimera extrafina, del mismo material que la cocina.<\/h5>\t\t\t\t<\/div>\n\t\t\t\t<\/div>\n\t\t\t\t\t<\/div>\n\t\t\t\t<\/div>\n\t\t<div class=\"elementor-element elementor-element-8c88ce7 e-flex e-con-boxed e-con e-parent\" data-id=\"8c88ce7\" data-element_type=\"container\" data-e-type=\"container\">\n\t\t\t\t\t<div class=\"e-con-inner\">\n\t\t<div class=\"elementor-element elementor-element-7ad91ba e-con-full e-flex e-con e-child\" data-id=\"7ad91ba\" data-element_type=\"container\" data-e-type=\"container\">\n\t\t<div class=\"elementor-element elementor-element-62d8dc7 e-con-full e-flex e-con e-child\" data-id=\"62d8dc7\" data-element_type=\"container\" data-e-type=\"container\">\n\t\t\t\t<div class=\"vamtam-has-theme-widget-styles elementor-element elementor-element-3a1a084 elementor-widget elementor-widget-image\" data-id=\"3a1a084\" data-element_type=\"widget\" data-e-type=\"widget\" data-widget_type=\"image.default\">\n\t\t\t\t<div class=\"elementor-widget-container\">\n\t\t\t\t\t\t\t\t\t<div class=\"elementor-image\">\n\t\t\t\t\t\t\t\t\t\t\t\t\t\t\t\t\t\t\t\t\t<img decoding=\"async\" width=\"1024\" height=\"1024\" data-src=\"https:\/\/decoluxekitchens.com\/wp-content\/uploads\/2025\/10\/csm_Schueller_ELB_K023_Gegenschuss_Innen_50e46a0802-1-1024x1024.jpeg\" class=\"attachment-large size-large wp-image-992098 lazyload\" alt=\"\" data-srcset=\"https:\/\/decoluxekitchens.com\/wp-content\/uploads\/2025\/10\/csm_Schueller_ELB_K023_Gegenschuss_Innen_50e46a0802-1-1024x1024.jpeg 1024w, https:\/\/decoluxekitchens.com\/wp-content\/uploads\/2025\/10\/csm_Schueller_ELB_K023_Gegenschuss_Innen_50e46a0802-1-300x300.jpeg 300w, https:\/\/decoluxekitchens.com\/wp-content\/uploads\/2025\/10\/csm_Schueller_ELB_K023_Gegenschuss_Innen_50e46a0802-1-150x150.jpeg 150w, https:\/\/decoluxekitchens.com\/wp-content\/uploads\/2025\/10\/csm_Schueller_ELB_K023_Gegenschuss_Innen_50e46a0802-1-768x768.jpeg 768w, https:\/\/decoluxekitchens.com\/wp-content\/uploads\/2025\/10\/csm_Schueller_ELB_K023_Gegenschuss_Innen_50e46a0802-1.jpeg 1032w\" data-sizes=\"(max-width: 1024px) 100vw, 1024px\" src=\"data:image\/svg+xml;base64,PHN2ZyB3aWR0aD0iMSIgaGVpZ2h0PSIxIiB4bWxucz0iaHR0cDovL3d3dy53My5vcmcvMjAwMC9zdmciPjwvc3ZnPg==\" style=\"--smush-placeholder-width: 1024px; --smush-placeholder-aspect-ratio: 1024\/1024;\" \/>\t\t\t\t\t\t\t\t\t\t\t\t\t\t\t\t\t\t\t\t\t\t\t\t<\/div>\n\t\t\t\t\t\t\t\t<\/div>\n\t\t\t\t<\/div>\n\t\t\t\t<\/div>\n\t\t<div class=\"elementor-element elementor-element-edbc516 e-con-full e-flex e-con e-child\" data-id=\"edbc516\" data-element_type=\"container\" data-e-type=\"container\">\n\t\t\t\t<div class=\"elementor-element elementor-element-405a1c1 elementor-widget__width-initial elementor-widget elementor-widget-heading\" data-id=\"405a1c1\" data-element_type=\"widget\" data-e-type=\"widget\" data-widget_type=\"heading.default\">\n\t\t\t\t<div class=\"elementor-widget-container\">\n\t\t\t\t\t<h5 class=\"elementor-heading-title elementor-size-default\">Uno de los elementos m\u00e1s destacados es el panel empotrado con su jard\u00edn de hierbas integrado. Gracias a la iluminaci\u00f3n, proporciona hierbas frescas durante todo el a\u00f1o, incluso en zonas de poca luz. Adem\u00e1s, el sistema de paneles permite incorporar elementos adicionales. En este caso, una sencilla estanter\u00eda.<\/h5>\t\t\t\t<\/div>\n\t\t\t\t<\/div>\n\t\t\t\t<\/div>\n\t\t\t\t<\/div>\n\t\t\t\t\t<\/div>\n\t\t\t\t<\/div>\n\t\t\t\t<\/div>\n\t\t","protected":false},"excerpt":{"rendered":"<p>No two kitchens are the same. Be inspired by our different styles, colours and room layouts. Get ideas for your dream kitchen. <\/p>\n","protected":false},"author":4,"featured_media":989066,"parent":990499,"menu_order":0,"comment_status":"closed","ping_status":"closed","template":"elementor_header_footer","meta":{"footnotes":""},"class_list":["post-992090","page","type-page","status-publish","has-post-thumbnail","hentry"],"_links":{"self":[{"href":"https:\/\/decoluxekitchens.com\/es\/wp-json\/wp\/v2\/pages\/992090","targetHints":{"allow":["GET"]}}],"collection":[{"href":"https:\/\/decoluxekitchens.com\/es\/wp-json\/wp\/v2\/pages"}],"about":[{"href":"https:\/\/decoluxekitchens.com\/es\/wp-json\/wp\/v2\/types\/page"}],"author":[{"embeddable":true,"href":"https:\/\/decoluxekitchens.com\/es\/wp-json\/wp\/v2\/users\/4"}],"replies":[{"embeddable":true,"href":"https:\/\/decoluxekitchens.com\/es\/wp-json\/wp\/v2\/comments?post=992090"}],"version-history":[{"count":17,"href":"https:\/\/decoluxekitchens.com\/es\/wp-json\/wp\/v2\/pages\/992090\/revisions"}],"predecessor-version":[{"id":1001407,"href":"https:\/\/decoluxekitchens.com\/es\/wp-json\/wp\/v2\/pages\/992090\/revisions\/1001407"}],"up":[{"embeddable":true,"href":"https:\/\/decoluxekitchens.com\/es\/wp-json\/wp\/v2\/pages\/990499"}],"wp:featuredmedia":[{"embeddable":true,"href":"https:\/\/decoluxekitchens.com\/es\/wp-json\/wp\/v2\/media\/989066"}],"wp:attachment":[{"href":"https:\/\/decoluxekitchens.com\/es\/wp-json\/wp\/v2\/media?parent=992090"}],"curies":[{"name":"wp","href":"https:\/\/api.w.org\/{rel}","templated":true}]}}