{"id":999748,"date":"2025-12-19T08:59:50","date_gmt":"2025-12-19T08:59:50","guid":{"rendered":"https:\/\/decoluxekitchens.com\/?page_id=999748"},"modified":"2026-01-13T08:45:46","modified_gmt":"2026-01-13T08:45:46","slug":"profesional-1","status":"publish","type":"page","link":"https:\/\/decoluxekitchens.com\/es\/testimonios\/profesional-1\/","title":{"rendered":"profesional 1"},"content":{"rendered":"\t\t<div data-elementor-type=\"wp-page\" data-elementor-id=\"999748\" class=\"elementor elementor-999748\" data-elementor-post-type=\"page\">\n\t\t\t\t<div class=\"elementor-element elementor-element-e221b93 e-flex e-con-boxed e-con e-child\" data-id=\"e221b93\" data-element_type=\"container\" data-e-type=\"container\" data-settings=\"{&quot;background_background&quot;:&quot;classic&quot;}\">\n\t\t\t\t\t<div class=\"e-con-inner\">\n\t\t<div class=\"elementor-element elementor-element-e35ced3 e-flex e-con-boxed e-con e-child\" data-id=\"e35ced3\" data-element_type=\"container\" data-e-type=\"container\">\n\t\t\t\t\t<div class=\"e-con-inner\">\n\t\t\t\t<div class=\"elementor-element elementor-element-c682218 elementor-widget elementor-widget-heading\" data-id=\"c682218\" data-element_type=\"widget\" data-e-type=\"widget\" data-widget_type=\"heading.default\">\n\t\t\t\t<div class=\"elementor-widget-container\">\n\t\t\t\t\t<h2 class=\"elementor-heading-title elementor-size-default\">Cocinas que se viven y se cuentan.<\/h2>\t\t\t\t<\/div>\n\t\t\t\t<\/div>\n\t\t\t\t\t<\/div>\n\t\t\t\t<\/div>\n\t\t\t\t\t<\/div>\n\t\t\t\t<\/div>\n\t\t<div class=\"elementor-element elementor-element-0ac4323 e-flex e-con-boxed e-con e-parent\" data-id=\"0ac4323\" data-element_type=\"container\" data-e-type=\"container\">\n\t\t\t\t\t<div class=\"e-con-inner\">\n\t\t\t\t<div class=\"elementor-element elementor-element-da94527 elementor-widget elementor-widget-spacer\" data-id=\"da94527\" data-element_type=\"widget\" data-e-type=\"widget\" data-widget_type=\"spacer.default\">\n\t\t\t\t<div class=\"elementor-widget-container\">\n\t\t\t\t\t\t\t<div class=\"elementor-spacer\">\n\t\t\t<div class=\"elementor-spacer-inner\"><\/div>\n\t\t<\/div>\n\t\t\t\t\t\t<\/div>\n\t\t\t\t<\/div>\n\t\t\t\t\t<\/div>\n\t\t\t\t<\/div>\n\t\t<div class=\"elementor-element elementor-element-2e39585 e-flex e-con-boxed e-con e-parent\" data-id=\"2e39585\" data-element_type=\"container\" data-e-type=\"container\">\n\t\t\t\t\t<div class=\"e-con-inner\">\n\t\t\t\t<div class=\"elementor-element elementor-element-3bd0ef9 elementor-widget elementor-widget-spacer\" data-id=\"3bd0ef9\" data-element_type=\"widget\" data-e-type=\"widget\" data-widget_type=\"spacer.default\">\n\t\t\t\t<div class=\"elementor-widget-container\">\n\t\t\t\t\t\t\t<div class=\"elementor-spacer\">\n\t\t\t<div class=\"elementor-spacer-inner\"><\/div>\n\t\t<\/div>\n\t\t\t\t\t\t<\/div>\n\t\t\t\t<\/div>\n\t\t<div class=\"elementor-element elementor-element-a301a96 e-con-full e-flex e-con e-child\" data-id=\"a301a96\" data-element_type=\"container\" data-e-type=\"container\">\n\t\t\t\t<div class=\"elementor-element elementor-element-d5ddbe9 elementor-widget__width-initial elementor-widget elementor-widget-shortcode\" data-id=\"d5ddbe9\" data-element_type=\"widget\" data-e-type=\"widget\" data-widget_type=\"shortcode.default\">\n\t\t\t\t<div class=\"elementor-widget-container\">\n\t\t\t\t\t\t\t<div class=\"elementor-shortcode\"><nav aria-label=\"breadcrumbs\" class=\"rank-math-breadcrumb\"><p><span class=\"last\">Inicio<\/span><\/p><\/nav><\/div>\n\t\t\t\t\t\t<\/div>\n\t\t\t\t<\/div>\n\t\t\t\t<\/div>\n\t\t\t\t\t<\/div>\n\t\t\t\t<\/div>\n\t\t<div class=\"elementor-element elementor-element-4a9417f e-flex e-con-boxed e-con e-parent\" data-id=\"4a9417f\" data-element_type=\"container\" data-e-type=\"container\">\n\t\t\t\t\t<div class=\"e-con-inner\">\n\t\t<div class=\"elementor-element elementor-element-4b397cc e-con-full e-flex e-con e-child\" data-id=\"4b397cc\" data-element_type=\"container\" data-e-type=\"container\">\n\t\t\t\t<div class=\"elementor-element elementor-element-fe1737f elementor-widget elementor-widget-heading\" data-id=\"fe1737f\" data-element_type=\"widget\" data-e-type=\"widget\" data-widget_type=\"heading.default\">\n\t\t\t\t<div class=\"elementor-widget-container\">\n\t\t\t\t\t<h1 class=\"elementor-heading-title elementor-size-default\">Esto dicen de nosotros<\/h1>\t\t\t\t<\/div>\n\t\t\t\t<\/div>\n\t\t\t\t<div class=\"elementor-element elementor-element-b3e9600 elementor-widget elementor-widget-spacer\" data-id=\"b3e9600\" data-element_type=\"widget\" data-e-type=\"widget\" data-widget_type=\"spacer.default\">\n\t\t\t\t<div class=\"elementor-widget-container\">\n\t\t\t\t\t\t\t<div class=\"elementor-spacer\">\n\t\t\t<div class=\"elementor-spacer-inner\"><\/div>\n\t\t<\/div>\n\t\t\t\t\t\t<\/div>\n\t\t\t\t<\/div>\n\t\t\t\t<\/div>\n\t\t\t\t\t<\/div>\n\t\t\t\t<\/div>\n\t\t<div class=\"elementor-element elementor-element-2ed19f5 e-flex e-con-boxed e-con e-parent\" data-id=\"2ed19f5\" data-element_type=\"container\" data-e-type=\"container\">\n\t\t\t\t\t<div class=\"e-con-inner\">\n\t\t<div class=\"elementor-element elementor-element-70a8ded e-con-full e-flex e-con e-child\" data-id=\"70a8ded\" data-element_type=\"container\" data-e-type=\"container\">\n\t\t\t\t<div class=\"elementor-element elementor-element-01f7ecb elementor-view-default elementor-widget elementor-widget-icon\" data-id=\"01f7ecb\" data-element_type=\"widget\" data-e-type=\"widget\" data-widget_type=\"icon.default\">\n\t\t\t\t<div class=\"elementor-widget-container\">\n\t\t\t\t\t\t\t<div class=\"elementor-icon-wrapper\">\n\t\t\t<div class=\"elementor-icon\">\n\t\t\t<i aria-hidden=\"true\" class=\"fas fa-info\"><\/i>\t\t\t<\/div>\n\t\t<\/div>\n\t\t\t\t\t\t<\/div>\n\t\t\t\t<\/div>\n\t\t\t\t<div class=\"elementor-element elementor-element-5dc5705 elementor-widget elementor-widget-heading\" data-id=\"5dc5705\" data-element_type=\"widget\" data-e-type=\"widget\" data-widget_type=\"heading.default\">\n\t\t\t\t<div class=\"elementor-widget-container\">\n\t\t\t\t\t<span class=\"elementor-heading-title elementor-size-default\"><b>Valoramos tu privacidad.<\/b> <\/br>\nComo compromiso de calidad queremos compartir contigo opiniones de clientes. Sin embargo, hemos anonimizado algunos datos personales para proteger su identidad real.<\/span>\t\t\t\t<\/div>\n\t\t\t\t<\/div>\n\t\t\t\t<div class=\"elementor-element elementor-element-6c5c1e6 elementor-widget elementor-widget-spacer\" data-id=\"6c5c1e6\" data-element_type=\"widget\" data-e-type=\"widget\" data-widget_type=\"spacer.default\">\n\t\t\t\t<div class=\"elementor-widget-container\">\n\t\t\t\t\t\t\t<div class=\"elementor-spacer\">\n\t\t\t<div class=\"elementor-spacer-inner\"><\/div>\n\t\t<\/div>\n\t\t\t\t\t\t<\/div>\n\t\t\t\t<\/div>\n\t\t\t\t<\/div>\n\t\t\t\t\t<\/div>\n\t\t\t\t<\/div>\n\t\t<div class=\"elementor-element elementor-element-9fa6172 e-flex e-con-boxed e-con e-parent\" data-id=\"9fa6172\" data-element_type=\"container\" data-e-type=\"container\">\n\t\t\t\t\t<div class=\"e-con-inner\">\n\t\t<div class=\"elementor-element elementor-element-8c62c6f e-con-full e-flex e-con e-child\" data-id=\"8c62c6f\" data-element_type=\"container\" data-e-type=\"container\">\n\t\t\t\t<div class=\"elementor-element elementor-element-196a3ac elementor-widget elementor-widget-spacer\" data-id=\"196a3ac\" data-element_type=\"widget\" data-e-type=\"widget\" data-widget_type=\"spacer.default\">\n\t\t\t\t<div class=\"elementor-widget-container\">\n\t\t\t\t\t\t\t<div class=\"elementor-spacer\">\n\t\t\t<div class=\"elementor-spacer-inner\"><\/div>\n\t\t<\/div>\n\t\t\t\t\t\t<\/div>\n\t\t\t\t<\/div>\n\t\t\t\t<div class=\"elementor-element elementor-element-76bfe7d elementor-widget elementor-widget-heading\" data-id=\"76bfe7d\" data-element_type=\"widget\" data-e-type=\"widget\" data-widget_type=\"heading.default\">\n\t\t\t\t<div class=\"elementor-widget-container\">\n\t\t\t\t\t<h2 class=\"elementor-heading-title elementor-size-default\">An\u00f3nimo profesional<\/h2>\t\t\t\t<\/div>\n\t\t\t\t<\/div>\n\t\t\t\t<div class=\"elementor-element elementor-element-d5a90e4 elementor-widget elementor-widget-heading\" data-id=\"d5a90e4\" data-element_type=\"widget\" data-e-type=\"widget\" data-widget_type=\"heading.default\">\n\t\t\t\t<div class=\"elementor-widget-container\">\n\t\t\t\t\t<h3 class=\"elementor-heading-title elementor-size-default\">Profesional  \u00b7 Arquitecto \/ Interiorista<\/h3>\t\t\t\t<\/div>\n\t\t\t\t<\/div>\n\t\t\t\t<div class=\"elementor-element elementor-element-0fa8d35 elementor-widget elementor-widget-text-editor\" data-id=\"0fa8d35\" data-element_type=\"widget\" data-e-type=\"widget\" data-widget_type=\"text-editor.default\">\n\t\t\t\t<div class=\"elementor-widget-container\">\n\t\t\t\t\t\t\t\t\t<p data-start=\"1448\" data-end=\"1701\">Como profesional del sector, valoro especialmente trabajar con empresas que cumplan plazos, ofrezcan soluciones t\u00e9cnicas y mantengan una comunicaci\u00f3n fluida. En nuestro primer proyecto conjunto con Decoluxe Kitchens, la experiencia ha sido muy positiva.<\/p><p data-start=\"1703\" data-end=\"1986\">Desde la fase inicial del dise\u00f1o, el equipo entendi\u00f3 perfectamente las necesidades del proyecto y del cliente final, aportando soluciones pr\u00e1cticas sin renunciar al dise\u00f1o. La coordinaci\u00f3n con otros gremios fue sencilla y eficaz, lo que facilit\u00f3 enormemente el desarrollo de la obra.<\/p><p data-start=\"1988\" data-end=\"2223\">La calidad de las cocinas, los herrajes y los electrodom\u00e9sticos es excelente, y el resultado final encaja perfectamente con el nivel del proyecto. Adem\u00e1s, el cliente qued\u00f3 muy satisfecho tanto con el dise\u00f1o como con el resultado final.<\/p><p data-start=\"2225\" data-end=\"2388\">Sin duda, Decoluxe Kitchens se ha convertido en un colaborador de confianza para futuros proyectos, tanto por su profesionalidad como por la calidad de su trabajo.<\/p>\t\t\t\t\t\t\t\t<\/div>\n\t\t\t\t<\/div>\n\t\t\t\t<div class=\"elementor-element elementor-element-4575b73 elementor-view-default elementor-widget elementor-widget-icon\" data-id=\"4575b73\" data-element_type=\"widget\" data-e-type=\"widget\" data-widget_type=\"icon.default\">\n\t\t\t\t<div class=\"elementor-widget-container\">\n\t\t\t\t\t\t\t<div class=\"elementor-icon-wrapper\">\n\t\t\t<div class=\"elementor-icon\">\n\t\t\t<i aria-hidden=\"true\" class=\"fas fa-thumbs-up\"><\/i>\t\t\t<\/div>\n\t\t<\/div>\n\t\t\t\t\t\t<\/div>\n\t\t\t\t<\/div>\n\t\t\t\t<div class=\"elementor-element elementor-element-97f0ddb elementor-widget elementor-widget-spacer\" data-id=\"97f0ddb\" data-element_type=\"widget\" data-e-type=\"widget\" data-widget_type=\"spacer.default\">\n\t\t\t\t<div class=\"elementor-widget-container\">\n\t\t\t\t\t\t\t<div class=\"elementor-spacer\">\n\t\t\t<div class=\"elementor-spacer-inner\"><\/div>\n\t\t<\/div>\n\t\t\t\t\t\t<\/div>\n\t\t\t\t<\/div>\n\t\t\t\t<\/div>\n\t\t\t\t\t<\/div>\n\t\t\t\t<\/div>\n\t\t\t\t<\/div>\n\t\t","protected":false},"excerpt":{"rendered":"<p>Cocinas que se viven y se cuentan. Esto dicen de nosotros Valoramos tu privacidad. Como compromiso de calidad queremos compartir contigo opiniones de clientes. Sin embargo, hemos anonimizado algunos datos personales para proteger su identidad real. An\u00f3nimo profesional Profesional \u00b7 Arquitecto \/ Interiorista Como profesional del sector, valoro especialmente trabajar con empresas que cumplan plazos,&#8230;<\/p>\n","protected":false},"author":4,"featured_media":0,"parent":998679,"menu_order":0,"comment_status":"closed","ping_status":"closed","template":"elementor_header_footer","meta":{"footnotes":""},"class_list":["post-999748","page","type-page","status-publish","hentry"],"_links":{"self":[{"href":"https:\/\/decoluxekitchens.com\/es\/wp-json\/wp\/v2\/pages\/999748","targetHints":{"allow":["GET"]}}],"collection":[{"href":"https:\/\/decoluxekitchens.com\/es\/wp-json\/wp\/v2\/pages"}],"about":[{"href":"https:\/\/decoluxekitchens.com\/es\/wp-json\/wp\/v2\/types\/page"}],"author":[{"embeddable":true,"href":"https:\/\/decoluxekitchens.com\/es\/wp-json\/wp\/v2\/users\/4"}],"replies":[{"embeddable":true,"href":"https:\/\/decoluxekitchens.com\/es\/wp-json\/wp\/v2\/comments?post=999748"}],"version-history":[{"count":16,"href":"https:\/\/decoluxekitchens.com\/es\/wp-json\/wp\/v2\/pages\/999748\/revisions"}],"predecessor-version":[{"id":1001078,"href":"https:\/\/decoluxekitchens.com\/es\/wp-json\/wp\/v2\/pages\/999748\/revisions\/1001078"}],"up":[{"embeddable":true,"href":"https:\/\/decoluxekitchens.com\/es\/wp-json\/wp\/v2\/pages\/998679"}],"wp:attachment":[{"href":"https:\/\/decoluxekitchens.com\/es\/wp-json\/wp\/v2\/media?parent=999748"}],"curies":[{"name":"wp","href":"https:\/\/api.w.org\/{rel}","templated":true}]}}